{"id":11366,"date":"2023-08-03T12:55:20","date_gmt":"2023-08-03T12:55:20","guid":{"rendered":"https:\/\/ottawaheart.s2.whc.webmarketersdev.ca\/privacy-policy\/"},"modified":"2023-09-15T18:59:59","modified_gmt":"2023-09-15T18:59:59","slug":"politique-des-reseignements-personnels","status":"publish","type":"page","link":"https:\/\/foundation.ottawaheart.ca\/fr\/politique-des-reseignements-personnels\/","title":{"rendered":"Politique des reseignements personnels"},"content":{"rendered":"\t\t<div data-elementor-type=\"wp-page\" data-elementor-id=\"11366\" class=\"elementor elementor-11366 elementor-9743\" data-elementor-post-type=\"page\">\n\t\t\t\t\t\t<section class=\"elementor-section elementor-top-section elementor-element elementor-element-2d4da7d elementor-section-full_width p-lr  pb-50 pt-50 elementor-section-height-default elementor-section-height-default\" data-id=\"2d4da7d\" data-element_type=\"section\" data-e-type=\"section\" data-settings=\"{&quot;background_background&quot;:&quot;classic&quot;}\">\n\t\t\t\t\t\t<div class=\"elementor-container elementor-column-gap-default\">\n\t\t\t\t\t<div class=\"elementor-column elementor-col-100 elementor-top-column elementor-element elementor-element-c1ff9bd\" data-id=\"c1ff9bd\" data-element_type=\"column\" data-e-type=\"column\">\n\t\t\t<div class=\"elementor-widget-wrap elementor-element-populated\">\n\t\t\t\t\t\t<section class=\"elementor-section elementor-inner-section elementor-element elementor-element-ae7b4e8 elementor-section-boxed elementor-section-height-default elementor-section-height-default\" data-id=\"ae7b4e8\" data-element_type=\"section\" data-e-type=\"section\">\n\t\t\t\t\t\t<div class=\"elementor-container elementor-column-gap-default\">\n\t\t\t\t\t<div class=\"elementor-column elementor-col-100 elementor-inner-column elementor-element elementor-element-ba300da\" data-id=\"ba300da\" data-element_type=\"column\" data-e-type=\"column\">\n\t\t\t<div class=\"elementor-widget-wrap elementor-element-populated\">\n\t\t\t\t\t\t<div class=\"elementor-element elementor-element-18116a1 elementor-widget elementor-widget-heading\" data-id=\"18116a1\" data-element_type=\"widget\" data-e-type=\"widget\" data-widget_type=\"heading.default\">\n\t\t\t\t<div class=\"elementor-widget-container\">\n\t\t\t\t\t<h1 class=\"elementor-heading-title elementor-size-default\">Politique des reseignements personnels<\/h1>\t\t\t\t<\/div>\n\t\t\t\t<\/div>\n\t\t\t\t\t<\/div>\n\t\t<\/div>\n\t\t\t\t\t<\/div>\n\t\t<\/section>\n\t\t\t\t\t<\/div>\n\t\t<\/div>\n\t\t\t\t\t<\/div>\n\t\t<\/section>\n\t\t\t\t<section class=\"elementor-section elementor-top-section elementor-element elementor-element-620f3be elementor-section-full_width pb-130 elementor-section-height-default elementor-section-height-default\" data-id=\"620f3be\" data-element_type=\"section\" data-e-type=\"section\">\n\t\t\t\t\t\t<div class=\"elementor-container elementor-column-gap-default\">\n\t\t\t\t\t<div class=\"elementor-column elementor-col-100 elementor-top-column elementor-element elementor-element-f970622\" data-id=\"f970622\" data-element_type=\"column\" data-e-type=\"column\">\n\t\t\t<div class=\"elementor-widget-wrap elementor-element-populated\">\n\t\t\t\t\t\t<section class=\"elementor-section elementor-inner-section elementor-element elementor-element-0329245 pt-110  p-lr elementor-section-content-middle elementor-section-boxed elementor-section-height-default elementor-section-height-default\" data-id=\"0329245\" data-element_type=\"section\" data-e-type=\"section\">\n\t\t\t\t\t\t<div class=\"elementor-container elementor-column-gap-default\">\n\t\t\t\t\t<div class=\"elementor-column elementor-col-100 elementor-inner-column elementor-element elementor-element-cc2e575  \" data-id=\"cc2e575\" data-element_type=\"column\" data-e-type=\"column\">\n\t\t\t<div class=\"elementor-widget-wrap elementor-element-populated\">\n\t\t\t\t\t\t<div class=\"elementor-element elementor-element-b6248a9  fnt-22 elementor-widget elementor-widget-text-editor\" data-id=\"b6248a9\" data-element_type=\"widget\" data-e-type=\"widget\" data-widget_type=\"text-editor.default\">\n\t\t\t\t<div class=\"elementor-widget-container\">\n\t\t\t\t\t\t\t\t\t<p>La Fondation de l\u2019Institut de cardiologie de l\u2019Universit\u00e9 d\u2019Ottawa prend la protection des renseignements personnels et la s\u00e9curit\u00e9 au s\u00e9rieux. Pour pr\u00e9venir tout acc\u00e8s non autoris\u00e9, assurer l\u2019exactitude des donn\u00e9es et garantir une utilisation appropri\u00e9e des renseignements, nous avons mis en place des dispositifs de s\u00e9curit\u00e9 physiques et \u00e9lectroniques et des proc\u00e9dures de gestion visant \u00e0 prot\u00e9ger les renseignements que vous nous transmettez en ligne.<\/p><p>Toutes les transactions, y compris les dons et les achats, sont effectu\u00e9es \u00e0 l\u2019aide de syst\u00e8mes s\u00e9curis\u00e9s. Les renseignements personnels ne sont en aucun cas communiqu\u00e9s ou vendus \u00e0 des organismes externes.<\/p><p>Si vous d\u00e9sirez que votre nom soit retir\u00e9 d\u2019une de nos listes, pour formuler une question ou un commentaire,\u00a0<a href=\"mailto:foundation@ottawaheart.ca?subject=Please%20remove%20me%20off%20your%20mailing%20lists\">veuillez communiquer avec nous.<\/a><br \/>T\u00e9l\u00e9phone: 613-696-7030<\/p><p>Si vous d\u00e9sirez voir la protection des rensignements personnels de l\u2019Insitut de cardiologie de l\u2019Universit\u00e9 d\u2019Ottawa,\u00a0<a href=\"https:\/\/foundation.ottawaheart.ca\/fr\/privacy-policy\/\">s\u2019il vous plait cliquer ici<\/a>.<\/p>\t\t\t\t\t\t\t\t<\/div>\n\t\t\t\t<\/div>\n\t\t\t\t\t<\/div>\n\t\t<\/div>\n\t\t\t\t\t<\/div>\n\t\t<\/section>\n\t\t\t\t\t<\/div>\n\t\t<\/div>\n\t\t\t\t\t<\/div>\n\t\t<\/section>\n\t\t\t\t<\/div>\n\t\t","protected":false},"excerpt":{"rendered":"<p>La Fondation de l\u2019Institut de cardiologie de l\u2019Universit\u00e9 d\u2019Ottawa prend la protection des renseignements personnels et la s\u00e9curit\u00e9 au s\u00e9rieux. Pour pr\u00e9venir tout acc\u00e8s non autoris\u00e9, assurer l\u2019exactitude des donn\u00e9es [&hellip;]<\/p>\n","protected":false},"author":2,"featured_media":0,"parent":0,"menu_order":0,"comment_status":"closed","ping_status":"closed","template":"","meta":{"_acf_changed":false,"footnotes":""},"class_list":["post-11366","page","type-page","status-publish","hentry"],"acf":[],"yoast_head":"<!-- This site is optimized with the Yoast SEO Premium plugin v22.2 (Yoast SEO v27.0) - https:\/\/yoast.com\/product\/yoast-seo-premium-wordpress\/ -->\n<title>Politique des reseignements personnels | University of Ottawa Heart Institute Foundation<\/title>\n<meta name=\"description\" content=\"Our Privacy Matters: Discover How We Safeguard Your Data. Secure Transactions, No Sharing. Contact Us for Inquiries or Removal from Lists.\" \/>\n<meta name=\"robots\" content=\"index, follow, max-snippet:-1, max-image-preview:large, max-video-preview:-1\" \/>\n<link rel=\"canonical\" href=\"https:\/\/foundation.ottawaheart.ca\/privacy-policy\/\" \/>\n<meta property=\"og:locale\" content=\"fr_FR\" \/>\n<meta property=\"og:type\" content=\"article\" \/>\n<meta property=\"og:title\" content=\"Politique des reseignements personnels\" \/>\n<meta property=\"og:description\" content=\"Our Privacy Matters: Discover How We Safeguard Your Data. Secure Transactions, No Sharing. Contact Us for Inquiries or Removal from Lists.\" \/>\n<meta property=\"og:url\" content=\"https:\/\/foundation.ottawaheart.ca\/privacy-policy\/\" \/>\n<meta property=\"og:site_name\" content=\"uOttawa - Heart Institute\" \/>\n<meta property=\"article:publisher\" content=\"https:\/\/www.facebook.com\/heartinstitutefoundation\/\" \/>\n<meta property=\"article:modified_time\" content=\"2023-09-15T18:59:59+00:00\" \/>\n<meta name=\"twitter:card\" content=\"summary_large_image\" \/>\n<meta name=\"twitter:site\" content=\"@HeartFDN\" \/>\n<meta name=\"twitter:label1\" content=\"Dur\u00e9e de lecture estim\u00e9e\" \/>\n\t<meta name=\"twitter:data1\" content=\"1 minute\" \/>\n<script type=\"application\/ld+json\" class=\"yoast-schema-graph\">{\"@context\":\"https:\/\/schema.org\",\"@graph\":[{\"@type\":\"WebPage\",\"@id\":\"https:\/\/foundation.ottawaheart.ca\/privacy-policy\/\",\"url\":\"https:\/\/foundation.ottawaheart.ca\/privacy-policy\/\",\"name\":\"Politique des reseignements personnels | University of Ottawa Heart Institute Foundation\",\"isPartOf\":{\"@id\":\"https:\/\/foundation.ottawaheart.ca\/#website\"},\"datePublished\":\"2023-08-03T12:55:20+00:00\",\"dateModified\":\"2023-09-15T18:59:59+00:00\",\"description\":\"Our Privacy Matters: Discover How We Safeguard Your Data. Secure Transactions, No Sharing. Contact Us for Inquiries or Removal from Lists.\",\"breadcrumb\":{\"@id\":\"https:\/\/foundation.ottawaheart.ca\/privacy-policy\/#breadcrumb\"},\"inLanguage\":\"fr-FR\",\"potentialAction\":[{\"@type\":\"ReadAction\",\"target\":[\"https:\/\/foundation.ottawaheart.ca\/privacy-policy\/\"]}]},{\"@type\":\"BreadcrumbList\",\"@id\":\"https:\/\/foundation.ottawaheart.ca\/privacy-policy\/#breadcrumb\",\"itemListElement\":[{\"@type\":\"ListItem\",\"position\":1,\"name\":\"Home\",\"item\":\"https:\/\/foundation.ottawaheart.ca\/fr\/\"},{\"@type\":\"ListItem\",\"position\":2,\"name\":\"Politique des reseignements personnels\"}]},{\"@type\":\"WebSite\",\"@id\":\"https:\/\/foundation.ottawaheart.ca\/#website\",\"url\":\"https:\/\/foundation.ottawaheart.ca\/\",\"name\":\"uOttawa - Heart Institute\",\"description\":\"\",\"publisher\":{\"@id\":\"https:\/\/foundation.ottawaheart.ca\/#organization\"},\"potentialAction\":[{\"@type\":\"SearchAction\",\"target\":{\"@type\":\"EntryPoint\",\"urlTemplate\":\"https:\/\/foundation.ottawaheart.ca\/?s={search_term_string}\"},\"query-input\":{\"@type\":\"PropertyValueSpecification\",\"valueRequired\":true,\"valueName\":\"search_term_string\"}}],\"inLanguage\":\"fr-FR\"},{\"@type\":\"Organization\",\"@id\":\"https:\/\/foundation.ottawaheart.ca\/#organization\",\"name\":\"uOttawa - Heart Institute\",\"url\":\"https:\/\/foundation.ottawaheart.ca\/\",\"logo\":{\"@type\":\"ImageObject\",\"inLanguage\":\"fr-FR\",\"@id\":\"https:\/\/foundation.ottawaheart.ca\/#\/schema\/logo\/image\/\",\"url\":\"https:\/\/foundation.ottawaheart.ca\/wp-content\/uploads\/2023\/07\/logo-3.png\",\"contentUrl\":\"https:\/\/foundation.ottawaheart.ca\/wp-content\/uploads\/2023\/07\/logo-3.png\",\"width\":385,\"height\":84,\"caption\":\"uOttawa - Heart Institute\"},\"image\":{\"@id\":\"https:\/\/foundation.ottawaheart.ca\/#\/schema\/logo\/image\/\"},\"sameAs\":[\"https:\/\/www.facebook.com\/heartinstitutefoundation\/\",\"https:\/\/x.com\/HeartFDN\",\"https:\/\/www.instagram.com\/heartinstitutefoundation\/\",\"https:\/\/www.linkedin.com\/company\/the-university-of-ottawa-heart-institute-foundation\"]}]}<\/script>\n<!-- \/ Yoast SEO Premium plugin. -->","yoast_head_json":{"title":"Politique des reseignements personnels | University of Ottawa Heart Institute Foundation","description":"Our Privacy Matters: Discover How We Safeguard Your Data. Secure Transactions, No Sharing. Contact Us for Inquiries or Removal from Lists.","robots":{"index":"index","follow":"follow","max-snippet":"max-snippet:-1","max-image-preview":"max-image-preview:large","max-video-preview":"max-video-preview:-1"},"canonical":"https:\/\/foundation.ottawaheart.ca\/privacy-policy\/","og_locale":"fr_FR","og_type":"article","og_title":"Politique des reseignements personnels","og_description":"Our Privacy Matters: Discover How We Safeguard Your Data. Secure Transactions, No Sharing. Contact Us for Inquiries or Removal from Lists.","og_url":"https:\/\/foundation.ottawaheart.ca\/privacy-policy\/","og_site_name":"uOttawa - Heart Institute","article_publisher":"https:\/\/www.facebook.com\/heartinstitutefoundation\/","article_modified_time":"2023-09-15T18:59:59+00:00","twitter_card":"summary_large_image","twitter_site":"@HeartFDN","twitter_misc":{"Dur\u00e9e de lecture estim\u00e9e":"1 minute"},"schema":{"@context":"https:\/\/schema.org","@graph":[{"@type":"WebPage","@id":"https:\/\/foundation.ottawaheart.ca\/privacy-policy\/","url":"https:\/\/foundation.ottawaheart.ca\/privacy-policy\/","name":"Politique des reseignements personnels | University of Ottawa Heart Institute Foundation","isPartOf":{"@id":"https:\/\/foundation.ottawaheart.ca\/#website"},"datePublished":"2023-08-03T12:55:20+00:00","dateModified":"2023-09-15T18:59:59+00:00","description":"Our Privacy Matters: Discover How We Safeguard Your Data. Secure Transactions, No Sharing. Contact Us for Inquiries or Removal from Lists.","breadcrumb":{"@id":"https:\/\/foundation.ottawaheart.ca\/privacy-policy\/#breadcrumb"},"inLanguage":"fr-FR","potentialAction":[{"@type":"ReadAction","target":["https:\/\/foundation.ottawaheart.ca\/privacy-policy\/"]}]},{"@type":"BreadcrumbList","@id":"https:\/\/foundation.ottawaheart.ca\/privacy-policy\/#breadcrumb","itemListElement":[{"@type":"ListItem","position":1,"name":"Home","item":"https:\/\/foundation.ottawaheart.ca\/fr\/"},{"@type":"ListItem","position":2,"name":"Politique des reseignements personnels"}]},{"@type":"WebSite","@id":"https:\/\/foundation.ottawaheart.ca\/#website","url":"https:\/\/foundation.ottawaheart.ca\/","name":"uOttawa - Heart Institute","description":"","publisher":{"@id":"https:\/\/foundation.ottawaheart.ca\/#organization"},"potentialAction":[{"@type":"SearchAction","target":{"@type":"EntryPoint","urlTemplate":"https:\/\/foundation.ottawaheart.ca\/?s={search_term_string}"},"query-input":{"@type":"PropertyValueSpecification","valueRequired":true,"valueName":"search_term_string"}}],"inLanguage":"fr-FR"},{"@type":"Organization","@id":"https:\/\/foundation.ottawaheart.ca\/#organization","name":"uOttawa - Heart Institute","url":"https:\/\/foundation.ottawaheart.ca\/","logo":{"@type":"ImageObject","inLanguage":"fr-FR","@id":"https:\/\/foundation.ottawaheart.ca\/#\/schema\/logo\/image\/","url":"https:\/\/foundation.ottawaheart.ca\/wp-content\/uploads\/2023\/07\/logo-3.png","contentUrl":"https:\/\/foundation.ottawaheart.ca\/wp-content\/uploads\/2023\/07\/logo-3.png","width":385,"height":84,"caption":"uOttawa - Heart Institute"},"image":{"@id":"https:\/\/foundation.ottawaheart.ca\/#\/schema\/logo\/image\/"},"sameAs":["https:\/\/www.facebook.com\/heartinstitutefoundation\/","https:\/\/x.com\/HeartFDN","https:\/\/www.instagram.com\/heartinstitutefoundation\/","https:\/\/www.linkedin.com\/company\/the-university-of-ottawa-heart-institute-foundation"]}]}},"_links":{"self":[{"href":"https:\/\/foundation.ottawaheart.ca\/fr\/wp-json\/wp\/v2\/pages\/11366","targetHints":{"allow":["GET"]}}],"collection":[{"href":"https:\/\/foundation.ottawaheart.ca\/fr\/wp-json\/wp\/v2\/pages"}],"about":[{"href":"https:\/\/foundation.ottawaheart.ca\/fr\/wp-json\/wp\/v2\/types\/page"}],"author":[{"embeddable":true,"href":"https:\/\/foundation.ottawaheart.ca\/fr\/wp-json\/wp\/v2\/users\/2"}],"replies":[{"embeddable":true,"href":"https:\/\/foundation.ottawaheart.ca\/fr\/wp-json\/wp\/v2\/comments?post=11366"}],"version-history":[{"count":4,"href":"https:\/\/foundation.ottawaheart.ca\/fr\/wp-json\/wp\/v2\/pages\/11366\/revisions"}],"predecessor-version":[{"id":12063,"href":"https:\/\/foundation.ottawaheart.ca\/fr\/wp-json\/wp\/v2\/pages\/11366\/revisions\/12063"}],"wp:attachment":[{"href":"https:\/\/foundation.ottawaheart.ca\/fr\/wp-json\/wp\/v2\/media?parent=11366"}],"curies":[{"name":"wp","href":"https:\/\/api.w.org\/{rel}","templated":true}]}}