{"id":11379,"date":"2023-08-17T13:25:25","date_gmt":"2023-08-17T13:25:25","guid":{"rendered":"https:\/\/ottawaheart.s2.whc.webmarketersdev.ca\/our-research\/"},"modified":"2023-09-15T19:39:23","modified_gmt":"2023-09-15T19:39:23","slug":"notre-recherche","status":"publish","type":"page","link":"https:\/\/foundation.ottawaheart.ca\/fr\/apprendre\/notre-recherche\/","title":{"rendered":"NOTRE RECHERCHE"},"content":{"rendered":"\t\t<div data-elementor-type=\"wp-page\" data-elementor-id=\"11379\" class=\"elementor elementor-11379 elementor-10130\" data-elementor-post-type=\"page\">\n\t\t\t\t\t\t<section class=\"elementor-section elementor-top-section elementor-element elementor-element-abb8959 elementor-section-full_width p-lr  pb-50 pt-50 elementor-section-height-default elementor-section-height-default\" data-id=\"abb8959\" data-element_type=\"section\" data-e-type=\"section\" data-settings=\"{&quot;background_background&quot;:&quot;classic&quot;}\">\n\t\t\t\t\t\t<div class=\"elementor-container elementor-column-gap-default\">\n\t\t\t\t\t<div class=\"elementor-column elementor-col-100 elementor-top-column elementor-element elementor-element-fef3865\" data-id=\"fef3865\" data-element_type=\"column\" data-e-type=\"column\">\n\t\t\t<div class=\"elementor-widget-wrap elementor-element-populated\">\n\t\t\t\t\t\t<section class=\"elementor-section elementor-inner-section elementor-element elementor-element-9be1df9 elementor-section-boxed elementor-section-height-default elementor-section-height-default\" data-id=\"9be1df9\" data-element_type=\"section\" data-e-type=\"section\">\n\t\t\t\t\t\t<div class=\"elementor-container elementor-column-gap-default\">\n\t\t\t\t\t<div class=\"elementor-column elementor-col-100 elementor-inner-column elementor-element elementor-element-b59ef9a\" data-id=\"b59ef9a\" data-element_type=\"column\" data-e-type=\"column\">\n\t\t\t<div class=\"elementor-widget-wrap elementor-element-populated\">\n\t\t\t\t\t\t<div class=\"elementor-element elementor-element-877e447 elementor-widget elementor-widget-heading\" data-id=\"877e447\" data-element_type=\"widget\" data-e-type=\"widget\" data-widget_type=\"heading.default\">\n\t\t\t\t<div class=\"elementor-widget-container\">\n\t\t\t\t\t<h1 class=\"elementor-heading-title elementor-size-default\">L\u2019avenir de la m\u00e9decine de pr\u00e9cision repose sur la recherche actuelle.<\/h1>\t\t\t\t<\/div>\n\t\t\t\t<\/div>\n\t\t\t\t\t<\/div>\n\t\t<\/div>\n\t\t\t\t\t<\/div>\n\t\t<\/section>\n\t\t\t\t\t<\/div>\n\t\t<\/div>\n\t\t\t\t\t<\/div>\n\t\t<\/section>\n\t\t<div class=\"elementor-element elementor-element-c25bdb2 e-con-full mt-5 e-flex e-con e-parent\" data-id=\"c25bdb2\" data-element_type=\"container\" data-e-type=\"container\">\n\t\t\t\t<div class=\"elementor-element elementor-element-aecba74 elementor-widget elementor-widget-image\" data-id=\"aecba74\" data-element_type=\"widget\" data-e-type=\"widget\" data-widget_type=\"image.default\">\n\t\t\t\t<div class=\"elementor-widget-container\">\n\t\t\t\t\t\t\t\t\t\t\t\t\t\t\t<img fetchpriority=\"high\" decoding=\"async\" width=\"800\" height=\"534\" src=\"https:\/\/foundation.ottawaheart.ca\/wp-content\/uploads\/2023\/08\/01_LEARN_RESEARCH_substitute-min-1024x683.jpg\" class=\"attachment-large size-large wp-image-10826\" alt=\"\" srcset=\"https:\/\/foundation.ottawaheart.ca\/wp-content\/uploads\/2023\/08\/01_LEARN_RESEARCH_substitute-min-1024x683.jpg 1024w, https:\/\/foundation.ottawaheart.ca\/wp-content\/uploads\/2023\/08\/01_LEARN_RESEARCH_substitute-min-300x200.jpg 300w, https:\/\/foundation.ottawaheart.ca\/wp-content\/uploads\/2023\/08\/01_LEARN_RESEARCH_substitute-min-768x513.jpg 768w, https:\/\/foundation.ottawaheart.ca\/wp-content\/uploads\/2023\/08\/01_LEARN_RESEARCH_substitute-min-1536x1025.jpg 1536w, https:\/\/foundation.ottawaheart.ca\/wp-content\/uploads\/2023\/08\/01_LEARN_RESEARCH_substitute-min-2048x1367.jpg 2048w\" sizes=\"(max-width: 800px) 100vw, 800px\" \/>\t\t\t\t\t\t\t\t\t\t\t\t\t\t\t<\/div>\n\t\t\t\t<\/div>\n\t\t\t\t<\/div>\n\t\t\t\t<section class=\"elementor-section elementor-top-section elementor-element elementor-element-192a236 elementor-section-full_width text-wrap elementor-section-height-default elementor-section-height-default\" data-id=\"192a236\" data-element_type=\"section\" data-e-type=\"section\" data-settings=\"{&quot;background_background&quot;:&quot;classic&quot;}\">\n\t\t\t\t\t\t<div class=\"elementor-container elementor-column-gap-narrow\">\n\t\t\t\t\t<div class=\"elementor-column elementor-col-50 elementor-top-column elementor-element elementor-element-2dc5e00\" data-id=\"2dc5e00\" data-element_type=\"column\" data-e-type=\"column\">\n\t\t\t<div class=\"elementor-widget-wrap elementor-element-populated\">\n\t\t\t\t\t\t<div class=\"elementor-element elementor-element-b8cc6d1 elementor-align-center elementor-widget elementor-widget-button\" data-id=\"b8cc6d1\" data-element_type=\"widget\" data-e-type=\"widget\" data-widget_type=\"button.default\">\n\t\t\t\t<div class=\"elementor-widget-container\">\n\t\t\t\t\t\t\t\t\t<div class=\"elementor-button-wrapper\">\n\t\t\t\t\t<a class=\"elementor-button elementor-button-link elementor-size-sm\" href=\"https:\/\/www.ottawaheart.ca\/fr\/chercheurs\" target=\"_blank\">\n\t\t\t\t\t\t<span class=\"elementor-button-content-wrapper\">\n\t\t\t\t\t\t\t\t\t<span class=\"elementor-button-text\">\u00c0 propos de nos chercheurs<\/span>\n\t\t\t\t\t<\/span>\n\t\t\t\t\t<\/a>\n\t\t\t\t<\/div>\n\t\t\t\t\t\t\t\t<\/div>\n\t\t\t\t<\/div>\n\t\t\t\t\t<\/div>\n\t\t<\/div>\n\t\t\t\t<div class=\"elementor-column elementor-col-50 elementor-top-column elementor-element elementor-element-856143e\" data-id=\"856143e\" data-element_type=\"column\" data-e-type=\"column\">\n\t\t\t<div class=\"elementor-widget-wrap elementor-element-populated\">\n\t\t\t\t\t\t<div class=\"elementor-element elementor-element-50fc77c elementor-align-center elementor-widget elementor-widget-button\" data-id=\"50fc77c\" data-element_type=\"widget\" data-e-type=\"widget\" data-widget_type=\"button.default\">\n\t\t\t\t<div class=\"elementor-widget-container\">\n\t\t\t\t\t\t\t\t\t<div class=\"elementor-button-wrapper\">\n\t\t\t\t\t<a class=\"elementor-button elementor-button-link elementor-size-sm\" href=\"https:\/\/www.wherecarebegins.ottawaheart.ca\/?lang=fr\" target=\"_blank\">\n\t\t\t\t\t\t<span class=\"elementor-button-content-wrapper\">\n\t\t\t\t\t\t\t\t\t<span class=\"elementor-button-text\">Visitez Notre Site de Recherche<\/span>\n\t\t\t\t\t<\/span>\n\t\t\t\t\t<\/a>\n\t\t\t\t<\/div>\n\t\t\t\t\t\t\t\t<\/div>\n\t\t\t\t<\/div>\n\t\t\t\t\t<\/div>\n\t\t<\/div>\n\t\t\t\t\t<\/div>\n\t\t<\/section>\n\t\t\t\t<\/div>\n\t\t","protected":false},"excerpt":{"rendered":"<p>L\u2019avenir de la m\u00e9decine de pr\u00e9cision repose sur la recherche actuelle. \u00c0 propos de nos chercheurs Visitez Notre Site de Recherche<\/p>\n","protected":false},"author":2,"featured_media":0,"parent":11381,"menu_order":0,"comment_status":"closed","ping_status":"closed","template":"","meta":{"_acf_changed":false,"footnotes":""},"class_list":["post-11379","page","type-page","status-publish","hentry"],"acf":[],"yoast_head":"<!-- This site is optimized with the Yoast SEO Premium plugin v22.2 (Yoast SEO v27.0) - https:\/\/yoast.com\/product\/yoast-seo-premium-wordpress\/ -->\n<title>NOTRE RECHERCHE | University of Ottawa Heart Institute<\/title>\n<meta name=\"description\" content=\"UOHI&#039;s Research Hub | Meet Our Dedicated Researchers &amp; Explore Groundbreaking Research Projects That Driving Heart Health Advancements.\" \/>\n<meta name=\"robots\" content=\"index, follow, max-snippet:-1, max-image-preview:large, max-video-preview:-1\" \/>\n<link rel=\"canonical\" href=\"https:\/\/foundation.ottawaheart.ca\/fr\/apprendre\/notre-recherche\/\" \/>\n<meta property=\"og:locale\" content=\"fr_FR\" \/>\n<meta property=\"og:type\" content=\"article\" \/>\n<meta property=\"og:title\" content=\"NOTRE RECHERCHE\" \/>\n<meta property=\"og:description\" content=\"UOHI&#039;s Research Hub | Meet Our Dedicated Researchers &amp; Explore Groundbreaking Research Projects That Driving Heart Health Advancements.\" \/>\n<meta property=\"og:url\" content=\"https:\/\/foundation.ottawaheart.ca\/fr\/apprendre\/notre-recherche\/\" \/>\n<meta property=\"og:site_name\" content=\"uOttawa - Heart Institute\" \/>\n<meta property=\"article:publisher\" content=\"https:\/\/www.facebook.com\/heartinstitutefoundation\/\" \/>\n<meta property=\"article:modified_time\" content=\"2023-09-15T19:39:23+00:00\" \/>\n<meta property=\"og:image\" content=\"https:\/\/foundation.ottawaheart.ca\/wp-content\/uploads\/2023\/08\/01_LEARN_RESEARCH_substitute-min-1024x683.jpg\" \/>\n<meta name=\"twitter:card\" content=\"summary_large_image\" \/>\n<meta name=\"twitter:site\" content=\"@HeartFDN\" \/>\n<meta name=\"twitter:label1\" content=\"Dur\u00e9e de lecture estim\u00e9e\" \/>\n\t<meta name=\"twitter:data1\" content=\"1 minute\" \/>\n<script type=\"application\/ld+json\" class=\"yoast-schema-graph\">{\"@context\":\"https:\/\/schema.org\",\"@graph\":[{\"@type\":\"WebPage\",\"@id\":\"https:\/\/foundation.ottawaheart.ca\/fr\/apprendre\/notre-recherche\/\",\"url\":\"https:\/\/foundation.ottawaheart.ca\/fr\/apprendre\/notre-recherche\/\",\"name\":\"NOTRE RECHERCHE | University of Ottawa Heart Institute\",\"isPartOf\":{\"@id\":\"https:\/\/foundation.ottawaheart.ca\/#website\"},\"primaryImageOfPage\":{\"@id\":\"https:\/\/foundation.ottawaheart.ca\/fr\/apprendre\/notre-recherche\/#primaryimage\"},\"image\":{\"@id\":\"https:\/\/foundation.ottawaheart.ca\/fr\/apprendre\/notre-recherche\/#primaryimage\"},\"thumbnailUrl\":\"https:\/\/foundation.ottawaheart.ca\/wp-content\/uploads\/2023\/08\/01_LEARN_RESEARCH_substitute-min-1024x683.jpg\",\"datePublished\":\"2023-08-17T13:25:25+00:00\",\"dateModified\":\"2023-09-15T19:39:23+00:00\",\"description\":\"UOHI's Research Hub | Meet Our Dedicated Researchers & Explore Groundbreaking Research Projects That Driving Heart Health Advancements.\",\"breadcrumb\":{\"@id\":\"https:\/\/foundation.ottawaheart.ca\/fr\/apprendre\/notre-recherche\/#breadcrumb\"},\"inLanguage\":\"fr-FR\",\"potentialAction\":[{\"@type\":\"ReadAction\",\"target\":[\"https:\/\/foundation.ottawaheart.ca\/fr\/apprendre\/notre-recherche\/\"]}]},{\"@type\":\"ImageObject\",\"inLanguage\":\"fr-FR\",\"@id\":\"https:\/\/foundation.ottawaheart.ca\/fr\/apprendre\/notre-recherche\/#primaryimage\",\"url\":\"https:\/\/foundation.ottawaheart.ca\/wp-content\/uploads\/2023\/08\/01_LEARN_RESEARCH_substitute-min-1024x683.jpg\",\"contentUrl\":\"https:\/\/foundation.ottawaheart.ca\/wp-content\/uploads\/2023\/08\/01_LEARN_RESEARCH_substitute-min-1024x683.jpg\"},{\"@type\":\"BreadcrumbList\",\"@id\":\"https:\/\/foundation.ottawaheart.ca\/fr\/apprendre\/notre-recherche\/#breadcrumb\",\"itemListElement\":[{\"@type\":\"ListItem\",\"position\":1,\"name\":\"Home\",\"item\":\"https:\/\/foundation.ottawaheart.ca\/fr\/\"},{\"@type\":\"ListItem\",\"position\":2,\"name\":\"APPRENDRE\",\"item\":\"https:\/\/foundation.ottawaheart.ca\/fr\/apprendre\/\"},{\"@type\":\"ListItem\",\"position\":3,\"name\":\"NOTRE RECHERCHE\"}]},{\"@type\":\"WebSite\",\"@id\":\"https:\/\/foundation.ottawaheart.ca\/#website\",\"url\":\"https:\/\/foundation.ottawaheart.ca\/\",\"name\":\"uOttawa - Heart Institute\",\"description\":\"\",\"publisher\":{\"@id\":\"https:\/\/foundation.ottawaheart.ca\/#organization\"},\"potentialAction\":[{\"@type\":\"SearchAction\",\"target\":{\"@type\":\"EntryPoint\",\"urlTemplate\":\"https:\/\/foundation.ottawaheart.ca\/?s={search_term_string}\"},\"query-input\":{\"@type\":\"PropertyValueSpecification\",\"valueRequired\":true,\"valueName\":\"search_term_string\"}}],\"inLanguage\":\"fr-FR\"},{\"@type\":\"Organization\",\"@id\":\"https:\/\/foundation.ottawaheart.ca\/#organization\",\"name\":\"uOttawa - Heart Institute\",\"url\":\"https:\/\/foundation.ottawaheart.ca\/\",\"logo\":{\"@type\":\"ImageObject\",\"inLanguage\":\"fr-FR\",\"@id\":\"https:\/\/foundation.ottawaheart.ca\/#\/schema\/logo\/image\/\",\"url\":\"https:\/\/foundation.ottawaheart.ca\/wp-content\/uploads\/2023\/07\/logo-3.png\",\"contentUrl\":\"https:\/\/foundation.ottawaheart.ca\/wp-content\/uploads\/2023\/07\/logo-3.png\",\"width\":385,\"height\":84,\"caption\":\"uOttawa - Heart Institute\"},\"image\":{\"@id\":\"https:\/\/foundation.ottawaheart.ca\/#\/schema\/logo\/image\/\"},\"sameAs\":[\"https:\/\/www.facebook.com\/heartinstitutefoundation\/\",\"https:\/\/x.com\/HeartFDN\",\"https:\/\/www.instagram.com\/heartinstitutefoundation\/\",\"https:\/\/www.linkedin.com\/company\/the-university-of-ottawa-heart-institute-foundation\"]}]}<\/script>\n<!-- \/ Yoast SEO Premium plugin. -->","yoast_head_json":{"title":"NOTRE RECHERCHE | University of Ottawa Heart Institute","description":"UOHI's Research Hub | Meet Our Dedicated Researchers & Explore Groundbreaking Research Projects That Driving Heart Health Advancements.","robots":{"index":"index","follow":"follow","max-snippet":"max-snippet:-1","max-image-preview":"max-image-preview:large","max-video-preview":"max-video-preview:-1"},"canonical":"https:\/\/foundation.ottawaheart.ca\/fr\/apprendre\/notre-recherche\/","og_locale":"fr_FR","og_type":"article","og_title":"NOTRE RECHERCHE","og_description":"UOHI's Research Hub | Meet Our Dedicated Researchers & Explore Groundbreaking Research Projects That Driving Heart Health Advancements.","og_url":"https:\/\/foundation.ottawaheart.ca\/fr\/apprendre\/notre-recherche\/","og_site_name":"uOttawa - Heart Institute","article_publisher":"https:\/\/www.facebook.com\/heartinstitutefoundation\/","article_modified_time":"2023-09-15T19:39:23+00:00","og_image":[{"url":"https:\/\/foundation.ottawaheart.ca\/wp-content\/uploads\/2023\/08\/01_LEARN_RESEARCH_substitute-min-1024x683.jpg","type":"","width":"","height":""}],"twitter_card":"summary_large_image","twitter_site":"@HeartFDN","twitter_misc":{"Dur\u00e9e de lecture estim\u00e9e":"1 minute"},"schema":{"@context":"https:\/\/schema.org","@graph":[{"@type":"WebPage","@id":"https:\/\/foundation.ottawaheart.ca\/fr\/apprendre\/notre-recherche\/","url":"https:\/\/foundation.ottawaheart.ca\/fr\/apprendre\/notre-recherche\/","name":"NOTRE RECHERCHE | University of Ottawa Heart Institute","isPartOf":{"@id":"https:\/\/foundation.ottawaheart.ca\/#website"},"primaryImageOfPage":{"@id":"https:\/\/foundation.ottawaheart.ca\/fr\/apprendre\/notre-recherche\/#primaryimage"},"image":{"@id":"https:\/\/foundation.ottawaheart.ca\/fr\/apprendre\/notre-recherche\/#primaryimage"},"thumbnailUrl":"https:\/\/foundation.ottawaheart.ca\/wp-content\/uploads\/2023\/08\/01_LEARN_RESEARCH_substitute-min-1024x683.jpg","datePublished":"2023-08-17T13:25:25+00:00","dateModified":"2023-09-15T19:39:23+00:00","description":"UOHI's Research Hub | Meet Our Dedicated Researchers & Explore Groundbreaking Research Projects That Driving Heart Health Advancements.","breadcrumb":{"@id":"https:\/\/foundation.ottawaheart.ca\/fr\/apprendre\/notre-recherche\/#breadcrumb"},"inLanguage":"fr-FR","potentialAction":[{"@type":"ReadAction","target":["https:\/\/foundation.ottawaheart.ca\/fr\/apprendre\/notre-recherche\/"]}]},{"@type":"ImageObject","inLanguage":"fr-FR","@id":"https:\/\/foundation.ottawaheart.ca\/fr\/apprendre\/notre-recherche\/#primaryimage","url":"https:\/\/foundation.ottawaheart.ca\/wp-content\/uploads\/2023\/08\/01_LEARN_RESEARCH_substitute-min-1024x683.jpg","contentUrl":"https:\/\/foundation.ottawaheart.ca\/wp-content\/uploads\/2023\/08\/01_LEARN_RESEARCH_substitute-min-1024x683.jpg"},{"@type":"BreadcrumbList","@id":"https:\/\/foundation.ottawaheart.ca\/fr\/apprendre\/notre-recherche\/#breadcrumb","itemListElement":[{"@type":"ListItem","position":1,"name":"Home","item":"https:\/\/foundation.ottawaheart.ca\/fr\/"},{"@type":"ListItem","position":2,"name":"APPRENDRE","item":"https:\/\/foundation.ottawaheart.ca\/fr\/apprendre\/"},{"@type":"ListItem","position":3,"name":"NOTRE RECHERCHE"}]},{"@type":"WebSite","@id":"https:\/\/foundation.ottawaheart.ca\/#website","url":"https:\/\/foundation.ottawaheart.ca\/","name":"uOttawa - Heart Institute","description":"","publisher":{"@id":"https:\/\/foundation.ottawaheart.ca\/#organization"},"potentialAction":[{"@type":"SearchAction","target":{"@type":"EntryPoint","urlTemplate":"https:\/\/foundation.ottawaheart.ca\/?s={search_term_string}"},"query-input":{"@type":"PropertyValueSpecification","valueRequired":true,"valueName":"search_term_string"}}],"inLanguage":"fr-FR"},{"@type":"Organization","@id":"https:\/\/foundation.ottawaheart.ca\/#organization","name":"uOttawa - Heart Institute","url":"https:\/\/foundation.ottawaheart.ca\/","logo":{"@type":"ImageObject","inLanguage":"fr-FR","@id":"https:\/\/foundation.ottawaheart.ca\/#\/schema\/logo\/image\/","url":"https:\/\/foundation.ottawaheart.ca\/wp-content\/uploads\/2023\/07\/logo-3.png","contentUrl":"https:\/\/foundation.ottawaheart.ca\/wp-content\/uploads\/2023\/07\/logo-3.png","width":385,"height":84,"caption":"uOttawa - Heart Institute"},"image":{"@id":"https:\/\/foundation.ottawaheart.ca\/#\/schema\/logo\/image\/"},"sameAs":["https:\/\/www.facebook.com\/heartinstitutefoundation\/","https:\/\/x.com\/HeartFDN","https:\/\/www.instagram.com\/heartinstitutefoundation\/","https:\/\/www.linkedin.com\/company\/the-university-of-ottawa-heart-institute-foundation"]}]}},"_links":{"self":[{"href":"https:\/\/foundation.ottawaheart.ca\/fr\/wp-json\/wp\/v2\/pages\/11379","targetHints":{"allow":["GET"]}}],"collection":[{"href":"https:\/\/foundation.ottawaheart.ca\/fr\/wp-json\/wp\/v2\/pages"}],"about":[{"href":"https:\/\/foundation.ottawaheart.ca\/fr\/wp-json\/wp\/v2\/types\/page"}],"author":[{"embeddable":true,"href":"https:\/\/foundation.ottawaheart.ca\/fr\/wp-json\/wp\/v2\/users\/2"}],"replies":[{"embeddable":true,"href":"https:\/\/foundation.ottawaheart.ca\/fr\/wp-json\/wp\/v2\/comments?post=11379"}],"version-history":[{"count":5,"href":"https:\/\/foundation.ottawaheart.ca\/fr\/wp-json\/wp\/v2\/pages\/11379\/revisions"}],"predecessor-version":[{"id":12139,"href":"https:\/\/foundation.ottawaheart.ca\/fr\/wp-json\/wp\/v2\/pages\/11379\/revisions\/12139"}],"up":[{"embeddable":true,"href":"https:\/\/foundation.ottawaheart.ca\/fr\/wp-json\/wp\/v2\/pages\/11381"}],"wp:attachment":[{"href":"https:\/\/foundation.ottawaheart.ca\/fr\/wp-json\/wp\/v2\/media?parent=11379"}],"curies":[{"name":"wp","href":"https:\/\/api.w.org\/{rel}","templated":true}]}}