{"id":15989,"date":"2024-08-15T17:53:56","date_gmt":"2024-08-15T17:53:56","guid":{"rendered":"https:\/\/ottawaheart.s2.whc.webmarketersdev.ca\/?page_id=15989"},"modified":"2024-09-12T15:38:50","modified_gmt":"2024-09-12T15:38:50","slug":"sautez-dans-laction-2024-inscription","status":"publish","type":"page","link":"https:\/\/foundation.ottawaheart.ca\/fr\/sautez-dans-laction-2024-inscription\/","title":{"rendered":"Sautez dans l&rsquo;action 2024 Inscription"},"content":{"rendered":"\t\t<div data-elementor-type=\"wp-page\" data-elementor-id=\"15989\" class=\"elementor elementor-15989 elementor-15888\" data-elementor-post-type=\"page\">\n\t\t\t\t<div class=\"elementor-element elementor-element-33379fa e-con-full e-grid e-con e-parent\" data-id=\"33379fa\" data-element_type=\"container\" data-e-type=\"container\" data-settings=\"{&quot;background_background&quot;:&quot;classic&quot;,&quot;sticky&quot;:&quot;top&quot;,&quot;sticky_on&quot;:[&quot;widescreen&quot;,&quot;desktop&quot;,&quot;laptop&quot;,&quot;tablet_extra&quot;,&quot;tablet&quot;,&quot;mobile_extra&quot;,&quot;mobile&quot;],&quot;sticky_offset&quot;:0,&quot;sticky_effects_offset&quot;:0,&quot;sticky_anchor_link_offset&quot;:0}\">\n\t\t<div class=\"elementor-element elementor-element-40f0a2c e-grid e-con-boxed e-con e-child\" data-id=\"40f0a2c\" data-element_type=\"container\" data-e-type=\"container\">\n\t\t\t\t\t<div class=\"e-con-inner\">\n\t\t\t\t<div class=\"elementor-element elementor-element-91206fc elementor-widget__width-initial elementor-widget elementor-widget-image\" data-id=\"91206fc\" data-element_type=\"widget\" data-e-type=\"widget\" data-widget_type=\"image.default\">\n\t\t\t\t<div class=\"elementor-widget-container\">\n\t\t\t\t\t\t\t\t\t\t\t\t\t\t\t\t<a href=\"https:\/\/foundation.ottawaheart.ca\">\n\t\t\t\t\t\t\t<img decoding=\"async\" width=\"107\" height=\"80\" src=\"https:\/\/foundation.ottawaheart.ca\/wp-content\/uploads\/2024\/08\/uohi-foundation-logo-vertical-stacked-1.webp\" class=\"attachment-large size-large wp-image-15741\" alt=\"University of Ottawa Heart Institute logo\" \/>\t\t\t\t\t\t\t\t<\/a>\n\t\t\t\t\t\t\t\t\t\t\t\t\t\t\t<\/div>\n\t\t\t\t<\/div>\n\t\t\t\t<div class=\"elementor-element elementor-element-335051c elementor-widget elementor-widget-image\" data-id=\"335051c\" data-element_type=\"widget\" data-e-type=\"widget\" data-widget_type=\"image.default\">\n\t\t\t\t<div class=\"elementor-widget-container\">\n\t\t\t\t\t\t\t\t\t\t\t\t\t\t\t\t<a href=\"https:\/\/foundation.ottawaheart.ca\/registrationjumpin\/\">\n\t\t\t\t\t\t\t<img decoding=\"async\" width=\"46\" height=\"46\" src=\"https:\/\/foundation.ottawaheart.ca\/wp-content\/uploads\/2024\/08\/EN-Header-Button.png\" class=\"attachment-large size-large wp-image-16008\" alt=\"\" \/>\t\t\t\t\t\t\t\t<\/a>\n\t\t\t\t\t\t\t\t\t\t\t\t\t\t\t<\/div>\n\t\t\t\t<\/div>\n\t\t\t\t\t<\/div>\n\t\t\t\t<\/div>\n\t\t<div class=\"elementor-element elementor-element-673bf55 e-grid e-con-full elementor-hidden-mobile_extra elementor-hidden-mobile e-con e-child\" data-id=\"673bf55\" data-element_type=\"container\" data-e-type=\"container\">\n\t\t\t\t<div class=\"elementor-element elementor-element-4d50a2d elementor-widget elementor-widget-heading\" data-id=\"4d50a2d\" data-element_type=\"widget\" data-e-type=\"widget\" id=\"jump-nav\" data-widget_type=\"heading.default\">\n\t\t\t\t<div class=\"elementor-widget-container\">\n\t\t\t\t\t<p class=\"elementor-heading-title elementor-size-default\"><a href=\"https:\/\/www.jumpinnow.ca\/french\/#comp-ljr9sd6i2\">Le D\u00e9fi<\/a><\/p>\t\t\t\t<\/div>\n\t\t\t\t<\/div>\n\t\t\t\t<div class=\"elementor-element elementor-element-c12ec11 elementor-widget__width-inherit elementor-widget elementor-widget-heading\" data-id=\"c12ec11\" data-element_type=\"widget\" data-e-type=\"widget\" id=\"jump-nav\" data-widget_type=\"heading.default\">\n\t\t\t\t<div class=\"elementor-widget-container\">\n\t\t\t\t\t<p class=\"elementor-heading-title elementor-size-default\"><a href=\"https:\/\/www.jumpinnow.ca\/french\/#comp-ljr9sd868\">Avantages<\/a><\/p>\t\t\t\t<\/div>\n\t\t\t\t<\/div>\n\t\t\t\t<div class=\"elementor-element elementor-element-14daa73 elementor-widget__width-inherit elementor-widget elementor-widget-heading\" data-id=\"14daa73\" data-element_type=\"widget\" data-e-type=\"widget\" id=\"jump-nav\" data-widget_type=\"heading.default\">\n\t\t\t\t<div class=\"elementor-widget-container\">\n\t\t\t\t\t<p class=\"elementor-heading-title elementor-size-default\"><a href=\"https:\/\/www.jumpinnow.ca\/french\">Inscription<\/a><\/p>\t\t\t\t<\/div>\n\t\t\t\t<\/div>\n\t\t\t\t<div class=\"elementor-element elementor-element-48d5f37 elementor-widget__width-inherit elementor-widget elementor-widget-heading\" data-id=\"48d5f37\" data-element_type=\"widget\" data-e-type=\"widget\" id=\"jump-nav\" data-widget_type=\"heading.default\">\n\t\t\t\t<div class=\"elementor-widget-container\">\n\t\t\t\t\t<p class=\"elementor-heading-title elementor-size-default\"><a href=\"https:\/\/www.jumpinnow.ca\/french\/#comp-ljr9sd9g\">Votre impact<\/a><\/p>\t\t\t\t<\/div>\n\t\t\t\t<\/div>\n\t\t\t\t<div class=\"elementor-element elementor-element-7c1f777 elementor-widget__width-inherit elementor-widget elementor-widget-heading\" data-id=\"7c1f777\" data-element_type=\"widget\" data-e-type=\"widget\" id=\"jump-nav\" data-widget_type=\"heading.default\">\n\t\t\t\t<div class=\"elementor-widget-container\">\n\t\t\t\t\t<p class=\"elementor-heading-title elementor-size-default\"><a href=\"https:\/\/www.jumpinnow.ca\/french\/#comp-ll6raien5\">Commanditaires<\/a><\/p>\t\t\t\t<\/div>\n\t\t\t\t<\/div>\n\t\t\t\t<div class=\"elementor-element elementor-element-2d261f1 elementor-widget__width-inherit elementor-widget elementor-widget-heading\" data-id=\"2d261f1\" data-element_type=\"widget\" data-e-type=\"widget\" id=\"jump-nav\" data-widget_type=\"heading.default\">\n\t\t\t\t<div class=\"elementor-widget-container\">\n\t\t\t\t\t<p class=\"elementor-heading-title elementor-size-default\"><a href=\"https:\/\/canadian-womens-heart-health-centre.myshopify.com\/collections\/jump-in%E2%84%A2\">Boutique<\/a><\/p>\t\t\t\t<\/div>\n\t\t\t\t<\/div>\n\t\t\t\t<div class=\"elementor-element elementor-element-88d1b83 elementor-widget__width-inherit elementor-widget elementor-widget-heading\" data-id=\"88d1b83\" data-element_type=\"widget\" data-e-type=\"widget\" id=\"jump-nav\" data-widget_type=\"heading.default\">\n\t\t\t\t<div class=\"elementor-widget-container\">\n\t\t\t\t\t<p class=\"elementor-heading-title elementor-size-default\"><a href=\"https:\/\/secure2.convio.net\/uohi\/site\/R?i=M_AS7dxhlAZwKtvTLTNJsT6rqUQJAQOg_EbsOvdZlzgla9zLppDCZA\">Centre de collecte de fonds<\/a><\/p>\t\t\t\t<\/div>\n\t\t\t\t<\/div>\n\t\t\t\t<\/div>\n\t\t<div class=\"elementor-element elementor-element-f215301 e-flex e-con-boxed e-con e-child\" data-id=\"f215301\" data-element_type=\"container\" data-e-type=\"container\" id=\"jump-butt\">\n\t\t\t\t\t<div class=\"e-con-inner\">\n\t\t\t\t<div class=\"elementor-element elementor-element-e86dad8 elementor-align-center elementor-widget elementor-widget-button\" data-id=\"e86dad8\" data-element_type=\"widget\" data-e-type=\"widget\" id=\"jump-butt1\" data-widget_type=\"button.default\">\n\t\t\t\t<div class=\"elementor-widget-container\">\n\t\t\t\t\t\t\t\t\t<div class=\"elementor-button-wrapper\">\n\t\t\t\t\t<a class=\"elementor-button elementor-button-link elementor-size-sm\" href=\"https:\/\/www.jumpinnow.ca\/registrationoptions\">\n\t\t\t\t\t\t<span class=\"elementor-button-content-wrapper\">\n\t\t\t\t\t\t\t\t\t<span class=\"elementor-button-text\">inscription<\/span>\n\t\t\t\t\t<\/span>\n\t\t\t\t\t<\/a>\n\t\t\t\t<\/div>\n\t\t\t\t\t\t\t\t<\/div>\n\t\t\t\t<\/div>\n\t\t\t\t<div class=\"elementor-element elementor-element-58d2966 elementor-align-center elementor-widget__width-inherit elementor-widget elementor-widget-button\" data-id=\"58d2966\" data-element_type=\"widget\" data-e-type=\"widget\" id=\"jump-butt2\" data-widget_type=\"button.default\">\n\t\t\t\t<div class=\"elementor-widget-container\">\n\t\t\t\t\t\t\t\t\t<div class=\"elementor-button-wrapper\">\n\t\t\t\t\t<a class=\"elementor-button elementor-button-link elementor-size-sm\" href=\"https:\/\/foundation.ottawaheart.ca\/fr\/sautez-dans-laction-2024-don-egales\/\">\n\t\t\t\t\t\t<span class=\"elementor-button-content-wrapper\">\n\t\t\t\t\t\t\t\t\t<span class=\"elementor-button-text\">donS \u00e9gal\u00e9s<\/span>\n\t\t\t\t\t<\/span>\n\t\t\t\t\t<\/a>\n\t\t\t\t<\/div>\n\t\t\t\t\t\t\t\t<\/div>\n\t\t\t\t<\/div>\n\t\t\t\t\t<\/div>\n\t\t\t\t<\/div>\n\t\t\t\t<\/div>\n\t\t<div class=\"elementor-element elementor-element-a9cb03b pt-50 e-flex e-con-boxed e-con e-parent\" data-id=\"a9cb03b\" data-element_type=\"container\" data-e-type=\"container\" data-settings=\"{&quot;background_background&quot;:&quot;gradient&quot;}\">\n\t\t\t\t\t<div class=\"e-con-inner\">\n\t\t\t\t<div class=\"elementor-element elementor-element-53b0454 elementor-widget elementor-widget-heading\" data-id=\"53b0454\" data-element_type=\"widget\" data-e-type=\"widget\" data-widget_type=\"heading.default\">\n\t\t\t\t<div class=\"elementor-widget-container\">\n\t\t\t\t\t<h2 class=\"elementor-heading-title elementor-size-default\">Inscrivez-vous!<\/h2>\t\t\t\t<\/div>\n\t\t\t\t<\/div>\n\t\t\t\t<div class=\"elementor-element elementor-element-8a8d8b5 elementor-widget-mobile__width-initial elementor-widget elementor-widget-text-editor\" data-id=\"8a8d8b5\" data-element_type=\"widget\" data-e-type=\"widget\" id=\"jump-link\" data-widget_type=\"text-editor.default\">\n\t\t\t\t<div class=\"elementor-widget-container\">\n\t\t\t\t\t\t\t\t\t<p>Remplissez le formulaire ci-dessous pour vous inscrire. Vous aimeriez recueillir des fonds durant votre d\u00e9fi? Si oui, <a href=\"https:\/\/secure2.convio.net\/uohi\/site\/TR?fr_id=1391&amp;pg=entry\">cliquez ici.<\/a> Vous pourriez gagner des prix!<\/p>\t\t\t\t\t\t\t\t<\/div>\n\t\t\t\t<\/div>\n\t\t\t\t<div class=\"elementor-element elementor-element-470eff2 elementor-widget elementor-widget-html\" data-id=\"470eff2\" data-element_type=\"widget\" data-e-type=\"widget\" data-widget_type=\"html.default\">\n\t\t\t\t<div class=\"elementor-widget-container\">\n\t\t\t\t\t<!-- Start form embed -->\r\n<script src=\"https:\/\/sky.blackbaudcdn.net\/static\/reg-form-loader\/5\/main.js\"><\/script>\r\n<!--\r\n  If you embed multiple forms on your page, only copy one of the <script> lines.\r\n  Otherwise, multiple copies of the form will appear.\r\n-->\r\n<div\r\n  data-blackbaud-registration-form\r\n  data-blackbaud-registration-form-envid=\"p-cegoxbK_F0Kgt4zC3Qjmhw\"\r\n  data-blackbaud-registration-form-id=\"c140f825-346e-45a3-8e0b-50c56d13ea97\"\r\n  data-blackbaud-registration-form-zone=\"can\"\r\n  data-blackbaud-registration-form-header-height=\"0\">\r\n  <!--\r\n    If your page has a header\/overlay, then you can set this\r\n    'data-blackbaud-registration-form-header-height' value\r\n    to your header height so that the payment form will\r\n    scroll to the proper location when opened.\r\n  -->\r\n<\/div>\r\n<!-- End form embed -->\t\t\t\t<\/div>\n\t\t\t\t<\/div>\n\t\t\t\t\t<\/div>\n\t\t\t\t<\/div>\n\t\t<div class=\"elementor-element elementor-element-c5cce3b e-grid e-con-boxed e-con e-parent\" data-id=\"c5cce3b\" data-element_type=\"container\" data-e-type=\"container\" id=\"jump-footer\">\n\t\t\t\t\t<div class=\"e-con-inner\">\n\t\t<div class=\"elementor-element elementor-element-2804500 e-grid e-con-boxed e-con e-child\" data-id=\"2804500\" data-element_type=\"container\" data-e-type=\"container\" id=\"jump-foot-logo\">\n\t\t\t\t\t<div class=\"e-con-inner\">\n\t\t\t\t<div class=\"elementor-element elementor-element-d855b49 elementor-widget elementor-widget-image\" data-id=\"d855b49\" data-element_type=\"widget\" data-e-type=\"widget\" data-widget_type=\"image.default\">\n\t\t\t\t<div class=\"elementor-widget-container\">\n\t\t\t\t\t\t\t\t\t\t\t\t\t\t\t\t<a href=\"https:\/\/cwhhc.ottawaheart.ca\/\">\n\t\t\t\t\t\t\t<img decoding=\"async\" width=\"136\" height=\"40\" src=\"https:\/\/foundation.ottawaheart.ca\/wp-content\/uploads\/2024\/08\/cwhhc-logo-bilingual.webp\" class=\"attachment-large size-large wp-image-15832\" alt=\"Canadian Women&#039;s Heart Health Centre logo\" \/>\t\t\t\t\t\t\t\t<\/a>\n\t\t\t\t\t\t\t\t\t\t\t\t\t\t\t<\/div>\n\t\t\t\t<\/div>\n\t\t\t\t<div class=\"elementor-element elementor-element-a32e06b elementor-widget elementor-widget-image\" data-id=\"a32e06b\" data-element_type=\"widget\" data-e-type=\"widget\" data-widget_type=\"image.default\">\n\t\t\t\t<div class=\"elementor-widget-container\">\n\t\t\t\t\t\t\t\t\t\t\t\t\t\t\t\t<a href=\"https:\/\/foundation.ottawaheart.ca\">\n\t\t\t\t\t\t\t<img loading=\"lazy\" decoding=\"async\" width=\"385\" height=\"84\" src=\"https:\/\/foundation.ottawaheart.ca\/wp-content\/uploads\/2023\/07\/logo-3.png\" class=\"attachment-large size-large wp-image-7374\" alt=\"\" srcset=\"https:\/\/foundation.ottawaheart.ca\/wp-content\/uploads\/2023\/07\/logo-3.png 385w, https:\/\/foundation.ottawaheart.ca\/wp-content\/uploads\/2023\/07\/logo-3-300x65.png 300w\" sizes=\"(max-width: 385px) 100vw, 385px\" \/>\t\t\t\t\t\t\t\t<\/a>\n\t\t\t\t\t\t\t\t\t\t\t\t\t\t\t<\/div>\n\t\t\t\t<\/div>\n\t\t\t\t\t<\/div>\n\t\t\t\t<\/div>\n\t\t\t\t<div class=\"elementor-element elementor-element-5dcba6d elementor-widget-mobile__width-initial elementor-widget elementor-widget-text-editor\" data-id=\"5dcba6d\" data-element_type=\"widget\" data-e-type=\"widget\" id=\"jump-email\" data-widget_type=\"text-editor.default\">\n\t\t\t\t<div class=\"elementor-widget-container\">\n\t\t\t\t\t\t\t\t\t<p><span style=\"text-decoration: underline;\">Appelez-nous<\/span>\u00a0: 613-696-7030<br class=\"wixui-rich-text__text\" \/>Courriel : <span style=\"text-decoration: underline;\"><a class=\"wixui-rich-text__text\" href=\"mailto:specialevents@ottawaheart.ca\" target=\"_self\">specialevents@ottawaheart.ca<\/a><\/span><br class=\"wixui-rich-text__text\" \/>40 rue Ruskin, Pi\u00e8ce H-1220 Ottawa (Ontario) K1Y 4W7<\/p><div id=\"comp-lj7dnf3j\" class=\"HcOXKn c9GqVL QxJLC3 comp-lj7dnf3j wixui-rich-text\" data-testid=\"richTextElement\"><p class=\"font_8 wixui-rich-text__text\"><span class=\"wixui-rich-text__text\">\u00a9 2024 \u00a0Institut de cardiologie de l\u2019Universit\u00e9 d\u2019Ottawa<br class=\"wixui-rich-text__text\" \/>N<sup>o<\/sup> d&rsquo;enregistrement d&rsquo;organisme de bienfaisance : 140813452RR0001<\/span><\/p><\/div>\t\t\t\t\t\t\t\t<\/div>\n\t\t\t\t<\/div>\n\t\t\t\t\t<\/div>\n\t\t\t\t<\/div>\n\t\t\t\t<\/div>\n\t\t","protected":false},"excerpt":{"rendered":"<p>Le D\u00e9fi Avantages Inscription Votre impact Commanditaires Boutique Centre de collecte de fonds inscription donS \u00e9gal\u00e9s Inscrivez-vous! Remplissez le formulaire ci-dessous pour vous inscrire. Vous aimeriez recueillir des fonds durant [&hellip;]<\/p>\n","protected":false},"author":6,"featured_media":0,"parent":0,"menu_order":0,"comment_status":"closed","ping_status":"closed","template":"","meta":{"_acf_changed":false,"footnotes":""},"class_list":["post-15989","page","type-page","status-publish","hentry"],"acf":[],"yoast_head":"<!-- This site is optimized with the Yoast SEO Premium plugin v22.2 (Yoast SEO v27.0) - https:\/\/yoast.com\/product\/yoast-seo-premium-wordpress\/ -->\n<title>Sautez dans l&#039;action 2024 Inscription - uOttawa - Heart Institute<\/title>\n<meta name=\"description\" content=\"Inscrivez-vous! Remplissez le formulaire ci-dessous pour vous inscrire. Vous aimeriez recueillir des fonds durant votre d\u00e9fi? Si oui, cliquez ici. Vous pourriez gagner des prix!\" \/>\n<meta name=\"robots\" content=\"index, follow, max-snippet:-1, max-image-preview:large, max-video-preview:-1\" \/>\n<link rel=\"canonical\" href=\"https:\/\/foundation.ottawaheart.ca\/fr\/sautez-dans-laction-2024-inscription\/\" \/>\n<meta property=\"og:locale\" content=\"fr_FR\" \/>\n<meta property=\"og:type\" content=\"article\" \/>\n<meta property=\"og:title\" content=\"Sautez dans l&#039;action 2024 Inscription\" \/>\n<meta property=\"og:description\" content=\"Inscrivez-vous! Remplissez le formulaire ci-dessous pour vous inscrire. Vous aimeriez recueillir des fonds durant votre d\u00e9fi? Si oui, cliquez ici. Vous pourriez gagner des prix!\" \/>\n<meta property=\"og:url\" content=\"https:\/\/foundation.ottawaheart.ca\/fr\/sautez-dans-laction-2024-inscription\/\" \/>\n<meta property=\"og:site_name\" content=\"uOttawa - Heart Institute\" \/>\n<meta property=\"article:publisher\" content=\"https:\/\/www.facebook.com\/heartinstitutefoundation\/\" \/>\n<meta property=\"article:modified_time\" content=\"2024-09-12T15:38:50+00:00\" \/>\n<meta property=\"og:image\" content=\"https:\/\/foundation.ottawaheart.ca\/wp-content\/uploads\/2024\/08\/uohi-foundation-logo-vertical-stacked-1.webp\" \/>\n<meta name=\"twitter:card\" content=\"summary_large_image\" \/>\n<meta name=\"twitter:site\" content=\"@HeartFDN\" \/>\n<meta name=\"twitter:label1\" content=\"Dur\u00e9e de lecture estim\u00e9e\" \/>\n\t<meta name=\"twitter:data1\" content=\"2 minutes\" \/>\n<script type=\"application\/ld+json\" class=\"yoast-schema-graph\">{\"@context\":\"https:\/\/schema.org\",\"@graph\":[{\"@type\":\"WebPage\",\"@id\":\"https:\/\/foundation.ottawaheart.ca\/fr\/sautez-dans-laction-2024-inscription\/\",\"url\":\"https:\/\/foundation.ottawaheart.ca\/fr\/sautez-dans-laction-2024-inscription\/\",\"name\":\"Sautez dans l'action 2024 Inscription - uOttawa - Heart Institute\",\"isPartOf\":{\"@id\":\"https:\/\/foundation.ottawaheart.ca\/#website\"},\"primaryImageOfPage\":{\"@id\":\"https:\/\/foundation.ottawaheart.ca\/fr\/sautez-dans-laction-2024-inscription\/#primaryimage\"},\"image\":{\"@id\":\"https:\/\/foundation.ottawaheart.ca\/fr\/sautez-dans-laction-2024-inscription\/#primaryimage\"},\"thumbnailUrl\":\"https:\/\/foundation.ottawaheart.ca\/wp-content\/uploads\/2024\/08\/uohi-foundation-logo-vertical-stacked-1.webp\",\"datePublished\":\"2024-08-15T17:53:56+00:00\",\"dateModified\":\"2024-09-12T15:38:50+00:00\",\"description\":\"Inscrivez-vous! Remplissez le formulaire ci-dessous pour vous inscrire. Vous aimeriez recueillir des fonds durant votre d\u00e9fi? Si oui, cliquez ici. Vous pourriez gagner des prix!\",\"breadcrumb\":{\"@id\":\"https:\/\/foundation.ottawaheart.ca\/fr\/sautez-dans-laction-2024-inscription\/#breadcrumb\"},\"inLanguage\":\"fr-FR\",\"potentialAction\":[{\"@type\":\"ReadAction\",\"target\":[\"https:\/\/foundation.ottawaheart.ca\/fr\/sautez-dans-laction-2024-inscription\/\"]}]},{\"@type\":\"ImageObject\",\"inLanguage\":\"fr-FR\",\"@id\":\"https:\/\/foundation.ottawaheart.ca\/fr\/sautez-dans-laction-2024-inscription\/#primaryimage\",\"url\":\"https:\/\/foundation.ottawaheart.ca\/wp-content\/uploads\/2024\/08\/uohi-foundation-logo-vertical-stacked-1.webp\",\"contentUrl\":\"https:\/\/foundation.ottawaheart.ca\/wp-content\/uploads\/2024\/08\/uohi-foundation-logo-vertical-stacked-1.webp\"},{\"@type\":\"BreadcrumbList\",\"@id\":\"https:\/\/foundation.ottawaheart.ca\/fr\/sautez-dans-laction-2024-inscription\/#breadcrumb\",\"itemListElement\":[{\"@type\":\"ListItem\",\"position\":1,\"name\":\"Home\",\"item\":\"https:\/\/foundation.ottawaheart.ca\/fr\/\"},{\"@type\":\"ListItem\",\"position\":2,\"name\":\"Sautez dans l&#8217;action 2024 Inscription\"}]},{\"@type\":\"WebSite\",\"@id\":\"https:\/\/foundation.ottawaheart.ca\/#website\",\"url\":\"https:\/\/foundation.ottawaheart.ca\/\",\"name\":\"uOttawa - Heart Institute\",\"description\":\"\",\"publisher\":{\"@id\":\"https:\/\/foundation.ottawaheart.ca\/#organization\"},\"potentialAction\":[{\"@type\":\"SearchAction\",\"target\":{\"@type\":\"EntryPoint\",\"urlTemplate\":\"https:\/\/foundation.ottawaheart.ca\/?s={search_term_string}\"},\"query-input\":{\"@type\":\"PropertyValueSpecification\",\"valueRequired\":true,\"valueName\":\"search_term_string\"}}],\"inLanguage\":\"fr-FR\"},{\"@type\":\"Organization\",\"@id\":\"https:\/\/foundation.ottawaheart.ca\/#organization\",\"name\":\"uOttawa - Heart Institute\",\"url\":\"https:\/\/foundation.ottawaheart.ca\/\",\"logo\":{\"@type\":\"ImageObject\",\"inLanguage\":\"fr-FR\",\"@id\":\"https:\/\/foundation.ottawaheart.ca\/#\/schema\/logo\/image\/\",\"url\":\"https:\/\/foundation.ottawaheart.ca\/wp-content\/uploads\/2023\/07\/logo-3.png\",\"contentUrl\":\"https:\/\/foundation.ottawaheart.ca\/wp-content\/uploads\/2023\/07\/logo-3.png\",\"width\":385,\"height\":84,\"caption\":\"uOttawa - Heart Institute\"},\"image\":{\"@id\":\"https:\/\/foundation.ottawaheart.ca\/#\/schema\/logo\/image\/\"},\"sameAs\":[\"https:\/\/www.facebook.com\/heartinstitutefoundation\/\",\"https:\/\/x.com\/HeartFDN\",\"https:\/\/www.instagram.com\/heartinstitutefoundation\/\",\"https:\/\/www.linkedin.com\/company\/the-university-of-ottawa-heart-institute-foundation\"]}]}<\/script>\n<!-- \/ Yoast SEO Premium plugin. -->","yoast_head_json":{"title":"Sautez dans l'action 2024 Inscription - uOttawa - Heart Institute","description":"Inscrivez-vous! Remplissez le formulaire ci-dessous pour vous inscrire. Vous aimeriez recueillir des fonds durant votre d\u00e9fi? Si oui, cliquez ici. Vous pourriez gagner des prix!","robots":{"index":"index","follow":"follow","max-snippet":"max-snippet:-1","max-image-preview":"max-image-preview:large","max-video-preview":"max-video-preview:-1"},"canonical":"https:\/\/foundation.ottawaheart.ca\/fr\/sautez-dans-laction-2024-inscription\/","og_locale":"fr_FR","og_type":"article","og_title":"Sautez dans l'action 2024 Inscription","og_description":"Inscrivez-vous! Remplissez le formulaire ci-dessous pour vous inscrire. Vous aimeriez recueillir des fonds durant votre d\u00e9fi? Si oui, cliquez ici. Vous pourriez gagner des prix!","og_url":"https:\/\/foundation.ottawaheart.ca\/fr\/sautez-dans-laction-2024-inscription\/","og_site_name":"uOttawa - Heart Institute","article_publisher":"https:\/\/www.facebook.com\/heartinstitutefoundation\/","article_modified_time":"2024-09-12T15:38:50+00:00","og_image":[{"url":"https:\/\/foundation.ottawaheart.ca\/wp-content\/uploads\/2024\/08\/uohi-foundation-logo-vertical-stacked-1.webp","type":"","width":"","height":""}],"twitter_card":"summary_large_image","twitter_site":"@HeartFDN","twitter_misc":{"Dur\u00e9e de lecture estim\u00e9e":"2 minutes"},"schema":{"@context":"https:\/\/schema.org","@graph":[{"@type":"WebPage","@id":"https:\/\/foundation.ottawaheart.ca\/fr\/sautez-dans-laction-2024-inscription\/","url":"https:\/\/foundation.ottawaheart.ca\/fr\/sautez-dans-laction-2024-inscription\/","name":"Sautez dans l'action 2024 Inscription - uOttawa - Heart Institute","isPartOf":{"@id":"https:\/\/foundation.ottawaheart.ca\/#website"},"primaryImageOfPage":{"@id":"https:\/\/foundation.ottawaheart.ca\/fr\/sautez-dans-laction-2024-inscription\/#primaryimage"},"image":{"@id":"https:\/\/foundation.ottawaheart.ca\/fr\/sautez-dans-laction-2024-inscription\/#primaryimage"},"thumbnailUrl":"https:\/\/foundation.ottawaheart.ca\/wp-content\/uploads\/2024\/08\/uohi-foundation-logo-vertical-stacked-1.webp","datePublished":"2024-08-15T17:53:56+00:00","dateModified":"2024-09-12T15:38:50+00:00","description":"Inscrivez-vous! Remplissez le formulaire ci-dessous pour vous inscrire. Vous aimeriez recueillir des fonds durant votre d\u00e9fi? Si oui, cliquez ici. Vous pourriez gagner des prix!","breadcrumb":{"@id":"https:\/\/foundation.ottawaheart.ca\/fr\/sautez-dans-laction-2024-inscription\/#breadcrumb"},"inLanguage":"fr-FR","potentialAction":[{"@type":"ReadAction","target":["https:\/\/foundation.ottawaheart.ca\/fr\/sautez-dans-laction-2024-inscription\/"]}]},{"@type":"ImageObject","inLanguage":"fr-FR","@id":"https:\/\/foundation.ottawaheart.ca\/fr\/sautez-dans-laction-2024-inscription\/#primaryimage","url":"https:\/\/foundation.ottawaheart.ca\/wp-content\/uploads\/2024\/08\/uohi-foundation-logo-vertical-stacked-1.webp","contentUrl":"https:\/\/foundation.ottawaheart.ca\/wp-content\/uploads\/2024\/08\/uohi-foundation-logo-vertical-stacked-1.webp"},{"@type":"BreadcrumbList","@id":"https:\/\/foundation.ottawaheart.ca\/fr\/sautez-dans-laction-2024-inscription\/#breadcrumb","itemListElement":[{"@type":"ListItem","position":1,"name":"Home","item":"https:\/\/foundation.ottawaheart.ca\/fr\/"},{"@type":"ListItem","position":2,"name":"Sautez dans l&#8217;action 2024 Inscription"}]},{"@type":"WebSite","@id":"https:\/\/foundation.ottawaheart.ca\/#website","url":"https:\/\/foundation.ottawaheart.ca\/","name":"uOttawa - Heart Institute","description":"","publisher":{"@id":"https:\/\/foundation.ottawaheart.ca\/#organization"},"potentialAction":[{"@type":"SearchAction","target":{"@type":"EntryPoint","urlTemplate":"https:\/\/foundation.ottawaheart.ca\/?s={search_term_string}"},"query-input":{"@type":"PropertyValueSpecification","valueRequired":true,"valueName":"search_term_string"}}],"inLanguage":"fr-FR"},{"@type":"Organization","@id":"https:\/\/foundation.ottawaheart.ca\/#organization","name":"uOttawa - Heart Institute","url":"https:\/\/foundation.ottawaheart.ca\/","logo":{"@type":"ImageObject","inLanguage":"fr-FR","@id":"https:\/\/foundation.ottawaheart.ca\/#\/schema\/logo\/image\/","url":"https:\/\/foundation.ottawaheart.ca\/wp-content\/uploads\/2023\/07\/logo-3.png","contentUrl":"https:\/\/foundation.ottawaheart.ca\/wp-content\/uploads\/2023\/07\/logo-3.png","width":385,"height":84,"caption":"uOttawa - Heart Institute"},"image":{"@id":"https:\/\/foundation.ottawaheart.ca\/#\/schema\/logo\/image\/"},"sameAs":["https:\/\/www.facebook.com\/heartinstitutefoundation\/","https:\/\/x.com\/HeartFDN","https:\/\/www.instagram.com\/heartinstitutefoundation\/","https:\/\/www.linkedin.com\/company\/the-university-of-ottawa-heart-institute-foundation"]}]}},"_links":{"self":[{"href":"https:\/\/foundation.ottawaheart.ca\/fr\/wp-json\/wp\/v2\/pages\/15989","targetHints":{"allow":["GET"]}}],"collection":[{"href":"https:\/\/foundation.ottawaheart.ca\/fr\/wp-json\/wp\/v2\/pages"}],"about":[{"href":"https:\/\/foundation.ottawaheart.ca\/fr\/wp-json\/wp\/v2\/types\/page"}],"author":[{"embeddable":true,"href":"https:\/\/foundation.ottawaheart.ca\/fr\/wp-json\/wp\/v2\/users\/6"}],"replies":[{"embeddable":true,"href":"https:\/\/foundation.ottawaheart.ca\/fr\/wp-json\/wp\/v2\/comments?post=15989"}],"version-history":[{"count":30,"href":"https:\/\/foundation.ottawaheart.ca\/fr\/wp-json\/wp\/v2\/pages\/15989\/revisions"}],"predecessor-version":[{"id":16242,"href":"https:\/\/foundation.ottawaheart.ca\/fr\/wp-json\/wp\/v2\/pages\/15989\/revisions\/16242"}],"wp:attachment":[{"href":"https:\/\/foundation.ottawaheart.ca\/fr\/wp-json\/wp\/v2\/media?parent=15989"}],"curies":[{"name":"wp","href":"https:\/\/api.w.org\/{rel}","templated":true}]}}