{"id":16324,"date":"2024-08-14T17:49:16","date_gmt":"2024-08-14T17:49:16","guid":{"rendered":"https:\/\/ottawaheart.s2.whc.webmarketersdev.ca\/?page_id=16324"},"modified":"2024-10-09T12:52:16","modified_gmt":"2024-10-09T12:52:16","slug":"appel-conseil-dadmin","status":"publish","type":"page","link":"https:\/\/foundation.ottawaheart.ca\/fr\/appel-conseil-dadmin\/","title":{"rendered":"Appel conseil d&rsquo;admin"},"content":{"rendered":"\t\t<div data-elementor-type=\"wp-page\" data-elementor-id=\"16324\" class=\"elementor elementor-16324 elementor-15712\" data-elementor-post-type=\"page\">\n\t\t\t\t\t\t<section class=\"elementor-section elementor-top-section elementor-element elementor-element-f0f05ba elementor-section-full_width p-lr  pb-50 pt-50 elementor-section-height-default elementor-section-height-default\" data-id=\"f0f05ba\" data-element_type=\"section\" data-e-type=\"section\" data-settings=\"{&quot;background_background&quot;:&quot;classic&quot;}\">\n\t\t\t\t\t\t<div class=\"elementor-container elementor-column-gap-default\">\n\t\t\t\t\t<div class=\"elementor-column elementor-col-100 elementor-top-column elementor-element elementor-element-21f66ac\" data-id=\"21f66ac\" data-element_type=\"column\" data-e-type=\"column\">\n\t\t\t<div class=\"elementor-widget-wrap elementor-element-populated\">\n\t\t\t\t\t\t<section class=\"elementor-section elementor-inner-section elementor-element elementor-element-8333f0a elementor-section-boxed elementor-section-height-default elementor-section-height-default\" data-id=\"8333f0a\" data-element_type=\"section\" data-e-type=\"section\">\n\t\t\t\t\t\t<div class=\"elementor-container elementor-column-gap-default\">\n\t\t\t\t\t<div class=\"elementor-column elementor-col-100 elementor-inner-column elementor-element elementor-element-a2b2ae0\" data-id=\"a2b2ae0\" data-element_type=\"column\" data-e-type=\"column\">\n\t\t\t<div class=\"elementor-widget-wrap elementor-element-populated\">\n\t\t\t\t\t\t<div class=\"elementor-element elementor-element-41b604c elementor-widget elementor-widget-heading\" data-id=\"41b604c\" data-element_type=\"widget\" data-e-type=\"widget\" data-widget_type=\"heading.default\">\n\t\t\t\t<div class=\"elementor-widget-container\">\n\t\t\t\t\t<h1 class=\"elementor-heading-title elementor-size-default\">Fa\u00e7ons de donner<\/h1>\t\t\t\t<\/div>\n\t\t\t\t<\/div>\n\t\t\t\t\t<\/div>\n\t\t<\/div>\n\t\t\t\t\t<\/div>\n\t\t<\/section>\n\t\t\t\t\t<\/div>\n\t\t<\/div>\n\t\t\t\t\t<\/div>\n\t\t<\/section>\n\t\t<div class=\"elementor-element elementor-element-a9cb03b pt-50 e-flex e-con-boxed e-con e-parent\" data-id=\"a9cb03b\" data-element_type=\"container\" data-e-type=\"container\">\n\t\t\t\t\t<div class=\"e-con-inner\">\n\t\t\t\t<div class=\"elementor-element elementor-element-cc0cb31 elementor-widget__width-initial elementor-alert-info elementor-widget elementor-widget-alert\" data-id=\"cc0cb31\" data-element_type=\"widget\" data-e-type=\"widget\" data-widget_type=\"alert.default\">\n\t\t\t\t<div class=\"elementor-widget-container\">\n\t\t\t\t\t\t\t<div class=\"elementor-alert\" role=\"alert\">\n\n\t\t\t\t\t\t<span class=\"elementor-alert-title\">Vous n\u2019arrivez pas \u00e0 faire votre don en ligne?<\/span>\n\t\t\t\n\t\t\t\t\t\t<span class=\"elementor-alert-description\">Nous nous ferons un plaisir de vous aider! Appelez-nous au 613-696-7030 ou \u00e9crivez-nous \u00e0 l\u2019adresse <a href=\"mailto:onlinegiving@ottawaheart.ca\"> onlinegiving@ottawaheart.ca<\/a>.\n<\/span>\n\t\t\t\n\t\t\t\t\t\t<button type=\"button\" class=\"elementor-alert-dismiss\" aria-label=\"Ignorer cette alerte.\">\n\t\t\t\t\t\t\t\t\t<span aria-hidden=\"true\">&times;<\/span>\n\t\t\t\t\t\t\t<\/button>\n\t\t\t\n\t\t<\/div>\n\t\t\t\t\t\t<\/div>\n\t\t\t\t<\/div>\n\t\t\t\t<div class=\"elementor-element elementor-element-aeca996 elementor-hidden-tablet_extra elementor-hidden-tablet elementor-hidden-mobile_extra elementor-hidden-mobile elementor-widget elementor-widget-heading\" data-id=\"aeca996\" data-element_type=\"widget\" data-e-type=\"widget\" data-widget_type=\"heading.default\">\n\t\t\t\t<div class=\"elementor-widget-container\">\n\t\t\t\t\t<h2 class=\"elementor-heading-title elementor-size-default\">Quand j\u2019ai commenc\u00e9 \u00e0 m\u2019impliquer \u00e0 l\u2019Institut, je ne savais pas qu\u2019il sauverait un jour la vie de mon p\u00e8re.\n<\/h2>\t\t\t\t<\/div>\n\t\t\t\t<\/div>\n\t\t<div class=\"elementor-element elementor-element-c3d991c e-con-full e-flex e-con e-child\" data-id=\"c3d991c\" data-element_type=\"container\" data-e-type=\"container\">\n\t\t<div class=\"elementor-element elementor-element-a05679d e-flex e-con-boxed e-con e-child\" data-id=\"a05679d\" data-element_type=\"container\" data-e-type=\"container\">\n\t\t\t\t\t<div class=\"e-con-inner\">\n\t\t\t\t<div class=\"elementor-element elementor-element-bcd8f9b elementor-hidden-tablet_extra elementor-hidden-tablet elementor-hidden-mobile_extra elementor-hidden-mobile elementor-widget elementor-widget-heading\" data-id=\"bcd8f9b\" data-element_type=\"widget\" data-e-type=\"widget\" data-widget_type=\"heading.default\">\n\t\t\t\t<div class=\"elementor-widget-container\">\n\t\t\t\t\t<h3 class=\"elementor-heading-title elementor-size-default\">L\u2019engagement de cet \u00e9tablissement \u00e0 mener des recherches avant-gardistes et \u00e0 chercher des traitements pour les maladies cardiovasculaires, y compris les maladies rares et difficiles \u00e0 traiter, est une source d\u2019espoir.<\/h3>\t\t\t\t<\/div>\n\t\t\t\t<\/div>\n\t\t\t\t<div class=\"elementor-element elementor-element-f759a1d elementor-widget elementor-widget-text-editor\" data-id=\"f759a1d\" data-element_type=\"widget\" data-e-type=\"widget\" data-widget_type=\"text-editor.default\">\n\t\t\t\t<div class=\"elementor-widget-container\">\n\t\t\t\t\t\t\t\t\t<p><strong>l\u2019Institut de cardiologie est l\u00e0 pour votre famille lorsqu\u2019elle en a besoin. Je vous invite \u00e0 faire d\u00e8s aujourd\u2019hui un don \u00e0 l\u2019appui de traitements et de soins <\/strong><strong>novateurs.<\/strong><\/p>\t\t\t\t\t\t\t\t<\/div>\n\t\t\t\t<\/div>\n\t\t\t\t<div class=\"elementor-element elementor-element-8245fb4 elementor-widget elementor-widget-text-editor\" data-id=\"8245fb4\" data-element_type=\"widget\" data-e-type=\"widget\" data-widget_type=\"text-editor.default\">\n\t\t\t\t<div class=\"elementor-widget-container\">\n\t\t\t\t\t\t\t\t\t<p>Votre don aidera nos patients, en particulier ceux atteints d\u2019une maladie cardiaque rare et complexe, \u00e0 recevoir les meilleurs soins possibles.<\/p>\t\t\t\t\t\t\t\t<\/div>\n\t\t\t\t<\/div>\n\t\t\t\t<div class=\"elementor-element elementor-element-d953632 elementor-widget__width-initial elementor-widget elementor-widget-html\" data-id=\"d953632\" data-element_type=\"widget\" data-e-type=\"widget\" data-widget_type=\"html.default\">\n\t\t\t\t<div class=\"elementor-widget-container\">\n\t\t\t\t\t<div id=\"blackbaud-donation-form_f6548e06-2da3-477e-a2d7-acd055d9be1c\"><\/div>\r\n        <script src=\"https:\/\/sky.blackbaudcdn.net\/static\/donor-form-loader\/2\/main.js\"><\/script>\r\n        <script>BBDonorFormLoader.newBlackbaudDonationFormZoned('renxt', 'p-cegoxbK_F0Kgt4zC3Qjmhw', 'f6548e06-2da3-477e-a2d7-acd055d9be1c', 'can')<\/script>\t\t\t\t<\/div>\n\t\t\t\t<\/div>\n\t\t\t\t\t<\/div>\n\t\t\t\t<\/div>\n\t\t<div class=\"elementor-element elementor-element-dc2843a e-con-full wm-right-container e-flex e-con e-child\" data-id=\"dc2843a\" data-element_type=\"container\" data-e-type=\"container\" data-settings=\"{&quot;sticky_offset_tablet_extra&quot;:150,&quot;sticky_parent&quot;:&quot;yes&quot;,&quot;sticky&quot;:&quot;bottom&quot;,&quot;sticky_on&quot;:[&quot;widescreen&quot;,&quot;desktop&quot;,&quot;laptop&quot;,&quot;tablet_extra&quot;],&quot;sticky_offset&quot;:0,&quot;sticky_effects_offset&quot;:0,&quot;sticky_anchor_link_offset&quot;:0}\">\n\t\t\t\t<div class=\"elementor-element elementor-element-f2cd9bd elementor-hidden-tablet_extra elementor-hidden-tablet elementor-hidden-mobile_extra elementor-hidden-mobile elementor-widget elementor-widget-image\" data-id=\"f2cd9bd\" data-element_type=\"widget\" data-e-type=\"widget\" data-widget_type=\"image.default\">\n\t\t\t\t<div class=\"elementor-widget-container\">\n\t\t\t\t\t\t\t\t\t\t\t\t\t\t\t<img fetchpriority=\"high\" decoding=\"async\" width=\"768\" height=\"1024\" src=\"https:\/\/foundation.ottawaheart.ca\/wp-content\/uploads\/2024\/08\/Board-Chair-Appeal-Family-Photos-768x1024.png\" class=\"attachment-large size-large wp-image-16095\" alt=\"Board Chair Appeal Family Photos\" srcset=\"https:\/\/foundation.ottawaheart.ca\/wp-content\/uploads\/2024\/08\/Board-Chair-Appeal-Family-Photos-768x1024.png 768w, https:\/\/foundation.ottawaheart.ca\/wp-content\/uploads\/2024\/08\/Board-Chair-Appeal-Family-Photos-225x300.png 225w, https:\/\/foundation.ottawaheart.ca\/wp-content\/uploads\/2024\/08\/Board-Chair-Appeal-Family-Photos-1152x1536.png 1152w, https:\/\/foundation.ottawaheart.ca\/wp-content\/uploads\/2024\/08\/Board-Chair-Appeal-Family-Photos-1536x2048.png 1536w, https:\/\/foundation.ottawaheart.ca\/wp-content\/uploads\/2024\/08\/Board-Chair-Appeal-Family-Photos.png 1728w\" sizes=\"(max-width: 768px) 100vw, 768px\" \/>\t\t\t\t\t\t\t\t\t\t\t\t\t\t\t<\/div>\n\t\t\t\t<\/div>\n\t\t\t\t<\/div>\n\t\t\t\t<\/div>\n\t\t\t\t\t<\/div>\n\t\t\t\t<\/div>\n\t\t\t\t<\/div>\n\t\t","protected":false},"excerpt":{"rendered":"<p>Fa\u00e7ons de donner Vous n\u2019arrivez pas \u00e0 faire votre don en ligne? Nous nous ferons un plaisir de vous aider! Appelez-nous au 613-696-7030 ou \u00e9crivez-nous \u00e0 l\u2019adresse onlinegiving@ottawaheart.ca. \u00d7 Dismiss [&hellip;]<\/p>\n","protected":false},"author":6,"featured_media":0,"parent":0,"menu_order":0,"comment_status":"closed","ping_status":"closed","template":"","meta":{"_acf_changed":false,"footnotes":""},"class_list":["post-16324","page","type-page","status-publish","hentry"],"acf":[],"yoast_head":"<!-- This site is optimized with the Yoast SEO Premium plugin v22.2 (Yoast SEO v27.0) - https:\/\/yoast.com\/product\/yoast-seo-premium-wordpress\/ -->\n<title>Appel conseil d&#039;admin - uOttawa - Heart Institute<\/title>\n<meta name=\"description\" content=\"Votre don aidera nos patients, en particulier ceux atteints d\u2019une maladie cardiaque rare et complexe, \u00e0 recevoir les meilleurs soins possibles.\" \/>\n<meta name=\"robots\" content=\"index, follow, max-snippet:-1, max-image-preview:large, max-video-preview:-1\" \/>\n<link rel=\"canonical\" href=\"https:\/\/foundation.ottawaheart.ca\/fr\/appel-conseil-dadmin\/\" \/>\n<meta property=\"og:locale\" content=\"fr_FR\" \/>\n<meta property=\"og:type\" content=\"article\" \/>\n<meta property=\"og:title\" content=\"Appel conseil d&#039;admin\" \/>\n<meta property=\"og:description\" content=\"Votre don aidera nos patients, en particulier ceux atteints d\u2019une maladie cardiaque rare et complexe, \u00e0 recevoir les meilleurs soins possibles.\" \/>\n<meta property=\"og:url\" content=\"https:\/\/foundation.ottawaheart.ca\/fr\/appel-conseil-dadmin\/\" \/>\n<meta property=\"og:site_name\" content=\"uOttawa - Heart Institute\" \/>\n<meta property=\"article:publisher\" content=\"https:\/\/www.facebook.com\/heartinstitutefoundation\/\" \/>\n<meta property=\"article:modified_time\" content=\"2024-10-09T12:52:16+00:00\" \/>\n<meta property=\"og:image\" content=\"https:\/\/foundation.ottawaheart.ca\/wp-content\/uploads\/2024\/08\/Board-Chair-Appeal-Family-Photos-768x1024.png\" \/>\n<meta name=\"twitter:card\" content=\"summary_large_image\" \/>\n<meta name=\"twitter:site\" content=\"@HeartFDN\" \/>\n<meta name=\"twitter:label1\" content=\"Dur\u00e9e de lecture estim\u00e9e\" \/>\n\t<meta name=\"twitter:data1\" content=\"1 minute\" \/>\n<script type=\"application\/ld+json\" class=\"yoast-schema-graph\">{\"@context\":\"https:\/\/schema.org\",\"@graph\":[{\"@type\":\"WebPage\",\"@id\":\"https:\/\/foundation.ottawaheart.ca\/fr\/appel-conseil-dadmin\/\",\"url\":\"https:\/\/foundation.ottawaheart.ca\/fr\/appel-conseil-dadmin\/\",\"name\":\"Appel conseil d'admin - uOttawa - Heart Institute\",\"isPartOf\":{\"@id\":\"https:\/\/foundation.ottawaheart.ca\/#website\"},\"primaryImageOfPage\":{\"@id\":\"https:\/\/foundation.ottawaheart.ca\/fr\/appel-conseil-dadmin\/#primaryimage\"},\"image\":{\"@id\":\"https:\/\/foundation.ottawaheart.ca\/fr\/appel-conseil-dadmin\/#primaryimage\"},\"thumbnailUrl\":\"https:\/\/foundation.ottawaheart.ca\/wp-content\/uploads\/2024\/08\/Board-Chair-Appeal-Family-Photos-768x1024.png\",\"datePublished\":\"2024-08-14T17:49:16+00:00\",\"dateModified\":\"2024-10-09T12:52:16+00:00\",\"description\":\"Votre don aidera nos patients, en particulier ceux atteints d\u2019une maladie cardiaque rare et complexe, \u00e0 recevoir les meilleurs soins possibles.\",\"breadcrumb\":{\"@id\":\"https:\/\/foundation.ottawaheart.ca\/fr\/appel-conseil-dadmin\/#breadcrumb\"},\"inLanguage\":\"fr-FR\",\"potentialAction\":[{\"@type\":\"ReadAction\",\"target\":[\"https:\/\/foundation.ottawaheart.ca\/fr\/appel-conseil-dadmin\/\"]}]},{\"@type\":\"ImageObject\",\"inLanguage\":\"fr-FR\",\"@id\":\"https:\/\/foundation.ottawaheart.ca\/fr\/appel-conseil-dadmin\/#primaryimage\",\"url\":\"https:\/\/foundation.ottawaheart.ca\/wp-content\/uploads\/2024\/08\/Board-Chair-Appeal-Family-Photos-768x1024.png\",\"contentUrl\":\"https:\/\/foundation.ottawaheart.ca\/wp-content\/uploads\/2024\/08\/Board-Chair-Appeal-Family-Photos-768x1024.png\"},{\"@type\":\"BreadcrumbList\",\"@id\":\"https:\/\/foundation.ottawaheart.ca\/fr\/appel-conseil-dadmin\/#breadcrumb\",\"itemListElement\":[{\"@type\":\"ListItem\",\"position\":1,\"name\":\"Home\",\"item\":\"https:\/\/foundation.ottawaheart.ca\/fr\/\"},{\"@type\":\"ListItem\",\"position\":2,\"name\":\"Appel conseil d&#8217;admin\"}]},{\"@type\":\"WebSite\",\"@id\":\"https:\/\/foundation.ottawaheart.ca\/#website\",\"url\":\"https:\/\/foundation.ottawaheart.ca\/\",\"name\":\"uOttawa - Heart Institute\",\"description\":\"\",\"publisher\":{\"@id\":\"https:\/\/foundation.ottawaheart.ca\/#organization\"},\"potentialAction\":[{\"@type\":\"SearchAction\",\"target\":{\"@type\":\"EntryPoint\",\"urlTemplate\":\"https:\/\/foundation.ottawaheart.ca\/?s={search_term_string}\"},\"query-input\":{\"@type\":\"PropertyValueSpecification\",\"valueRequired\":true,\"valueName\":\"search_term_string\"}}],\"inLanguage\":\"fr-FR\"},{\"@type\":\"Organization\",\"@id\":\"https:\/\/foundation.ottawaheart.ca\/#organization\",\"name\":\"uOttawa - Heart Institute\",\"url\":\"https:\/\/foundation.ottawaheart.ca\/\",\"logo\":{\"@type\":\"ImageObject\",\"inLanguage\":\"fr-FR\",\"@id\":\"https:\/\/foundation.ottawaheart.ca\/#\/schema\/logo\/image\/\",\"url\":\"https:\/\/foundation.ottawaheart.ca\/wp-content\/uploads\/2023\/07\/logo-3.png\",\"contentUrl\":\"https:\/\/foundation.ottawaheart.ca\/wp-content\/uploads\/2023\/07\/logo-3.png\",\"width\":385,\"height\":84,\"caption\":\"uOttawa - Heart Institute\"},\"image\":{\"@id\":\"https:\/\/foundation.ottawaheart.ca\/#\/schema\/logo\/image\/\"},\"sameAs\":[\"https:\/\/www.facebook.com\/heartinstitutefoundation\/\",\"https:\/\/x.com\/HeartFDN\",\"https:\/\/www.instagram.com\/heartinstitutefoundation\/\",\"https:\/\/www.linkedin.com\/company\/the-university-of-ottawa-heart-institute-foundation\"]}]}<\/script>\n<!-- \/ Yoast SEO Premium plugin. -->","yoast_head_json":{"title":"Appel conseil d'admin - uOttawa - Heart Institute","description":"Votre don aidera nos patients, en particulier ceux atteints d\u2019une maladie cardiaque rare et complexe, \u00e0 recevoir les meilleurs soins possibles.","robots":{"index":"index","follow":"follow","max-snippet":"max-snippet:-1","max-image-preview":"max-image-preview:large","max-video-preview":"max-video-preview:-1"},"canonical":"https:\/\/foundation.ottawaheart.ca\/fr\/appel-conseil-dadmin\/","og_locale":"fr_FR","og_type":"article","og_title":"Appel conseil d'admin","og_description":"Votre don aidera nos patients, en particulier ceux atteints d\u2019une maladie cardiaque rare et complexe, \u00e0 recevoir les meilleurs soins possibles.","og_url":"https:\/\/foundation.ottawaheart.ca\/fr\/appel-conseil-dadmin\/","og_site_name":"uOttawa - Heart Institute","article_publisher":"https:\/\/www.facebook.com\/heartinstitutefoundation\/","article_modified_time":"2024-10-09T12:52:16+00:00","og_image":[{"url":"https:\/\/foundation.ottawaheart.ca\/wp-content\/uploads\/2024\/08\/Board-Chair-Appeal-Family-Photos-768x1024.png","type":"","width":"","height":""}],"twitter_card":"summary_large_image","twitter_site":"@HeartFDN","twitter_misc":{"Dur\u00e9e de lecture estim\u00e9e":"1 minute"},"schema":{"@context":"https:\/\/schema.org","@graph":[{"@type":"WebPage","@id":"https:\/\/foundation.ottawaheart.ca\/fr\/appel-conseil-dadmin\/","url":"https:\/\/foundation.ottawaheart.ca\/fr\/appel-conseil-dadmin\/","name":"Appel conseil d'admin - uOttawa - Heart Institute","isPartOf":{"@id":"https:\/\/foundation.ottawaheart.ca\/#website"},"primaryImageOfPage":{"@id":"https:\/\/foundation.ottawaheart.ca\/fr\/appel-conseil-dadmin\/#primaryimage"},"image":{"@id":"https:\/\/foundation.ottawaheart.ca\/fr\/appel-conseil-dadmin\/#primaryimage"},"thumbnailUrl":"https:\/\/foundation.ottawaheart.ca\/wp-content\/uploads\/2024\/08\/Board-Chair-Appeal-Family-Photos-768x1024.png","datePublished":"2024-08-14T17:49:16+00:00","dateModified":"2024-10-09T12:52:16+00:00","description":"Votre don aidera nos patients, en particulier ceux atteints d\u2019une maladie cardiaque rare et complexe, \u00e0 recevoir les meilleurs soins possibles.","breadcrumb":{"@id":"https:\/\/foundation.ottawaheart.ca\/fr\/appel-conseil-dadmin\/#breadcrumb"},"inLanguage":"fr-FR","potentialAction":[{"@type":"ReadAction","target":["https:\/\/foundation.ottawaheart.ca\/fr\/appel-conseil-dadmin\/"]}]},{"@type":"ImageObject","inLanguage":"fr-FR","@id":"https:\/\/foundation.ottawaheart.ca\/fr\/appel-conseil-dadmin\/#primaryimage","url":"https:\/\/foundation.ottawaheart.ca\/wp-content\/uploads\/2024\/08\/Board-Chair-Appeal-Family-Photos-768x1024.png","contentUrl":"https:\/\/foundation.ottawaheart.ca\/wp-content\/uploads\/2024\/08\/Board-Chair-Appeal-Family-Photos-768x1024.png"},{"@type":"BreadcrumbList","@id":"https:\/\/foundation.ottawaheart.ca\/fr\/appel-conseil-dadmin\/#breadcrumb","itemListElement":[{"@type":"ListItem","position":1,"name":"Home","item":"https:\/\/foundation.ottawaheart.ca\/fr\/"},{"@type":"ListItem","position":2,"name":"Appel conseil d&#8217;admin"}]},{"@type":"WebSite","@id":"https:\/\/foundation.ottawaheart.ca\/#website","url":"https:\/\/foundation.ottawaheart.ca\/","name":"uOttawa - Heart Institute","description":"","publisher":{"@id":"https:\/\/foundation.ottawaheart.ca\/#organization"},"potentialAction":[{"@type":"SearchAction","target":{"@type":"EntryPoint","urlTemplate":"https:\/\/foundation.ottawaheart.ca\/?s={search_term_string}"},"query-input":{"@type":"PropertyValueSpecification","valueRequired":true,"valueName":"search_term_string"}}],"inLanguage":"fr-FR"},{"@type":"Organization","@id":"https:\/\/foundation.ottawaheart.ca\/#organization","name":"uOttawa - Heart Institute","url":"https:\/\/foundation.ottawaheart.ca\/","logo":{"@type":"ImageObject","inLanguage":"fr-FR","@id":"https:\/\/foundation.ottawaheart.ca\/#\/schema\/logo\/image\/","url":"https:\/\/foundation.ottawaheart.ca\/wp-content\/uploads\/2023\/07\/logo-3.png","contentUrl":"https:\/\/foundation.ottawaheart.ca\/wp-content\/uploads\/2023\/07\/logo-3.png","width":385,"height":84,"caption":"uOttawa - Heart Institute"},"image":{"@id":"https:\/\/foundation.ottawaheart.ca\/#\/schema\/logo\/image\/"},"sameAs":["https:\/\/www.facebook.com\/heartinstitutefoundation\/","https:\/\/x.com\/HeartFDN","https:\/\/www.instagram.com\/heartinstitutefoundation\/","https:\/\/www.linkedin.com\/company\/the-university-of-ottawa-heart-institute-foundation"]}]}},"_links":{"self":[{"href":"https:\/\/foundation.ottawaheart.ca\/fr\/wp-json\/wp\/v2\/pages\/16324","targetHints":{"allow":["GET"]}}],"collection":[{"href":"https:\/\/foundation.ottawaheart.ca\/fr\/wp-json\/wp\/v2\/pages"}],"about":[{"href":"https:\/\/foundation.ottawaheart.ca\/fr\/wp-json\/wp\/v2\/types\/page"}],"author":[{"embeddable":true,"href":"https:\/\/foundation.ottawaheart.ca\/fr\/wp-json\/wp\/v2\/users\/6"}],"replies":[{"embeddable":true,"href":"https:\/\/foundation.ottawaheart.ca\/fr\/wp-json\/wp\/v2\/comments?post=16324"}],"version-history":[{"count":27,"href":"https:\/\/foundation.ottawaheart.ca\/fr\/wp-json\/wp\/v2\/pages\/16324\/revisions"}],"predecessor-version":[{"id":16705,"href":"https:\/\/foundation.ottawaheart.ca\/fr\/wp-json\/wp\/v2\/pages\/16324\/revisions\/16705"}],"wp:attachment":[{"href":"https:\/\/foundation.ottawaheart.ca\/fr\/wp-json\/wp\/v2\/media?parent=16324"}],"curies":[{"name":"wp","href":"https:\/\/api.w.org\/{rel}","templated":true}]}}