{"id":16885,"date":"2024-10-29T17:03:22","date_gmt":"2024-10-29T17:03:22","guid":{"rendered":"https:\/\/ottawaheart.s2.whc.webmarketersdev.ca\/?page_id=16885"},"modified":"2025-11-11T18:46:06","modified_gmt":"2025-11-11T18:46:06","slug":"mardi-je-donne","status":"publish","type":"page","link":"https:\/\/foundation.ottawaheart.ca\/fr\/mardi-je-donne\/","title":{"rendered":"mardi je donne"},"content":{"rendered":"\t\t<div data-elementor-type=\"wp-page\" data-elementor-id=\"16885\" class=\"elementor elementor-16885 elementor-16869\" data-elementor-post-type=\"page\">\n\t\t\t\t\t\t<section class=\"elementor-section elementor-top-section elementor-element elementor-element-f0f05ba elementor-section-full_width p-lr  pb-50 pt-50 elementor-section-height-default elementor-section-height-default\" data-id=\"f0f05ba\" data-element_type=\"section\" data-e-type=\"section\" data-settings=\"{&quot;background_background&quot;:&quot;classic&quot;}\">\n\t\t\t\t\t\t<div class=\"elementor-container elementor-column-gap-default\">\n\t\t\t\t\t<div class=\"elementor-column elementor-col-100 elementor-top-column elementor-element elementor-element-21f66ac\" data-id=\"21f66ac\" data-element_type=\"column\" data-e-type=\"column\">\n\t\t\t<div class=\"elementor-widget-wrap elementor-element-populated\">\n\t\t\t\t\t\t<section class=\"elementor-section elementor-inner-section elementor-element elementor-element-8333f0a elementor-section-boxed elementor-section-height-default elementor-section-height-default\" data-id=\"8333f0a\" data-element_type=\"section\" data-e-type=\"section\">\n\t\t\t\t\t\t<div class=\"elementor-container elementor-column-gap-default\">\n\t\t\t\t\t<div class=\"elementor-column elementor-col-100 elementor-inner-column elementor-element elementor-element-a2b2ae0\" data-id=\"a2b2ae0\" data-element_type=\"column\" data-e-type=\"column\">\n\t\t\t<div class=\"elementor-widget-wrap elementor-element-populated\">\n\t\t\t\t\t\t<div class=\"elementor-element elementor-element-41b604c elementor-widget elementor-widget-heading\" data-id=\"41b604c\" data-element_type=\"widget\" data-e-type=\"widget\" data-widget_type=\"heading.default\">\n\t\t\t\t<div class=\"elementor-widget-container\">\n\t\t\t\t\t<h1 class=\"elementor-heading-title elementor-size-default\">Fa\u00e7ons de donner<\/h1>\t\t\t\t<\/div>\n\t\t\t\t<\/div>\n\t\t\t\t\t<\/div>\n\t\t<\/div>\n\t\t\t\t\t<\/div>\n\t\t<\/section>\n\t\t\t\t\t<\/div>\n\t\t<\/div>\n\t\t\t\t\t<\/div>\n\t\t<\/section>\n\t\t<div class=\"elementor-element elementor-element-a9cb03b pt-50 e-flex e-con-boxed e-con e-parent\" data-id=\"a9cb03b\" data-element_type=\"container\" data-e-type=\"container\" data-settings=\"{&quot;background_background&quot;:&quot;classic&quot;}\">\n\t\t\t\t\t<div class=\"e-con-inner\">\n\t\t\t\t<div class=\"elementor-element elementor-element-cc0cb31 elementor-widget__width-initial elementor-alert-info elementor-widget elementor-widget-alert\" data-id=\"cc0cb31\" data-element_type=\"widget\" data-e-type=\"widget\" data-widget_type=\"alert.default\">\n\t\t\t\t<div class=\"elementor-widget-container\">\n\t\t\t\t\t\t\t<div class=\"elementor-alert\" role=\"alert\">\n\n\t\t\t\t\t\t<span class=\"elementor-alert-title\">Vous n\u2019arrivez pas \u00e0 faire votre don en ligne?<\/span>\n\t\t\t\n\t\t\t\t\t\t<span class=\"elementor-alert-description\">Appelez-nous au 613-696-7030 ou \u00e9crivez-nous \u00e0 l\u2019adresse <a href=\"mailto:onlinegiving@ottawaheart.ca\">onlinegiving@ottawaheart.ca<\/a>..\n<\/span>\n\t\t\t\n\t\t\t\t\t\t<button type=\"button\" class=\"elementor-alert-dismiss\" aria-label=\"Ignorer cette alerte.\">\n\t\t\t\t\t\t\t\t\t<span aria-hidden=\"true\">&times;<\/span>\n\t\t\t\t\t\t\t<\/button>\n\t\t\t\n\t\t<\/div>\n\t\t\t\t\t\t<\/div>\n\t\t\t\t<\/div>\n\t\t<div class=\"elementor-element elementor-element-c3d991c e-con-full e-flex e-con e-child\" data-id=\"c3d991c\" data-element_type=\"container\" data-e-type=\"container\">\n\t\t<div class=\"elementor-element elementor-element-a05679d e-flex e-con-boxed e-con e-child\" data-id=\"a05679d\" data-element_type=\"container\" data-e-type=\"container\">\n\t\t\t\t\t<div class=\"e-con-inner\">\n\t\t\t\t<div class=\"elementor-element elementor-element-75b3a82 elementor-widget-mobile__width-inherit elementor-widget-tablet__width-inherit elementor-widget-mobile_extra__width-inherit elementor-widget elementor-widget-text-editor\" data-id=\"75b3a82\" data-element_type=\"widget\" data-e-type=\"widget\" data-widget_type=\"text-editor.default\">\n\t\t\t\t<div class=\"elementor-widget-container\">\n\t\t\t\t\t\t\t\t\t\u00c0 ce jour, <span style=\"color:#b40838;font-weight:bold;\">l\u2019Unit\u00e9 de triage et de soins cardiaques de courte dur\u00e9e (UTSC)<\/span> de l\u2019Institut de cardiologie a enregistr\u00e9 plus de <span style=\"color:#b40838;font-weight:bold;\"> 4000<\/span> visites pour des soins d\u2019urgence, <span style=\"color:#b40838;font-weight:bold;\">et pourrait aider encore plus de patients gr\u00e2ce \u00e0 votre appui.<\/span>\t\t\t\t\t\t\t\t<\/div>\n\t\t\t\t<\/div>\n\t\t\t\t<div class=\"elementor-element elementor-element-f759a1d elementor-widget elementor-widget-text-editor\" data-id=\"f759a1d\" data-element_type=\"widget\" data-e-type=\"widget\" data-widget_type=\"text-editor.default\">\n\t\t\t\t<div class=\"elementor-widget-container\">\n\t\t\t\t\t\t\t\t\t<strong><span style=\"color:#b40838\"; font-size: 18px;>Gr\u00e2ce \u00e0 la g\u00e9n\u00e9rosit\u00e9 de la famille Grass et de son groupe de compagnies<\/strong>, les dons seront \u00e9gal\u00e9s toute la journ\u00e9e!<\/span>\t\t\t\t\t\t\t\t<\/div>\n\t\t\t\t<\/div>\n\t\t\t\t<div class=\"elementor-element elementor-element-d953632 elementor-widget__width-initial elementor-widget elementor-widget-html\" data-id=\"d953632\" data-element_type=\"widget\" data-e-type=\"widget\" data-widget_type=\"html.default\">\n\t\t\t\t<div class=\"elementor-widget-container\">\n\t\t\t\t\t<div id=\"blackbaud-donation-form_fab628de-25c7-4ce4-9622-97a3d1dd8b19\"><\/div>\r\n        <script src=\"https:\/\/sky.blackbaudcdn.net\/static\/donor-form-loader\/2\/main.js\"><\/script>\r\n        <script>BBDonorFormLoader.newBlackbaudDonationFormZoned('renxt', 'p-cegoxbK_F0Kgt4zC3Qjmhw', 'fab628de-25c7-4ce4-9622-97a3d1dd8b19', 'can')<\/script>\t\t\t\t<\/div>\n\t\t\t\t<\/div>\n\t\t\t\t<div class=\"elementor-element elementor-element-29312cd elementor-hidden-widescreen elementor-hidden-desktop elementor-hidden-laptop elementor-widget elementor-widget-image\" data-id=\"29312cd\" data-element_type=\"widget\" data-e-type=\"widget\" data-widget_type=\"image.default\">\n\t\t\t\t<div class=\"elementor-widget-container\">\n\t\t\t\t\t\t\t\t\t\t\t\t\t\t\t<img fetchpriority=\"high\" decoding=\"async\" width=\"800\" height=\"200\" src=\"https:\/\/foundation.ottawaheart.ca\/wp-content\/uploads\/2024\/10\/62222ddb587c2f4ca29d4313_Blancsurrouge-1024x256.png\" class=\"attachment-large size-large wp-image-16890\" alt=\"Mardi je donne\" srcset=\"https:\/\/foundation.ottawaheart.ca\/wp-content\/uploads\/2024\/10\/62222ddb587c2f4ca29d4313_Blancsurrouge-1024x256.png 1024w, https:\/\/foundation.ottawaheart.ca\/wp-content\/uploads\/2024\/10\/62222ddb587c2f4ca29d4313_Blancsurrouge-300x75.png 300w, https:\/\/foundation.ottawaheart.ca\/wp-content\/uploads\/2024\/10\/62222ddb587c2f4ca29d4313_Blancsurrouge-768x192.png 768w, https:\/\/foundation.ottawaheart.ca\/wp-content\/uploads\/2024\/10\/62222ddb587c2f4ca29d4313_Blancsurrouge-1536x384.png 1536w, https:\/\/foundation.ottawaheart.ca\/wp-content\/uploads\/2024\/10\/62222ddb587c2f4ca29d4313_Blancsurrouge-2048x512.png 2048w\" sizes=\"(max-width: 800px) 100vw, 800px\" \/>\t\t\t\t\t\t\t\t\t\t\t\t\t\t\t<\/div>\n\t\t\t\t<\/div>\n\t\t\t\t\t<\/div>\n\t\t\t\t<\/div>\n\t\t<div class=\"elementor-element elementor-element-dc2843a e-con-full wm-right-container elementor-hidden-tablet elementor-hidden-mobile_extra elementor-hidden-mobile e-flex e-con e-child\" data-id=\"dc2843a\" data-element_type=\"container\" data-e-type=\"container\" data-settings=\"{&quot;sticky_offset_tablet_extra&quot;:150,&quot;sticky_parent&quot;:&quot;yes&quot;,&quot;sticky&quot;:&quot;bottom&quot;,&quot;sticky_on&quot;:[&quot;widescreen&quot;,&quot;desktop&quot;,&quot;laptop&quot;,&quot;tablet_extra&quot;],&quot;background_background&quot;:&quot;classic&quot;,&quot;sticky_offset&quot;:0,&quot;sticky_effects_offset&quot;:0,&quot;sticky_anchor_link_offset&quot;:0}\">\n\t\t<div class=\"elementor-element elementor-element-f638f09 e-grid e-con-full e-con e-child\" data-id=\"f638f09\" data-element_type=\"container\" data-e-type=\"container\">\n\t\t\t\t<div class=\"elementor-element elementor-element-b62baee elementor-widget elementor-widget-image\" data-id=\"b62baee\" data-element_type=\"widget\" data-e-type=\"widget\" data-widget_type=\"image.default\">\n\t\t\t\t<div class=\"elementor-widget-container\">\n\t\t\t\t\t\t\t\t\t\t\t\t\t\t\t<img decoding=\"async\" width=\"800\" height=\"800\" src=\"https:\/\/foundation.ottawaheart.ca\/wp-content\/uploads\/2025\/11\/lindsay-mcarthur-ohi-1024x1024.jpg\" class=\"attachment-large size-large wp-image-21479\" alt=\"Lindsay MacArthur\" srcset=\"https:\/\/foundation.ottawaheart.ca\/wp-content\/uploads\/2025\/11\/lindsay-mcarthur-ohi-1024x1024.jpg 1024w, https:\/\/foundation.ottawaheart.ca\/wp-content\/uploads\/2025\/11\/lindsay-mcarthur-ohi-300x300.jpg 300w, https:\/\/foundation.ottawaheart.ca\/wp-content\/uploads\/2025\/11\/lindsay-mcarthur-ohi-150x150.jpg 150w, https:\/\/foundation.ottawaheart.ca\/wp-content\/uploads\/2025\/11\/lindsay-mcarthur-ohi-768x768.jpg 768w, https:\/\/foundation.ottawaheart.ca\/wp-content\/uploads\/2025\/11\/lindsay-mcarthur-ohi-1536x1536.jpg 1536w, https:\/\/foundation.ottawaheart.ca\/wp-content\/uploads\/2025\/11\/lindsay-mcarthur-ohi-2048x2048.jpg 2048w\" sizes=\"(max-width: 800px) 100vw, 800px\" \/>\t\t\t\t\t\t\t\t\t\t\t\t\t\t\t<\/div>\n\t\t\t\t<\/div>\n\t\t\t\t<div class=\"elementor-element elementor-element-411dfec elementor-widget-mobile__width-initial elementor-widget elementor-widget-text-editor\" data-id=\"411dfec\" data-element_type=\"widget\" data-e-type=\"widget\" data-widget_type=\"text-editor.default\">\n\t\t\t\t<div class=\"elementor-widget-container\">\n\t\t\t\t\t\t\t\t\t<p>Lindsay MacArthur, infirmi\u00e8re de pratique avanc\u00e9e en cardiologie et gestionnaire clinique de l\u2019UTSC, explique que la clinique a \u00e9t\u00e9 cr\u00e9\u00e9e en r\u00e9ponse \u00e0 un besoin.<\/p><p><em>\u00ab Si nous n\u2019avions pas assez de lits ou de personnel pour recevoir des patients n\u00e9cessitant une \u00e9valuation ou une surveillance, ils \u00e9taient transf\u00e9r\u00e9s aux urgences.<\/em> <em>C\u2019\u00e9tait \u00e9prouvant et incommodant pour nos patients, surtout les plus malades.\u00a0 Nous disposons d\u00e9sormais d\u2019un lieu accueillant, au sein m\u00eame de l\u2019Institut, o\u00f9 nos patients prioritaires savent qu\u2019ils seront pris en charge par une \u00e9quipe sp\u00e9cialis\u00e9e. \u00bb<\/em><\/p>\t\t\t\t\t\t\t\t<\/div>\n\t\t\t\t<\/div>\n\t\t\t\t<\/div>\n\t\t\t\t<div class=\"elementor-element elementor-element-f2cd9bd elementor-hidden-tablet_extra elementor-hidden-tablet elementor-hidden-mobile_extra elementor-hidden-mobile elementor-widget elementor-widget-image\" data-id=\"f2cd9bd\" data-element_type=\"widget\" data-e-type=\"widget\" data-widget_type=\"image.default\">\n\t\t\t\t<div class=\"elementor-widget-container\">\n\t\t\t\t\t\t\t\t\t\t\t\t\t\t\t<img decoding=\"async\" width=\"800\" height=\"452\" src=\"https:\/\/foundation.ottawaheart.ca\/wp-content\/uploads\/2025\/11\/ACTU-Lindsay-MacArthur-cropped-1024x579.jpg\" class=\"attachment-large size-large wp-image-21344\" alt=\"Lindsay MacArthur in the ACTU clinic\" srcset=\"https:\/\/foundation.ottawaheart.ca\/wp-content\/uploads\/2025\/11\/ACTU-Lindsay-MacArthur-cropped-1024x579.jpg 1024w, https:\/\/foundation.ottawaheart.ca\/wp-content\/uploads\/2025\/11\/ACTU-Lindsay-MacArthur-cropped-300x170.jpg 300w, https:\/\/foundation.ottawaheart.ca\/wp-content\/uploads\/2025\/11\/ACTU-Lindsay-MacArthur-cropped-768x434.jpg 768w, https:\/\/foundation.ottawaheart.ca\/wp-content\/uploads\/2025\/11\/ACTU-Lindsay-MacArthur-cropped-1536x869.jpg 1536w, https:\/\/foundation.ottawaheart.ca\/wp-content\/uploads\/2025\/11\/ACTU-Lindsay-MacArthur-cropped.jpg 1692w\" sizes=\"(max-width: 800px) 100vw, 800px\" \/>\t\t\t\t\t\t\t\t\t\t\t\t\t\t\t<\/div>\n\t\t\t\t<\/div>\n\t\t\t\t<div class=\"elementor-element elementor-element-34a96c0 elementor-widget-mobile__width-initial elementor-widget elementor-widget-text-editor\" data-id=\"34a96c0\" data-element_type=\"widget\" data-e-type=\"widget\" data-widget_type=\"text-editor.default\">\n\t\t\t\t<div class=\"elementor-widget-container\">\n\t\t\t\t\t\t\t\t\t<p>Lindsay MacArthur pr\u00e9pare un lit \u00e0 l\u2019UTSC.<\/p>\t\t\t\t\t\t\t\t<\/div>\n\t\t\t\t<\/div>\n\t\t\t\t<\/div>\n\t\t\t\t<\/div>\n\t\t\t\t\t<\/div>\n\t\t\t\t<\/div>\n\t\t\t\t<\/div>\n\t\t","protected":false},"excerpt":{"rendered":"<p>Fa\u00e7ons de donner Vous n\u2019arrivez pas \u00e0 faire votre don en ligne? Appelez-nous au 613-696-7030 ou \u00e9crivez-nous \u00e0 l\u2019adresse onlinegiving@ottawaheart.ca.. &times; \u00c0 ce jour, l\u2019Unit\u00e9 de triage et de soins [&hellip;]<\/p>\n","protected":false},"author":6,"featured_media":0,"parent":0,"menu_order":0,"comment_status":"closed","ping_status":"closed","template":"","meta":{"_acf_changed":false,"footnotes":""},"class_list":["post-16885","page","type-page","status-publish","hentry"],"acf":[],"yoast_head":"<!-- This site is optimized with the Yoast SEO Premium plugin v22.2 (Yoast SEO v27.0) - https:\/\/yoast.com\/product\/yoast-seo-premium-wordpress\/ -->\n<title>mardi je donne - uOttawa - Heart Institute<\/title>\n<meta name=\"robots\" content=\"index, follow, max-snippet:-1, max-image-preview:large, max-video-preview:-1\" \/>\n<link rel=\"canonical\" href=\"https:\/\/foundation.ottawaheart.ca\/fr\/mardi-je-donne\/\" \/>\n<meta property=\"og:locale\" content=\"fr_FR\" \/>\n<meta property=\"og:type\" content=\"article\" \/>\n<meta property=\"og:title\" content=\"mardi je donne\" \/>\n<meta property=\"og:description\" content=\"Fa\u00e7ons de donner Vous n\u2019arrivez pas \u00e0 faire votre don en ligne? Appelez-nous au 613-696-7030 ou \u00e9crivez-nous \u00e0 l\u2019adresse onlinegiving@ottawaheart.ca.. &times; \u00c0 ce jour, l\u2019Unit\u00e9 de triage et de soins [&hellip;]\" \/>\n<meta property=\"og:url\" content=\"https:\/\/foundation.ottawaheart.ca\/fr\/mardi-je-donne\/\" \/>\n<meta property=\"og:site_name\" content=\"uOttawa - Heart Institute\" \/>\n<meta property=\"article:publisher\" content=\"https:\/\/www.facebook.com\/heartinstitutefoundation\/\" \/>\n<meta property=\"article:modified_time\" content=\"2025-11-11T18:46:06+00:00\" \/>\n<meta property=\"og:image\" content=\"https:\/\/foundation.ottawaheart.ca\/wp-content\/uploads\/2024\/10\/62222ddb587c2f4ca29d4313_Blancsurrouge.png\" \/>\n\t<meta property=\"og:image:width\" content=\"6401\" \/>\n\t<meta property=\"og:image:height\" content=\"1601\" \/>\n\t<meta property=\"og:image:type\" content=\"image\/png\" \/>\n<meta name=\"twitter:card\" content=\"summary_large_image\" \/>\n<meta name=\"twitter:site\" content=\"@HeartFDN\" \/>\n<meta name=\"twitter:label1\" content=\"Dur\u00e9e de lecture estim\u00e9e\" \/>\n\t<meta name=\"twitter:data1\" content=\"2 minutes\" \/>\n<script type=\"application\/ld+json\" class=\"yoast-schema-graph\">{\"@context\":\"https:\/\/schema.org\",\"@graph\":[{\"@type\":\"WebPage\",\"@id\":\"https:\/\/foundation.ottawaheart.ca\/fr\/mardi-je-donne\/\",\"url\":\"https:\/\/foundation.ottawaheart.ca\/fr\/mardi-je-donne\/\",\"name\":\"mardi je donne - uOttawa - Heart Institute\",\"isPartOf\":{\"@id\":\"https:\/\/foundation.ottawaheart.ca\/#website\"},\"primaryImageOfPage\":{\"@id\":\"https:\/\/foundation.ottawaheart.ca\/fr\/mardi-je-donne\/#primaryimage\"},\"image\":{\"@id\":\"https:\/\/foundation.ottawaheart.ca\/fr\/mardi-je-donne\/#primaryimage\"},\"thumbnailUrl\":\"https:\/\/foundation.ottawaheart.ca\/wp-content\/uploads\/2024\/10\/62222ddb587c2f4ca29d4313_Blancsurrouge-1024x256.png\",\"datePublished\":\"2024-10-29T17:03:22+00:00\",\"dateModified\":\"2025-11-11T18:46:06+00:00\",\"breadcrumb\":{\"@id\":\"https:\/\/foundation.ottawaheart.ca\/fr\/mardi-je-donne\/#breadcrumb\"},\"inLanguage\":\"fr-FR\",\"potentialAction\":[{\"@type\":\"ReadAction\",\"target\":[\"https:\/\/foundation.ottawaheart.ca\/fr\/mardi-je-donne\/\"]}]},{\"@type\":\"ImageObject\",\"inLanguage\":\"fr-FR\",\"@id\":\"https:\/\/foundation.ottawaheart.ca\/fr\/mardi-je-donne\/#primaryimage\",\"url\":\"https:\/\/foundation.ottawaheart.ca\/wp-content\/uploads\/2024\/10\/62222ddb587c2f4ca29d4313_Blancsurrouge-1024x256.png\",\"contentUrl\":\"https:\/\/foundation.ottawaheart.ca\/wp-content\/uploads\/2024\/10\/62222ddb587c2f4ca29d4313_Blancsurrouge-1024x256.png\"},{\"@type\":\"BreadcrumbList\",\"@id\":\"https:\/\/foundation.ottawaheart.ca\/fr\/mardi-je-donne\/#breadcrumb\",\"itemListElement\":[{\"@type\":\"ListItem\",\"position\":1,\"name\":\"Home\",\"item\":\"https:\/\/foundation.ottawaheart.ca\/fr\/\"},{\"@type\":\"ListItem\",\"position\":2,\"name\":\"mardi je donne\"}]},{\"@type\":\"WebSite\",\"@id\":\"https:\/\/foundation.ottawaheart.ca\/#website\",\"url\":\"https:\/\/foundation.ottawaheart.ca\/\",\"name\":\"uOttawa - Heart Institute\",\"description\":\"\",\"publisher\":{\"@id\":\"https:\/\/foundation.ottawaheart.ca\/#organization\"},\"potentialAction\":[{\"@type\":\"SearchAction\",\"target\":{\"@type\":\"EntryPoint\",\"urlTemplate\":\"https:\/\/foundation.ottawaheart.ca\/?s={search_term_string}\"},\"query-input\":{\"@type\":\"PropertyValueSpecification\",\"valueRequired\":true,\"valueName\":\"search_term_string\"}}],\"inLanguage\":\"fr-FR\"},{\"@type\":\"Organization\",\"@id\":\"https:\/\/foundation.ottawaheart.ca\/#organization\",\"name\":\"uOttawa - Heart Institute\",\"url\":\"https:\/\/foundation.ottawaheart.ca\/\",\"logo\":{\"@type\":\"ImageObject\",\"inLanguage\":\"fr-FR\",\"@id\":\"https:\/\/foundation.ottawaheart.ca\/#\/schema\/logo\/image\/\",\"url\":\"https:\/\/foundation.ottawaheart.ca\/wp-content\/uploads\/2023\/07\/logo-3.png\",\"contentUrl\":\"https:\/\/foundation.ottawaheart.ca\/wp-content\/uploads\/2023\/07\/logo-3.png\",\"width\":385,\"height\":84,\"caption\":\"uOttawa - Heart Institute\"},\"image\":{\"@id\":\"https:\/\/foundation.ottawaheart.ca\/#\/schema\/logo\/image\/\"},\"sameAs\":[\"https:\/\/www.facebook.com\/heartinstitutefoundation\/\",\"https:\/\/x.com\/HeartFDN\",\"https:\/\/www.instagram.com\/heartinstitutefoundation\/\",\"https:\/\/www.linkedin.com\/company\/the-university-of-ottawa-heart-institute-foundation\"]}]}<\/script>\n<!-- \/ Yoast SEO Premium plugin. -->","yoast_head_json":{"title":"mardi je donne - uOttawa - Heart Institute","robots":{"index":"index","follow":"follow","max-snippet":"max-snippet:-1","max-image-preview":"max-image-preview:large","max-video-preview":"max-video-preview:-1"},"canonical":"https:\/\/foundation.ottawaheart.ca\/fr\/mardi-je-donne\/","og_locale":"fr_FR","og_type":"article","og_title":"mardi je donne","og_description":"Fa\u00e7ons de donner Vous n\u2019arrivez pas \u00e0 faire votre don en ligne? Appelez-nous au 613-696-7030 ou \u00e9crivez-nous \u00e0 l\u2019adresse onlinegiving@ottawaheart.ca.. &times; \u00c0 ce jour, l\u2019Unit\u00e9 de triage et de soins [&hellip;]","og_url":"https:\/\/foundation.ottawaheart.ca\/fr\/mardi-je-donne\/","og_site_name":"uOttawa - Heart Institute","article_publisher":"https:\/\/www.facebook.com\/heartinstitutefoundation\/","article_modified_time":"2025-11-11T18:46:06+00:00","og_image":[{"width":6401,"height":1601,"url":"https:\/\/foundation.ottawaheart.ca\/wp-content\/uploads\/2024\/10\/62222ddb587c2f4ca29d4313_Blancsurrouge.png","type":"image\/png"}],"twitter_card":"summary_large_image","twitter_site":"@HeartFDN","twitter_misc":{"Dur\u00e9e de lecture estim\u00e9e":"2 minutes"},"schema":{"@context":"https:\/\/schema.org","@graph":[{"@type":"WebPage","@id":"https:\/\/foundation.ottawaheart.ca\/fr\/mardi-je-donne\/","url":"https:\/\/foundation.ottawaheart.ca\/fr\/mardi-je-donne\/","name":"mardi je donne - uOttawa - Heart Institute","isPartOf":{"@id":"https:\/\/foundation.ottawaheart.ca\/#website"},"primaryImageOfPage":{"@id":"https:\/\/foundation.ottawaheart.ca\/fr\/mardi-je-donne\/#primaryimage"},"image":{"@id":"https:\/\/foundation.ottawaheart.ca\/fr\/mardi-je-donne\/#primaryimage"},"thumbnailUrl":"https:\/\/foundation.ottawaheart.ca\/wp-content\/uploads\/2024\/10\/62222ddb587c2f4ca29d4313_Blancsurrouge-1024x256.png","datePublished":"2024-10-29T17:03:22+00:00","dateModified":"2025-11-11T18:46:06+00:00","breadcrumb":{"@id":"https:\/\/foundation.ottawaheart.ca\/fr\/mardi-je-donne\/#breadcrumb"},"inLanguage":"fr-FR","potentialAction":[{"@type":"ReadAction","target":["https:\/\/foundation.ottawaheart.ca\/fr\/mardi-je-donne\/"]}]},{"@type":"ImageObject","inLanguage":"fr-FR","@id":"https:\/\/foundation.ottawaheart.ca\/fr\/mardi-je-donne\/#primaryimage","url":"https:\/\/foundation.ottawaheart.ca\/wp-content\/uploads\/2024\/10\/62222ddb587c2f4ca29d4313_Blancsurrouge-1024x256.png","contentUrl":"https:\/\/foundation.ottawaheart.ca\/wp-content\/uploads\/2024\/10\/62222ddb587c2f4ca29d4313_Blancsurrouge-1024x256.png"},{"@type":"BreadcrumbList","@id":"https:\/\/foundation.ottawaheart.ca\/fr\/mardi-je-donne\/#breadcrumb","itemListElement":[{"@type":"ListItem","position":1,"name":"Home","item":"https:\/\/foundation.ottawaheart.ca\/fr\/"},{"@type":"ListItem","position":2,"name":"mardi je donne"}]},{"@type":"WebSite","@id":"https:\/\/foundation.ottawaheart.ca\/#website","url":"https:\/\/foundation.ottawaheart.ca\/","name":"uOttawa - Heart Institute","description":"","publisher":{"@id":"https:\/\/foundation.ottawaheart.ca\/#organization"},"potentialAction":[{"@type":"SearchAction","target":{"@type":"EntryPoint","urlTemplate":"https:\/\/foundation.ottawaheart.ca\/?s={search_term_string}"},"query-input":{"@type":"PropertyValueSpecification","valueRequired":true,"valueName":"search_term_string"}}],"inLanguage":"fr-FR"},{"@type":"Organization","@id":"https:\/\/foundation.ottawaheart.ca\/#organization","name":"uOttawa - Heart Institute","url":"https:\/\/foundation.ottawaheart.ca\/","logo":{"@type":"ImageObject","inLanguage":"fr-FR","@id":"https:\/\/foundation.ottawaheart.ca\/#\/schema\/logo\/image\/","url":"https:\/\/foundation.ottawaheart.ca\/wp-content\/uploads\/2023\/07\/logo-3.png","contentUrl":"https:\/\/foundation.ottawaheart.ca\/wp-content\/uploads\/2023\/07\/logo-3.png","width":385,"height":84,"caption":"uOttawa - Heart Institute"},"image":{"@id":"https:\/\/foundation.ottawaheart.ca\/#\/schema\/logo\/image\/"},"sameAs":["https:\/\/www.facebook.com\/heartinstitutefoundation\/","https:\/\/x.com\/HeartFDN","https:\/\/www.instagram.com\/heartinstitutefoundation\/","https:\/\/www.linkedin.com\/company\/the-university-of-ottawa-heart-institute-foundation"]}]}},"_links":{"self":[{"href":"https:\/\/foundation.ottawaheart.ca\/fr\/wp-json\/wp\/v2\/pages\/16885","targetHints":{"allow":["GET"]}}],"collection":[{"href":"https:\/\/foundation.ottawaheart.ca\/fr\/wp-json\/wp\/v2\/pages"}],"about":[{"href":"https:\/\/foundation.ottawaheart.ca\/fr\/wp-json\/wp\/v2\/types\/page"}],"author":[{"embeddable":true,"href":"https:\/\/foundation.ottawaheart.ca\/fr\/wp-json\/wp\/v2\/users\/6"}],"replies":[{"embeddable":true,"href":"https:\/\/foundation.ottawaheart.ca\/fr\/wp-json\/wp\/v2\/comments?post=16885"}],"version-history":[{"count":22,"href":"https:\/\/foundation.ottawaheart.ca\/fr\/wp-json\/wp\/v2\/pages\/16885\/revisions"}],"predecessor-version":[{"id":21489,"href":"https:\/\/foundation.ottawaheart.ca\/fr\/wp-json\/wp\/v2\/pages\/16885\/revisions\/21489"}],"wp:attachment":[{"href":"https:\/\/foundation.ottawaheart.ca\/fr\/wp-json\/wp\/v2\/media?parent=16885"}],"curies":[{"name":"wp","href":"https:\/\/api.w.org\/{rel}","templated":true}]}}