{"id":16977,"date":"2024-11-15T19:56:37","date_gmt":"2024-11-15T19:56:37","guid":{"rendered":"https:\/\/ottawaheart.s2.whc.webmarketersdev.ca\/?page_id=16977"},"modified":"2025-11-11T19:27:42","modified_gmt":"2025-11-11T19:27:42","slug":"les-fetes","status":"publish","type":"page","link":"https:\/\/foundation.ottawaheart.ca\/fr\/les-fetes\/","title":{"rendered":"les F\u00eates"},"content":{"rendered":"\t\t<div data-elementor-type=\"wp-page\" data-elementor-id=\"16977\" class=\"elementor elementor-16977 elementor-16956\" data-elementor-post-type=\"page\">\n\t\t\t\t\t\t<section class=\"elementor-section elementor-top-section elementor-element elementor-element-f0f05ba elementor-section-full_width p-lr  pb-50 pt-50 elementor-hidden-tablet elementor-hidden-mobile_extra elementor-hidden-mobile elementor-section-height-default elementor-section-height-default\" data-id=\"f0f05ba\" data-element_type=\"section\" data-e-type=\"section\" data-settings=\"{&quot;background_background&quot;:&quot;classic&quot;}\">\n\t\t\t\t\t\t<div class=\"elementor-container elementor-column-gap-default\">\n\t\t\t\t\t<div class=\"elementor-column elementor-col-100 elementor-top-column elementor-element elementor-element-21f66ac\" data-id=\"21f66ac\" data-element_type=\"column\" data-e-type=\"column\">\n\t\t\t<div class=\"elementor-widget-wrap elementor-element-populated\">\n\t\t\t\t\t\t<section class=\"elementor-section elementor-inner-section elementor-element elementor-element-8333f0a elementor-section-boxed elementor-section-height-default elementor-section-height-default\" data-id=\"8333f0a\" data-element_type=\"section\" data-e-type=\"section\">\n\t\t\t\t\t\t<div class=\"elementor-container elementor-column-gap-default\">\n\t\t\t\t\t<div class=\"elementor-column elementor-col-100 elementor-inner-column elementor-element elementor-element-a2b2ae0\" data-id=\"a2b2ae0\" data-element_type=\"column\" data-e-type=\"column\">\n\t\t\t<div class=\"elementor-widget-wrap elementor-element-populated\">\n\t\t\t\t\t\t<div class=\"elementor-element elementor-element-41b604c elementor-widget elementor-widget-heading\" data-id=\"41b604c\" data-element_type=\"widget\" data-e-type=\"widget\" data-widget_type=\"heading.default\">\n\t\t\t\t<div class=\"elementor-widget-container\">\n\t\t\t\t\t<h1 class=\"elementor-heading-title elementor-size-default\">Cette p\u00e9riode des f\u00eates...<\/h1>\t\t\t\t<\/div>\n\t\t\t\t<\/div>\n\t\t\t\t\t<\/div>\n\t\t<\/div>\n\t\t\t\t\t<\/div>\n\t\t<\/section>\n\t\t\t\t\t<\/div>\n\t\t<\/div>\n\t\t\t\t\t<\/div>\n\t\t<\/section>\n\t\t<div class=\"elementor-element elementor-element-a9cb03b pt-50 e-flex e-con-boxed e-con e-parent\" data-id=\"a9cb03b\" data-element_type=\"container\" data-e-type=\"container\">\n\t\t\t\t\t<div class=\"e-con-inner\">\n\t\t\t\t<div class=\"elementor-element elementor-element-cc0cb31 elementor-widget__width-initial elementor-alert-info elementor-widget elementor-widget-alert\" data-id=\"cc0cb31\" data-element_type=\"widget\" data-e-type=\"widget\" data-widget_type=\"alert.default\">\n\t\t\t\t<div class=\"elementor-widget-container\">\n\t\t\t\t\t\t\t<div class=\"elementor-alert\" role=\"alert\">\n\n\t\t\t\t\t\t<span class=\"elementor-alert-title\">Vous n\u2019arrivez pas \u00e0 faire votre don en ligne?<\/span>\n\t\t\t\n\t\t\t\t\t\t<span class=\"elementor-alert-description\">Nous nous ferons un plaisir de vous aider! Appelez-nous au 613-696-7030 ou \u00e9crivez-nous \u00e0 l\u2019adresse <a href=\"mailto:onlinegiving@ottawaheart.ca\">onlinegiving@ottawaheart.ca<\/a>.\n<\/span>\n\t\t\t\n\t\t\t\t\t\t<button type=\"button\" class=\"elementor-alert-dismiss\" aria-label=\"Ignorer cette alerte.\">\n\t\t\t\t\t\t\t\t\t<span aria-hidden=\"true\">&times;<\/span>\n\t\t\t\t\t\t\t<\/button>\n\t\t\t\n\t\t<\/div>\n\t\t\t\t\t\t<\/div>\n\t\t\t\t<\/div>\n\t\t<div class=\"elementor-element elementor-element-c3d991c e-con-full e-flex e-con e-child\" data-id=\"c3d991c\" data-element_type=\"container\" data-e-type=\"container\">\n\t\t<div class=\"elementor-element elementor-element-a05679d e-flex e-con-boxed e-con e-child\" data-id=\"a05679d\" data-element_type=\"container\" data-e-type=\"container\">\n\t\t\t\t\t<div class=\"e-con-inner\">\n\t\t\t\t<div class=\"elementor-element elementor-element-bcd8f9b elementor-widget elementor-widget-heading\" data-id=\"bcd8f9b\" data-element_type=\"widget\" data-e-type=\"widget\" data-widget_type=\"heading.default\">\n\t\t\t\t<div class=\"elementor-widget-container\">\n\t\t\t\t\t<h3 class=\"elementor-heading-title elementor-size-default\">En cette p\u00e9riode des F\u00eates, nous aidons les patients \u00e0 se r\u00e9tablir et \u00e0 retrouver leurs proches plus rapidement.<\/h3>\t\t\t\t<\/div>\n\t\t\t\t<\/div>\n\t\t\t\t<div class=\"elementor-element elementor-element-f759a1d elementor-hidden-tablet elementor-hidden-mobile_extra elementor-hidden-mobile elementor-widget elementor-widget-text-editor\" data-id=\"f759a1d\" data-element_type=\"widget\" data-e-type=\"widget\" data-widget_type=\"text-editor.default\">\n\t\t\t\t<div class=\"elementor-widget-container\">\n\t\t\t\t\t\t\t\t\t<p>Votre don servira aux soins des patients ainsi qu\u2019au d\u00e9veloppement des programmes de chirurgie cardiaque robotis\u00e9e et \u00e0 effraction minimale. <strong>Votre g\u00e9n\u00e9rosit\u00e9 est un cadeau pour les patients actuels et futurs de votre institut de cardiologie. <\/strong><\/p>\t\t\t\t\t\t\t\t<\/div>\n\t\t\t\t<\/div>\n\t\t\t\t<div class=\"elementor-element elementor-element-d953632 elementor-widget__width-initial elementor-widget elementor-widget-html\" data-id=\"d953632\" data-element_type=\"widget\" data-e-type=\"widget\" data-widget_type=\"html.default\">\n\t\t\t\t<div class=\"elementor-widget-container\">\n\t\t\t\t\t<div id=\"blackbaud-donation-form_5032433a-6867-4488-86f1-ac71c8bf4786\"><\/div>\r\n        <script src=\"https:\/\/sky.blackbaudcdn.net\/static\/donor-form-loader\/2\/main.js\"><\/script>\r\n        <script>BBDonorFormLoader.newBlackbaudDonationFormZoned('renxt', 'p-cegoxbK_F0Kgt4zC3Qjmhw', '5032433a-6867-4488-86f1-ac71c8bf4786', 'can')<\/script>\t\t\t\t<\/div>\n\t\t\t\t<\/div>\n\t\t\t\t\t<\/div>\n\t\t\t\t<\/div>\n\t\t<div class=\"elementor-element elementor-element-dc2843a e-con-full wm-right-container elementor-hidden-tablet elementor-hidden-mobile_extra elementor-hidden-mobile e-flex e-con e-child\" data-id=\"dc2843a\" data-element_type=\"container\" data-e-type=\"container\" data-settings=\"{&quot;sticky_offset_tablet_extra&quot;:150,&quot;sticky_parent&quot;:&quot;yes&quot;,&quot;sticky&quot;:&quot;bottom&quot;,&quot;sticky_on&quot;:[&quot;widescreen&quot;,&quot;desktop&quot;,&quot;laptop&quot;,&quot;tablet_extra&quot;],&quot;background_background&quot;:&quot;classic&quot;,&quot;sticky_offset&quot;:0,&quot;sticky_effects_offset&quot;:0,&quot;sticky_anchor_link_offset&quot;:0}\">\n\t\t\t\t<div class=\"elementor-element elementor-element-f2cd9bd elementor-widget elementor-widget-image\" data-id=\"f2cd9bd\" data-element_type=\"widget\" data-e-type=\"widget\" data-widget_type=\"image.default\">\n\t\t\t\t<div class=\"elementor-widget-container\">\n\t\t\t\t\t\t\t\t\t\t\t\t\t\t\t\t<a href=\"https:\/\/foundation.ottawaheart.ca\/fr\/story\/dr-katey-rayner-the-road-to-discovery\/\" target=\"_blank\">\n\t\t\t\t\t\t\t<img fetchpriority=\"high\" decoding=\"async\" width=\"800\" height=\"800\" src=\"https:\/\/foundation.ottawaheart.ca\/wp-content\/uploads\/2025\/11\/DE3652DB-CED9-4639-AB4D-D97C69B76B7E-1024x1024.jpeg\" class=\"attachment-large size-large wp-image-21354\" alt=\"Dr. Marc Ruel\" srcset=\"https:\/\/foundation.ottawaheart.ca\/wp-content\/uploads\/2025\/11\/DE3652DB-CED9-4639-AB4D-D97C69B76B7E-1024x1024.jpeg 1024w, https:\/\/foundation.ottawaheart.ca\/wp-content\/uploads\/2025\/11\/DE3652DB-CED9-4639-AB4D-D97C69B76B7E-300x300.jpeg 300w, https:\/\/foundation.ottawaheart.ca\/wp-content\/uploads\/2025\/11\/DE3652DB-CED9-4639-AB4D-D97C69B76B7E-150x150.jpeg 150w, https:\/\/foundation.ottawaheart.ca\/wp-content\/uploads\/2025\/11\/DE3652DB-CED9-4639-AB4D-D97C69B76B7E-768x768.jpeg 768w, https:\/\/foundation.ottawaheart.ca\/wp-content\/uploads\/2025\/11\/DE3652DB-CED9-4639-AB4D-D97C69B76B7E-1536x1536.jpeg 1536w, https:\/\/foundation.ottawaheart.ca\/wp-content\/uploads\/2025\/11\/DE3652DB-CED9-4639-AB4D-D97C69B76B7E-2048x2048.jpeg 2048w\" sizes=\"(max-width: 800px) 100vw, 800px\" \/>\t\t\t\t\t\t\t\t<\/a>\n\t\t\t\t\t\t\t\t\t\t\t\t\t\t\t<\/div>\n\t\t\t\t<\/div>\n\t\t\t\t<div class=\"elementor-element elementor-element-77179ca elementor-widget-mobile__width-initial elementor-widget elementor-widget-text-editor\" data-id=\"77179ca\" data-element_type=\"widget\" data-e-type=\"widget\" data-widget_type=\"text-editor.default\">\n\t\t\t\t<div class=\"elementor-widget-container\">\n\t\t\t\t\t\t\t\t\t<p class=\"elementor-heading-title elementor-size-default\">Le Dr Marc Ruel explique comment la chirurgie cardiaque \u00e0 effraction minimale aidons les patients \u00e0 se r\u00e9tablir et \u00e0 retrouver leurs proches plus rapidement.<\/p>\t\t\t\t\t\t\t\t<\/div>\n\t\t\t\t<\/div>\n\t\t\t\t<div class=\"elementor-element elementor-element-9c2742d elementor-widget-mobile__width-initial elementor-widget elementor-widget-text-editor\" data-id=\"9c2742d\" data-element_type=\"widget\" data-e-type=\"widget\" data-widget_type=\"text-editor.default\">\n\t\t\t\t<div class=\"elementor-widget-container\">\n\t\t\t\t\t\t\t\t\t<p><a href=\"https:\/\/foundation.ottawaheart.ca\/fr\/le-dr-marc-ruel-explique-comment-la-chirurgie-cardiaque-a-effraction-minimale-aidons-les-patients-a-se-retablir-et-a-retrouver-leurs-proches-plus-rapidement\/\">Cliquez ici pour en savoir plus &gt;&gt;<\/a><\/p>\t\t\t\t\t\t\t\t<\/div>\n\t\t\t\t<\/div>\n\t\t\t\t<\/div>\n\t\t\t\t<\/div>\n\t\t\t\t\t<\/div>\n\t\t\t\t<\/div>\n\t\t\t\t<\/div>\n\t\t","protected":false},"excerpt":{"rendered":"<p>Cette p\u00e9riode des f\u00eates&#8230; Vous n\u2019arrivez pas \u00e0 faire votre don en ligne? Nous nous ferons un plaisir de vous aider! Appelez-nous au 613-696-7030 ou \u00e9crivez-nous \u00e0 l\u2019adresse onlinegiving@ottawaheart.ca. \u00d7 [&hellip;]<\/p>\n","protected":false},"author":6,"featured_media":21356,"parent":0,"menu_order":0,"comment_status":"closed","ping_status":"closed","template":"","meta":{"_acf_changed":false,"footnotes":""},"class_list":["post-16977","page","type-page","status-publish","has-post-thumbnail","hentry"],"acf":[],"yoast_head":"<!-- This site is optimized with the Yoast SEO Premium plugin v22.2 (Yoast SEO v27.0) - https:\/\/yoast.com\/product\/yoast-seo-premium-wordpress\/ -->\n<title>les F\u00eates - uOttawa - Heart Institute<\/title>\n<meta name=\"description\" content=\"Votre g\u00e9n\u00e9rosit\u00e9 est un cadeau pour les patients actuels et futurs de votre institut de cardiologie. Votre don servira aux soins des...\" \/>\n<meta name=\"robots\" content=\"index, follow, max-snippet:-1, max-image-preview:large, max-video-preview:-1\" \/>\n<link rel=\"canonical\" href=\"https:\/\/foundation.ottawaheart.ca\/fr\/les-fetes\/\" \/>\n<meta property=\"og:locale\" content=\"fr_FR\" \/>\n<meta property=\"og:type\" content=\"article\" \/>\n<meta property=\"og:title\" content=\"les F\u00eates\" \/>\n<meta property=\"og:description\" content=\"Votre g\u00e9n\u00e9rosit\u00e9 est un cadeau pour les patients actuels et futurs de votre institut de cardiologie. Votre don servira aux soins des...\" \/>\n<meta property=\"og:url\" content=\"https:\/\/foundation.ottawaheart.ca\/fr\/les-fetes\/\" \/>\n<meta property=\"og:site_name\" content=\"uOttawa - Heart Institute\" \/>\n<meta property=\"article:publisher\" content=\"https:\/\/www.facebook.com\/heartinstitutefoundation\/\" \/>\n<meta property=\"article:modified_time\" content=\"2025-11-11T19:27:42+00:00\" \/>\n<meta property=\"og:image\" content=\"https:\/\/foundation.ottawaheart.ca\/wp-content\/uploads\/2025\/11\/Page-3-Dr.-Ruel-Surgery-scaled.jpeg\" \/>\n\t<meta property=\"og:image:width\" content=\"2560\" \/>\n\t<meta property=\"og:image:height\" content=\"1472\" \/>\n\t<meta property=\"og:image:type\" content=\"image\/jpeg\" \/>\n<meta name=\"twitter:card\" content=\"summary_large_image\" \/>\n<meta name=\"twitter:site\" content=\"@HeartFDN\" \/>\n<meta name=\"twitter:label1\" content=\"Dur\u00e9e de lecture estim\u00e9e\" \/>\n\t<meta name=\"twitter:data1\" content=\"1 minute\" \/>\n<script type=\"application\/ld+json\" class=\"yoast-schema-graph\">{\"@context\":\"https:\/\/schema.org\",\"@graph\":[{\"@type\":\"WebPage\",\"@id\":\"https:\/\/foundation.ottawaheart.ca\/fr\/les-fetes\/\",\"url\":\"https:\/\/foundation.ottawaheart.ca\/fr\/les-fetes\/\",\"name\":\"les F\u00eates - uOttawa - Heart Institute\",\"isPartOf\":{\"@id\":\"https:\/\/foundation.ottawaheart.ca\/#website\"},\"primaryImageOfPage\":{\"@id\":\"https:\/\/foundation.ottawaheart.ca\/fr\/les-fetes\/#primaryimage\"},\"image\":{\"@id\":\"https:\/\/foundation.ottawaheart.ca\/fr\/les-fetes\/#primaryimage\"},\"thumbnailUrl\":\"https:\/\/foundation.ottawaheart.ca\/wp-content\/uploads\/2025\/11\/Page-3-Dr.-Ruel-Surgery-scaled.jpeg\",\"datePublished\":\"2024-11-15T19:56:37+00:00\",\"dateModified\":\"2025-11-11T19:27:42+00:00\",\"description\":\"Votre g\u00e9n\u00e9rosit\u00e9 est un cadeau pour les patients actuels et futurs de votre institut de cardiologie. Votre don servira aux soins des...\",\"breadcrumb\":{\"@id\":\"https:\/\/foundation.ottawaheart.ca\/fr\/les-fetes\/#breadcrumb\"},\"inLanguage\":\"fr-FR\",\"potentialAction\":[{\"@type\":\"ReadAction\",\"target\":[\"https:\/\/foundation.ottawaheart.ca\/fr\/les-fetes\/\"]}]},{\"@type\":\"ImageObject\",\"inLanguage\":\"fr-FR\",\"@id\":\"https:\/\/foundation.ottawaheart.ca\/fr\/les-fetes\/#primaryimage\",\"url\":\"https:\/\/foundation.ottawaheart.ca\/wp-content\/uploads\/2025\/11\/Page-3-Dr.-Ruel-Surgery-scaled.jpeg\",\"contentUrl\":\"https:\/\/foundation.ottawaheart.ca\/wp-content\/uploads\/2025\/11\/Page-3-Dr.-Ruel-Surgery-scaled.jpeg\",\"width\":2560,\"height\":1472,\"caption\":\"Dr. Marc Ruel teaching minimally invasive cardiac surgery techniques to cardiac surgeons in Tokyo, Japan.\"},{\"@type\":\"BreadcrumbList\",\"@id\":\"https:\/\/foundation.ottawaheart.ca\/fr\/les-fetes\/#breadcrumb\",\"itemListElement\":[{\"@type\":\"ListItem\",\"position\":1,\"name\":\"Home\",\"item\":\"https:\/\/foundation.ottawaheart.ca\/fr\/\"},{\"@type\":\"ListItem\",\"position\":2,\"name\":\"les F\u00eates\"}]},{\"@type\":\"WebSite\",\"@id\":\"https:\/\/foundation.ottawaheart.ca\/#website\",\"url\":\"https:\/\/foundation.ottawaheart.ca\/\",\"name\":\"uOttawa - Heart Institute\",\"description\":\"\",\"publisher\":{\"@id\":\"https:\/\/foundation.ottawaheart.ca\/#organization\"},\"potentialAction\":[{\"@type\":\"SearchAction\",\"target\":{\"@type\":\"EntryPoint\",\"urlTemplate\":\"https:\/\/foundation.ottawaheart.ca\/?s={search_term_string}\"},\"query-input\":{\"@type\":\"PropertyValueSpecification\",\"valueRequired\":true,\"valueName\":\"search_term_string\"}}],\"inLanguage\":\"fr-FR\"},{\"@type\":\"Organization\",\"@id\":\"https:\/\/foundation.ottawaheart.ca\/#organization\",\"name\":\"uOttawa - Heart Institute\",\"url\":\"https:\/\/foundation.ottawaheart.ca\/\",\"logo\":{\"@type\":\"ImageObject\",\"inLanguage\":\"fr-FR\",\"@id\":\"https:\/\/foundation.ottawaheart.ca\/#\/schema\/logo\/image\/\",\"url\":\"https:\/\/foundation.ottawaheart.ca\/wp-content\/uploads\/2023\/07\/logo-3.png\",\"contentUrl\":\"https:\/\/foundation.ottawaheart.ca\/wp-content\/uploads\/2023\/07\/logo-3.png\",\"width\":385,\"height\":84,\"caption\":\"uOttawa - Heart Institute\"},\"image\":{\"@id\":\"https:\/\/foundation.ottawaheart.ca\/#\/schema\/logo\/image\/\"},\"sameAs\":[\"https:\/\/www.facebook.com\/heartinstitutefoundation\/\",\"https:\/\/x.com\/HeartFDN\",\"https:\/\/www.instagram.com\/heartinstitutefoundation\/\",\"https:\/\/www.linkedin.com\/company\/the-university-of-ottawa-heart-institute-foundation\"]}]}<\/script>\n<!-- \/ Yoast SEO Premium plugin. -->","yoast_head_json":{"title":"les F\u00eates - uOttawa - Heart Institute","description":"Votre g\u00e9n\u00e9rosit\u00e9 est un cadeau pour les patients actuels et futurs de votre institut de cardiologie. Votre don servira aux soins des...","robots":{"index":"index","follow":"follow","max-snippet":"max-snippet:-1","max-image-preview":"max-image-preview:large","max-video-preview":"max-video-preview:-1"},"canonical":"https:\/\/foundation.ottawaheart.ca\/fr\/les-fetes\/","og_locale":"fr_FR","og_type":"article","og_title":"les F\u00eates","og_description":"Votre g\u00e9n\u00e9rosit\u00e9 est un cadeau pour les patients actuels et futurs de votre institut de cardiologie. Votre don servira aux soins des...","og_url":"https:\/\/foundation.ottawaheart.ca\/fr\/les-fetes\/","og_site_name":"uOttawa - Heart Institute","article_publisher":"https:\/\/www.facebook.com\/heartinstitutefoundation\/","article_modified_time":"2025-11-11T19:27:42+00:00","og_image":[{"width":2560,"height":1472,"url":"https:\/\/foundation.ottawaheart.ca\/wp-content\/uploads\/2025\/11\/Page-3-Dr.-Ruel-Surgery-scaled.jpeg","type":"image\/jpeg"}],"twitter_card":"summary_large_image","twitter_site":"@HeartFDN","twitter_misc":{"Dur\u00e9e de lecture estim\u00e9e":"1 minute"},"schema":{"@context":"https:\/\/schema.org","@graph":[{"@type":"WebPage","@id":"https:\/\/foundation.ottawaheart.ca\/fr\/les-fetes\/","url":"https:\/\/foundation.ottawaheart.ca\/fr\/les-fetes\/","name":"les F\u00eates - uOttawa - Heart Institute","isPartOf":{"@id":"https:\/\/foundation.ottawaheart.ca\/#website"},"primaryImageOfPage":{"@id":"https:\/\/foundation.ottawaheart.ca\/fr\/les-fetes\/#primaryimage"},"image":{"@id":"https:\/\/foundation.ottawaheart.ca\/fr\/les-fetes\/#primaryimage"},"thumbnailUrl":"https:\/\/foundation.ottawaheart.ca\/wp-content\/uploads\/2025\/11\/Page-3-Dr.-Ruel-Surgery-scaled.jpeg","datePublished":"2024-11-15T19:56:37+00:00","dateModified":"2025-11-11T19:27:42+00:00","description":"Votre g\u00e9n\u00e9rosit\u00e9 est un cadeau pour les patients actuels et futurs de votre institut de cardiologie. Votre don servira aux soins des...","breadcrumb":{"@id":"https:\/\/foundation.ottawaheart.ca\/fr\/les-fetes\/#breadcrumb"},"inLanguage":"fr-FR","potentialAction":[{"@type":"ReadAction","target":["https:\/\/foundation.ottawaheart.ca\/fr\/les-fetes\/"]}]},{"@type":"ImageObject","inLanguage":"fr-FR","@id":"https:\/\/foundation.ottawaheart.ca\/fr\/les-fetes\/#primaryimage","url":"https:\/\/foundation.ottawaheart.ca\/wp-content\/uploads\/2025\/11\/Page-3-Dr.-Ruel-Surgery-scaled.jpeg","contentUrl":"https:\/\/foundation.ottawaheart.ca\/wp-content\/uploads\/2025\/11\/Page-3-Dr.-Ruel-Surgery-scaled.jpeg","width":2560,"height":1472,"caption":"Dr. Marc Ruel teaching minimally invasive cardiac surgery techniques to cardiac surgeons in Tokyo, Japan."},{"@type":"BreadcrumbList","@id":"https:\/\/foundation.ottawaheart.ca\/fr\/les-fetes\/#breadcrumb","itemListElement":[{"@type":"ListItem","position":1,"name":"Home","item":"https:\/\/foundation.ottawaheart.ca\/fr\/"},{"@type":"ListItem","position":2,"name":"les F\u00eates"}]},{"@type":"WebSite","@id":"https:\/\/foundation.ottawaheart.ca\/#website","url":"https:\/\/foundation.ottawaheart.ca\/","name":"uOttawa - Heart Institute","description":"","publisher":{"@id":"https:\/\/foundation.ottawaheart.ca\/#organization"},"potentialAction":[{"@type":"SearchAction","target":{"@type":"EntryPoint","urlTemplate":"https:\/\/foundation.ottawaheart.ca\/?s={search_term_string}"},"query-input":{"@type":"PropertyValueSpecification","valueRequired":true,"valueName":"search_term_string"}}],"inLanguage":"fr-FR"},{"@type":"Organization","@id":"https:\/\/foundation.ottawaheart.ca\/#organization","name":"uOttawa - Heart Institute","url":"https:\/\/foundation.ottawaheart.ca\/","logo":{"@type":"ImageObject","inLanguage":"fr-FR","@id":"https:\/\/foundation.ottawaheart.ca\/#\/schema\/logo\/image\/","url":"https:\/\/foundation.ottawaheart.ca\/wp-content\/uploads\/2023\/07\/logo-3.png","contentUrl":"https:\/\/foundation.ottawaheart.ca\/wp-content\/uploads\/2023\/07\/logo-3.png","width":385,"height":84,"caption":"uOttawa - Heart Institute"},"image":{"@id":"https:\/\/foundation.ottawaheart.ca\/#\/schema\/logo\/image\/"},"sameAs":["https:\/\/www.facebook.com\/heartinstitutefoundation\/","https:\/\/x.com\/HeartFDN","https:\/\/www.instagram.com\/heartinstitutefoundation\/","https:\/\/www.linkedin.com\/company\/the-university-of-ottawa-heart-institute-foundation"]}]}},"_links":{"self":[{"href":"https:\/\/foundation.ottawaheart.ca\/fr\/wp-json\/wp\/v2\/pages\/16977","targetHints":{"allow":["GET"]}}],"collection":[{"href":"https:\/\/foundation.ottawaheart.ca\/fr\/wp-json\/wp\/v2\/pages"}],"about":[{"href":"https:\/\/foundation.ottawaheart.ca\/fr\/wp-json\/wp\/v2\/types\/page"}],"author":[{"embeddable":true,"href":"https:\/\/foundation.ottawaheart.ca\/fr\/wp-json\/wp\/v2\/users\/6"}],"replies":[{"embeddable":true,"href":"https:\/\/foundation.ottawaheart.ca\/fr\/wp-json\/wp\/v2\/comments?post=16977"}],"version-history":[{"count":19,"href":"https:\/\/foundation.ottawaheart.ca\/fr\/wp-json\/wp\/v2\/pages\/16977\/revisions"}],"predecessor-version":[{"id":21504,"href":"https:\/\/foundation.ottawaheart.ca\/fr\/wp-json\/wp\/v2\/pages\/16977\/revisions\/21504"}],"wp:featuredmedia":[{"embeddable":true,"href":"https:\/\/foundation.ottawaheart.ca\/fr\/wp-json\/wp\/v2\/media\/21356"}],"wp:attachment":[{"href":"https:\/\/foundation.ottawaheart.ca\/fr\/wp-json\/wp\/v2\/media?parent=16977"}],"curies":[{"name":"wp","href":"https:\/\/api.w.org\/{rel}","templated":true}]}}