{"id":18812,"date":"2024-03-28T19:32:50","date_gmt":"2024-03-28T23:32:50","guid":{"rendered":"https:\/\/ottawaheart.s2.whc.webmarketersdev.ca\/?page_id=18812"},"modified":"2026-04-01T09:05:50","modified_gmt":"2026-04-01T13:05:50","slug":"le-programme-coeur-dor","status":"publish","type":"page","link":"https:\/\/foundation.ottawaheart.ca\/fr\/le-programme-coeur-dor\/","title":{"rendered":"C\u0153ur d&rsquo;Or"},"content":{"rendered":"\t\t<div data-elementor-type=\"wp-page\" data-elementor-id=\"18812\" class=\"elementor elementor-18812 elementor-14378\" data-elementor-post-type=\"page\">\n\t\t\t\t<div class=\"elementor-element elementor-element-510f704 e-flex e-con-boxed e-con e-parent\" data-id=\"510f704\" data-element_type=\"container\" data-e-type=\"container\" data-settings=\"{&quot;background_background&quot;:&quot;classic&quot;}\">\n\t\t\t\t\t<div class=\"e-con-inner\">\n\t\t\t\t<div class=\"elementor-element elementor-element-54b5409 elementor-widget elementor-widget-text-editor\" data-id=\"54b5409\" data-element_type=\"widget\" data-e-type=\"widget\" data-widget_type=\"text-editor.default\">\n\t\t\t\t<div class=\"elementor-widget-container\">\n\t\t\t\t\t\t\t\t\t<h2 class=\"HOG_subtitle1\">Aujourd&rsquo;hui, pensez \u00e0 donner un\u00a0C\u0153ur d&rsquo;Or<\/h2>\t\t\t\t\t\t\t\t<\/div>\n\t\t\t\t<\/div>\n\t\t\t\t<div class=\"elementor-element elementor-element-68264d0 elementor-widget__width-initial elementor-widget elementor-widget-heading\" data-id=\"68264d0\" data-element_type=\"widget\" data-e-type=\"widget\" data-widget_type=\"heading.default\">\n\t\t\t\t<div class=\"elementor-widget-container\">\n\t\t\t\t\t<h2 class=\"elementor-heading-title elementor-size-default\">Vous pouvez faire un geste de profonde gratitude.<\/h2>\t\t\t\t<\/div>\n\t\t\t\t<\/div>\n\t\t<div class=\"elementor-element elementor-element-2c4addd e-grid e-con-full e-con e-child\" data-id=\"2c4addd\" data-element_type=\"container\" data-e-type=\"container\">\n\t\t\t\t<div class=\"elementor-element elementor-element-042f1df elementor-hidden-widescreen elementor-hidden-desktop elementor-hidden-laptop elementor-hidden-tablet_extra elementor-widget elementor-widget-image\" data-id=\"042f1df\" data-element_type=\"widget\" data-e-type=\"widget\" data-widget_type=\"image.default\">\n\t\t\t\t<div class=\"elementor-widget-container\">\n\t\t\t\t\t\t\t\t\t\t\t\t\t\t\t<img fetchpriority=\"high\" decoding=\"async\" width=\"589\" height=\"1024\" src=\"https:\/\/foundation.ottawaheart.ca\/wp-content\/uploads\/2024\/06\/HOG-logo-589x1024.png\" class=\"attachment-large size-large wp-image-15344\" alt=\"Heart of Gold logo\" srcset=\"https:\/\/foundation.ottawaheart.ca\/wp-content\/uploads\/2024\/06\/HOG-logo-589x1024.png 589w, https:\/\/foundation.ottawaheart.ca\/wp-content\/uploads\/2024\/06\/HOG-logo-172x300.png 172w, https:\/\/foundation.ottawaheart.ca\/wp-content\/uploads\/2024\/06\/HOG-logo-768x1336.png 768w, https:\/\/foundation.ottawaheart.ca\/wp-content\/uploads\/2024\/06\/HOG-logo.png 818w\" sizes=\"(max-width: 589px) 100vw, 589px\" \/>\t\t\t\t\t\t\t\t\t\t\t\t\t\t\t<\/div>\n\t\t\t\t<\/div>\n\t\t\t\t<div class=\"elementor-element elementor-element-e1a71c7 elementor-hidden-widescreen elementor-hidden-desktop elementor-hidden-laptop elementor-hidden-tablet_extra elementor-widget elementor-widget-n-accordion\" data-id=\"e1a71c7\" data-element_type=\"widget\" data-e-type=\"widget\" data-settings=\"{&quot;default_state&quot;:&quot;all_collapsed&quot;,&quot;max_items_expended&quot;:&quot;one&quot;,&quot;n_accordion_animation_duration&quot;:{&quot;unit&quot;:&quot;ms&quot;,&quot;size&quot;:400,&quot;sizes&quot;:[]}}\" data-widget_type=\"nested-accordion.default\">\n\t\t\t\t<div class=\"elementor-widget-container\">\n\t\t\t\t\t\t\t<div class=\"e-n-accordion\" aria-label=\"Accordion. Open links with Enter or Space, close with Escape, and navigate with Arrow Keys\">\n\t\t\t\t\t\t<details id=\"e-n-accordion-item-2360\" class=\"e-n-accordion-item\" >\n\t\t\t\t<summary class=\"e-n-accordion-item-title\" data-accordion-index=\"1\" tabindex=\"0\" aria-expanded=\"false\" aria-controls=\"e-n-accordion-item-2360\" >\n\t\t\t\t\t<span class='e-n-accordion-item-title-header'><div class=\"e-n-accordion-item-title-text\"> DONNER <\/div><\/span>\n\t\t\t\t\t\t\t\t\t<\/summary>\n\t\t\t\t<div role=\"region\" aria-labelledby=\"e-n-accordion-item-2360\" class=\"elementor-element elementor-element-0b65493 e-con-full e-flex e-con e-child\" data-id=\"0b65493\" data-element_type=\"container\" data-e-type=\"container\">\n\t\t\t\t<div class=\"elementor-element elementor-element-a38038c elementor-widget elementor-widget-html\" data-id=\"a38038c\" data-element_type=\"widget\" data-e-type=\"widget\" data-widget_type=\"html.default\">\n\t\t\t\t<div class=\"elementor-widget-container\">\n\t\t\t\t\t<div id=\"blackbaud-donation-form_ccf60d3a-ea63-422c-8172-0f3c2cbe1a05\"><\/div>\r\n        <script src=\"https:\/\/sky.blackbaudcdn.net\/static\/donor-form-loader\/2\/main.js\"><\/script>\r\n        <script>BBDonorFormLoader.newBlackbaudDonationFormZoned('renxt', 'p-cegoxbK_F0Kgt4zC3Qjmhw', 'ccf60d3a-ea63-422c-8172-0f3c2cbe1a05', 'can')<\/script>\t\t\t\t<\/div>\n\t\t\t\t<\/div>\n\t\t\t\t<\/div>\n\t\t\t\t\t<\/details>\n\t\t\t\t\t<\/div>\n\t\t\t\t\t\t<\/div>\n\t\t\t\t<\/div>\n\t\t\t\t<\/div>\n\t\t<div class=\"elementor-element elementor-element-2f9ce74 e-con-full e-flex e-con e-child\" data-id=\"2f9ce74\" data-element_type=\"container\" data-e-type=\"container\">\n\t\t\t\t<div class=\"elementor-element elementor-element-dba30d4 elementor-widget-mobile__width-initial elementor-hidden-widescreen elementor-hidden-desktop elementor-hidden-laptop elementor-hidden-tablet_extra elementor-widget__width-inherit elementor-widget elementor-widget-text-editor\" data-id=\"dba30d4\" data-element_type=\"widget\" data-e-type=\"widget\" data-widget_type=\"text-editor.default\">\n\t\t\t\t<div class=\"elementor-widget-container\">\n\t\t\t\t\t\t\t\t\t<p>Soulignez l\u2019importance du travail du personnel infirmier, des m\u00e9decins, des th\u00e9rapeutes, des b\u00e9n\u00e9voles, du personnel d\u2019entretien et de tout le personnel d\u00e9vou\u00e9 que vous ayez rencontr\u00e9s derni\u00e8rement.<\/p><p>L\u2019\u00e9quipe est heureuse de recevoir cette \u00e9pinglette dor\u00e9e tant convoit\u00e9e et de la porter avec fiert\u00e9. Votre t\u00e9moignage d\u2019appr\u00e9ciation, remis en main propre, donne un \u00e9lan \u00e0 tous ceux et celles qui le re\u00e7oivent. Avec ce symbole de gratitude, votre r\u00e9cipiendaire re\u00e7oit une carte de remerciement contenant votre message personnalis\u00e9.<\/p>\t\t\t\t\t\t\t\t<\/div>\n\t\t\t\t<\/div>\n\t\t\t\t<\/div>\n\t\t\t\t\t<\/div>\n\t\t\t\t<\/div>\n\t\t<div class=\"elementor-element elementor-element-afb99bd e-con-full e-flex e-con e-parent\" data-id=\"afb99bd\" data-element_type=\"container\" data-e-type=\"container\">\n\t\t<div class=\"elementor-element elementor-element-7d43c30 e-con-full e-grid elementor-hidden-tablet elementor-hidden-mobile_extra elementor-hidden-mobile e-con e-child\" data-id=\"7d43c30\" data-element_type=\"container\" data-e-type=\"container\" data-settings=\"{&quot;background_background&quot;:&quot;classic&quot;}\">\n\t\t\t\t<div class=\"elementor-element elementor-element-a5d29be elementor-widget elementor-widget-spacer\" data-id=\"a5d29be\" data-element_type=\"widget\" data-e-type=\"widget\" data-widget_type=\"spacer.default\">\n\t\t\t\t<div class=\"elementor-widget-container\">\n\t\t\t\t\t\t\t<div class=\"elementor-spacer\">\n\t\t\t<div class=\"elementor-spacer-inner\"><\/div>\n\t\t<\/div>\n\t\t\t\t\t\t<\/div>\n\t\t\t\t<\/div>\n\t\t<div class=\"elementor-element elementor-element-2909419 e-con-full e-flex e-con e-child\" data-id=\"2909419\" data-element_type=\"container\" data-e-type=\"container\">\n\t\t\t\t<div class=\"elementor-element elementor-element-818b206 elementor-widget elementor-widget-html\" data-id=\"818b206\" data-element_type=\"widget\" data-e-type=\"widget\" data-widget_type=\"html.default\">\n\t\t\t\t<div class=\"elementor-widget-container\">\n\t\t\t\t\t<button data-blackbaud-optimized-form-id=\"36dc2092-9e9e-4938-95e7-63d331c9b933\">Faire un don<\/button>\t\t\t\t<\/div>\n\t\t\t\t<\/div>\n\t\t<div class=\"elementor-element elementor-element-6220b87 e-grid e-con-boxed e-con e-child\" data-id=\"6220b87\" data-element_type=\"container\" data-e-type=\"container\">\n\t\t\t\t\t<div class=\"e-con-inner\">\n\t\t\t\t<div class=\"elementor-element elementor-element-9adb9c8 elementor-widget-mobile__width-initial elementor-widget elementor-widget-text-editor\" data-id=\"9adb9c8\" data-element_type=\"widget\" data-e-type=\"widget\" data-widget_type=\"text-editor.default\">\n\t\t\t\t<div class=\"elementor-widget-container\">\n\t\t\t\t\t\t\t\t\t<p>Soulignez l\u2019importance du travail du personnel infirmier, des m\u00e9decins, des th\u00e9rapeutes, des b\u00e9n\u00e9voles, du personnel d\u2019entretien et de tout le personnel d\u00e9vou\u00e9 que vous ayez rencontr\u00e9s derni\u00e8rement.<\/p><p>L\u2019\u00e9quipe est heureuse de recevoir cette \u00e9pinglette dor\u00e9e tant convoit\u00e9e et de la porter avec fiert\u00e9. Votre t\u00e9moignage d\u2019appr\u00e9ciation, remis en main propre, donne un \u00e9lan \u00e0 tous ceux et celles qui le re\u00e7oivent. Avec ce symbole de gratitude, votre r\u00e9cipiendaire re\u00e7oit une carte de remerciement contenant votre message personnalis\u00e9.<\/p>\t\t\t\t\t\t\t\t<\/div>\n\t\t\t\t<\/div>\n\t\t\t\t<div class=\"elementor-element elementor-element-1403e6d elementor-widget__width-initial elementor-widget elementor-widget-image\" data-id=\"1403e6d\" data-element_type=\"widget\" data-e-type=\"widget\" data-widget_type=\"image.default\">\n\t\t\t\t<div class=\"elementor-widget-container\">\n\t\t\t\t\t\t\t\t\t\t\t\t\t\t\t<img fetchpriority=\"high\" decoding=\"async\" width=\"589\" height=\"1024\" src=\"https:\/\/foundation.ottawaheart.ca\/wp-content\/uploads\/2024\/06\/HOG-logo-589x1024.png\" class=\"attachment-large size-large wp-image-15344\" alt=\"Heart of Gold logo\" srcset=\"https:\/\/foundation.ottawaheart.ca\/wp-content\/uploads\/2024\/06\/HOG-logo-589x1024.png 589w, https:\/\/foundation.ottawaheart.ca\/wp-content\/uploads\/2024\/06\/HOG-logo-172x300.png 172w, https:\/\/foundation.ottawaheart.ca\/wp-content\/uploads\/2024\/06\/HOG-logo-768x1336.png 768w, https:\/\/foundation.ottawaheart.ca\/wp-content\/uploads\/2024\/06\/HOG-logo.png 818w\" sizes=\"(max-width: 589px) 100vw, 589px\" \/>\t\t\t\t\t\t\t\t\t\t\t\t\t\t\t<\/div>\n\t\t\t\t<\/div>\n\t\t\t\t\t<\/div>\n\t\t\t\t<\/div>\n\t\t\t\t<\/div>\n\t\t\t\t<\/div>\n\t\t<div class=\"elementor-element elementor-element-027b12f e-con-full e-flex e-con e-child\" data-id=\"027b12f\" data-element_type=\"container\" data-e-type=\"container\" data-settings=\"{&quot;background_background&quot;:&quot;classic&quot;}\">\n\t\t<div class=\"elementor-element elementor-element-d813899 e-grid e-con-full e-con e-child\" data-id=\"d813899\" data-element_type=\"container\" data-e-type=\"container\" data-settings=\"{&quot;background_background&quot;:&quot;classic&quot;}\">\n\t\t<div class=\"elementor-element elementor-element-fc20d4b e-con-full e-flex e-con e-child\" data-id=\"fc20d4b\" data-element_type=\"container\" data-e-type=\"container\" data-settings=\"{&quot;background_background&quot;:&quot;classic&quot;}\">\n\t\t\t\t<div class=\"elementor-element elementor-element-6cb1663 elementor-widget elementor-widget-spacer\" data-id=\"6cb1663\" data-element_type=\"widget\" data-e-type=\"widget\" data-widget_type=\"spacer.default\">\n\t\t\t\t<div class=\"elementor-widget-container\">\n\t\t\t\t\t\t\t<div class=\"elementor-spacer\">\n\t\t\t<div class=\"elementor-spacer-inner\"><\/div>\n\t\t<\/div>\n\t\t\t\t\t\t<\/div>\n\t\t\t\t<\/div>\n\t\t\t\t<\/div>\n\t\t<div class=\"elementor-element elementor-element-fe76362 e-con-full e-flex e-con e-child\" data-id=\"fe76362\" data-element_type=\"container\" data-e-type=\"container\" data-settings=\"{&quot;background_background&quot;:&quot;classic&quot;}\">\n\t\t\t\t<div class=\"elementor-element elementor-element-aca6f18 elementor-widget elementor-widget-heading\" data-id=\"aca6f18\" data-element_type=\"widget\" data-e-type=\"widget\" data-widget_type=\"heading.default\">\n\t\t\t\t<div class=\"elementor-widget-container\">\n\t\t\t\t\t<h2 class=\"elementor-heading-title elementor-size-default\">Le connection entre patients et \u00e9quipes cardiologie<\/h2>\t\t\t\t<\/div>\n\t\t\t\t<\/div>\n\t\t\t\t<div class=\"elementor-element elementor-element-744534e elementor-widget-mobile__width-initial elementor-widget elementor-widget-text-editor\" data-id=\"744534e\" data-element_type=\"widget\" data-e-type=\"widget\" data-widget_type=\"text-editor.default\">\n\t\t\t\t<div class=\"elementor-widget-container\">\n\t\t\t\t\t\t\t\t\t<h4 class=\"HOG_subtitle3\">\u201cl&rsquo;ICUO est un centre d&rsquo;excellence de renomm\u00e9e mondiale, ici m\u00eame \u00e0 Ottawa, et nose patients et notre communaut\u00e9 le savent.\u00a0\u00bb<\/h4>\t\t\t\t\t\t\t\t<\/div>\n\t\t\t\t<\/div>\n\t\t\t\t<div class=\"elementor-element elementor-element-508d48c elementor-widget-mobile__width-initial elementor-widget elementor-widget-text-editor\" data-id=\"508d48c\" data-element_type=\"widget\" data-e-type=\"widget\" data-widget_type=\"text-editor.default\">\n\t\t\t\t<div class=\"elementor-widget-container\">\n\t\t\t\t\t\t\t\t\t<p>Mais ils ne savent peut-\u00eatre pas que c\u2019est en grande partie GR\u00c2CE au soutien de la communaut\u00e9 que l\u2019ICUO peut \u00eatre ce qu\u2019il est et ce qu\u2019il aspire \u00e0 \u00eatre. L\u2019ICUO fournit des soins cardiovasculaires de pointe parmi les plus rentables au monde, et c\u2019est le soutien de la communaut\u00e9 qui nous permet de catalyser l\u2019exceptionnelle formation des sp\u00e9cialistes, la recherche avant-gardiste et les innovations marquantes, comme de nouvelles m\u00e9thodes chirurgicales adopt\u00e9es partout dans le monde.<\/p><p>Le programme Coeur d\u2019or permet tout particuli\u00e8rement d\u2019\u00e9tablir ce lien : en remerciant un membre du personnel soignant pour l\u2019excellence des soins re\u00e7us et en contribuant par la m\u00eame occasion \u00e0 la formation, \u00e0 la recherche et aux prochaines d\u00e9couvertes qui permettront d\u2019offrir des soins encore meilleurs aux futurs patients.<\/p>\t\t\t\t\t\t\t\t<\/div>\n\t\t\t\t<\/div>\n\t\t\t\t<div class=\"elementor-element elementor-element-59b658e elementor-widget elementor-widget-heading\" data-id=\"59b658e\" data-element_type=\"widget\" data-e-type=\"widget\" data-widget_type=\"heading.default\">\n\t\t\t\t<div class=\"elementor-widget-container\">\n\t\t\t\t\t<h2 class=\"elementor-heading-title elementor-size-default\">Dr Marc Ruel, Chef, Division de chirurgie cardiaque<\/h2>\t\t\t\t<\/div>\n\t\t\t\t<\/div>\n\t\t\t\t<\/div>\n\t\t\t\t<\/div>\n\t\t\t\t<\/div>\n\t\t\t\t<\/div>\n\t\t\t\t<\/div>\n\t\t","protected":false},"excerpt":{"rendered":"<p>Aujourd&rsquo;hui, pensez \u00e0 donner un\u00a0C\u0153ur d&rsquo;Or Vous pouvez faire un geste de profonde gratitude. DONNER Soulignez l\u2019importance du travail du personnel infirmier, des m\u00e9decins, des th\u00e9rapeutes, des b\u00e9n\u00e9voles, du personnel [&hellip;]<\/p>\n","protected":false},"author":6,"featured_media":0,"parent":0,"menu_order":0,"comment_status":"closed","ping_status":"closed","template":"","meta":{"_acf_changed":false,"footnotes":""},"class_list":["post-18812","page","type-page","status-publish","hentry"],"acf":[],"yoast_head":"<!-- This site is optimized with the Yoast SEO Premium plugin v22.2 (Yoast SEO v27.0) - https:\/\/yoast.com\/product\/yoast-seo-premium-wordpress\/ -->\n<title>Le programme C\u0153ur d&#039;Or | ICUOF<\/title>\n<meta name=\"description\" content=\"Le programme C\u0153ur d&#039;Or vous offre la possibilit\u00e9 d&#039;exprimer votre reconnaissance \u00e0 l&#039;\u00e9gard de membres de l&#039;Institut de cardiologie.\" \/>\n<meta name=\"robots\" content=\"index, follow, max-snippet:-1, max-image-preview:large, max-video-preview:-1\" \/>\n<link rel=\"canonical\" href=\"https:\/\/foundation.ottawaheart.ca\/fr\/le-programme-coeur-dor\/\" \/>\n<meta property=\"og:locale\" content=\"fr_FR\" \/>\n<meta property=\"og:type\" content=\"article\" \/>\n<meta property=\"og:title\" content=\"C\u0153ur d&#039;Or\" \/>\n<meta property=\"og:description\" content=\"Le programme C\u0153ur d&#039;Or vous offre la possibilit\u00e9 d&#039;exprimer votre reconnaissance \u00e0 l&#039;\u00e9gard de membres de l&#039;Institut de cardiologie.\" \/>\n<meta property=\"og:url\" content=\"https:\/\/foundation.ottawaheart.ca\/fr\/le-programme-coeur-dor\/\" \/>\n<meta property=\"og:site_name\" content=\"uOttawa - Heart Institute\" \/>\n<meta property=\"article:publisher\" content=\"https:\/\/www.facebook.com\/heartinstitutefoundation\/\" \/>\n<meta property=\"article:modified_time\" content=\"2026-04-01T13:05:50+00:00\" \/>\n<meta property=\"og:image\" content=\"https:\/\/foundation.ottawaheart.ca\/wp-content\/uploads\/2024\/06\/HOG-logo.png\" \/>\n\t<meta property=\"og:image:width\" content=\"818\" \/>\n\t<meta property=\"og:image:height\" content=\"1423\" \/>\n\t<meta property=\"og:image:type\" content=\"image\/png\" \/>\n<meta name=\"twitter:card\" content=\"summary_large_image\" \/>\n<meta name=\"twitter:site\" content=\"@HeartFDN\" \/>\n<meta name=\"twitter:label1\" content=\"Dur\u00e9e de lecture estim\u00e9e\" \/>\n\t<meta name=\"twitter:data1\" content=\"3 minutes\" \/>\n<script type=\"application\/ld+json\" class=\"yoast-schema-graph\">{\"@context\":\"https:\/\/schema.org\",\"@graph\":[{\"@type\":\"WebPage\",\"@id\":\"https:\/\/foundation.ottawaheart.ca\/fr\/le-programme-coeur-dor\/\",\"url\":\"https:\/\/foundation.ottawaheart.ca\/fr\/le-programme-coeur-dor\/\",\"name\":\"Le programme C\u0153ur d'Or | ICUOF\",\"isPartOf\":{\"@id\":\"https:\/\/foundation.ottawaheart.ca\/#website\"},\"primaryImageOfPage\":{\"@id\":\"https:\/\/foundation.ottawaheart.ca\/fr\/le-programme-coeur-dor\/#primaryimage\"},\"image\":{\"@id\":\"https:\/\/foundation.ottawaheart.ca\/fr\/le-programme-coeur-dor\/#primaryimage\"},\"thumbnailUrl\":\"https:\/\/foundation.ottawaheart.ca\/wp-content\/uploads\/2024\/06\/HOG-logo-589x1024.png\",\"datePublished\":\"2024-03-28T23:32:50+00:00\",\"dateModified\":\"2026-04-01T13:05:50+00:00\",\"description\":\"Le programme C\u0153ur d'Or vous offre la possibilit\u00e9 d'exprimer votre reconnaissance \u00e0 l'\u00e9gard de membres de l'Institut de cardiologie.\",\"breadcrumb\":{\"@id\":\"https:\/\/foundation.ottawaheart.ca\/fr\/le-programme-coeur-dor\/#breadcrumb\"},\"inLanguage\":\"fr-FR\",\"potentialAction\":[{\"@type\":\"ReadAction\",\"target\":[\"https:\/\/foundation.ottawaheart.ca\/fr\/le-programme-coeur-dor\/\"]}]},{\"@type\":\"ImageObject\",\"inLanguage\":\"fr-FR\",\"@id\":\"https:\/\/foundation.ottawaheart.ca\/fr\/le-programme-coeur-dor\/#primaryimage\",\"url\":\"https:\/\/foundation.ottawaheart.ca\/wp-content\/uploads\/2024\/06\/HOG-logo-589x1024.png\",\"contentUrl\":\"https:\/\/foundation.ottawaheart.ca\/wp-content\/uploads\/2024\/06\/HOG-logo-589x1024.png\"},{\"@type\":\"BreadcrumbList\",\"@id\":\"https:\/\/foundation.ottawaheart.ca\/fr\/le-programme-coeur-dor\/#breadcrumb\",\"itemListElement\":[{\"@type\":\"ListItem\",\"position\":1,\"name\":\"Home\",\"item\":\"https:\/\/foundation.ottawaheart.ca\/fr\/\"},{\"@type\":\"ListItem\",\"position\":2,\"name\":\"C\u0153ur d&#8217;Or\"}]},{\"@type\":\"WebSite\",\"@id\":\"https:\/\/foundation.ottawaheart.ca\/#website\",\"url\":\"https:\/\/foundation.ottawaheart.ca\/\",\"name\":\"uOttawa - Heart Institute\",\"description\":\"\",\"publisher\":{\"@id\":\"https:\/\/foundation.ottawaheart.ca\/#organization\"},\"potentialAction\":[{\"@type\":\"SearchAction\",\"target\":{\"@type\":\"EntryPoint\",\"urlTemplate\":\"https:\/\/foundation.ottawaheart.ca\/?s={search_term_string}\"},\"query-input\":{\"@type\":\"PropertyValueSpecification\",\"valueRequired\":true,\"valueName\":\"search_term_string\"}}],\"inLanguage\":\"fr-FR\"},{\"@type\":\"Organization\",\"@id\":\"https:\/\/foundation.ottawaheart.ca\/#organization\",\"name\":\"uOttawa - Heart Institute\",\"url\":\"https:\/\/foundation.ottawaheart.ca\/\",\"logo\":{\"@type\":\"ImageObject\",\"inLanguage\":\"fr-FR\",\"@id\":\"https:\/\/foundation.ottawaheart.ca\/#\/schema\/logo\/image\/\",\"url\":\"https:\/\/foundation.ottawaheart.ca\/wp-content\/uploads\/2023\/07\/logo-3.png\",\"contentUrl\":\"https:\/\/foundation.ottawaheart.ca\/wp-content\/uploads\/2023\/07\/logo-3.png\",\"width\":385,\"height\":84,\"caption\":\"uOttawa - Heart Institute\"},\"image\":{\"@id\":\"https:\/\/foundation.ottawaheart.ca\/#\/schema\/logo\/image\/\"},\"sameAs\":[\"https:\/\/www.facebook.com\/heartinstitutefoundation\/\",\"https:\/\/x.com\/HeartFDN\",\"https:\/\/www.instagram.com\/heartinstitutefoundation\/\",\"https:\/\/www.linkedin.com\/company\/the-university-of-ottawa-heart-institute-foundation\"]}]}<\/script>\n<!-- \/ Yoast SEO Premium plugin. -->","yoast_head_json":{"title":"Le programme C\u0153ur d'Or | ICUOF","description":"Le programme C\u0153ur d'Or vous offre la possibilit\u00e9 d'exprimer votre reconnaissance \u00e0 l'\u00e9gard de membres de l'Institut de cardiologie.","robots":{"index":"index","follow":"follow","max-snippet":"max-snippet:-1","max-image-preview":"max-image-preview:large","max-video-preview":"max-video-preview:-1"},"canonical":"https:\/\/foundation.ottawaheart.ca\/fr\/le-programme-coeur-dor\/","og_locale":"fr_FR","og_type":"article","og_title":"C\u0153ur d'Or","og_description":"Le programme C\u0153ur d'Or vous offre la possibilit\u00e9 d'exprimer votre reconnaissance \u00e0 l'\u00e9gard de membres de l'Institut de cardiologie.","og_url":"https:\/\/foundation.ottawaheart.ca\/fr\/le-programme-coeur-dor\/","og_site_name":"uOttawa - Heart Institute","article_publisher":"https:\/\/www.facebook.com\/heartinstitutefoundation\/","article_modified_time":"2026-04-01T13:05:50+00:00","og_image":[{"width":818,"height":1423,"url":"https:\/\/foundation.ottawaheart.ca\/wp-content\/uploads\/2024\/06\/HOG-logo.png","type":"image\/png"}],"twitter_card":"summary_large_image","twitter_site":"@HeartFDN","twitter_misc":{"Dur\u00e9e de lecture estim\u00e9e":"3 minutes"},"schema":{"@context":"https:\/\/schema.org","@graph":[{"@type":"WebPage","@id":"https:\/\/foundation.ottawaheart.ca\/fr\/le-programme-coeur-dor\/","url":"https:\/\/foundation.ottawaheart.ca\/fr\/le-programme-coeur-dor\/","name":"Le programme C\u0153ur d'Or | ICUOF","isPartOf":{"@id":"https:\/\/foundation.ottawaheart.ca\/#website"},"primaryImageOfPage":{"@id":"https:\/\/foundation.ottawaheart.ca\/fr\/le-programme-coeur-dor\/#primaryimage"},"image":{"@id":"https:\/\/foundation.ottawaheart.ca\/fr\/le-programme-coeur-dor\/#primaryimage"},"thumbnailUrl":"https:\/\/foundation.ottawaheart.ca\/wp-content\/uploads\/2024\/06\/HOG-logo-589x1024.png","datePublished":"2024-03-28T23:32:50+00:00","dateModified":"2026-04-01T13:05:50+00:00","description":"Le programme C\u0153ur d'Or vous offre la possibilit\u00e9 d'exprimer votre reconnaissance \u00e0 l'\u00e9gard de membres de l'Institut de cardiologie.","breadcrumb":{"@id":"https:\/\/foundation.ottawaheart.ca\/fr\/le-programme-coeur-dor\/#breadcrumb"},"inLanguage":"fr-FR","potentialAction":[{"@type":"ReadAction","target":["https:\/\/foundation.ottawaheart.ca\/fr\/le-programme-coeur-dor\/"]}]},{"@type":"ImageObject","inLanguage":"fr-FR","@id":"https:\/\/foundation.ottawaheart.ca\/fr\/le-programme-coeur-dor\/#primaryimage","url":"https:\/\/foundation.ottawaheart.ca\/wp-content\/uploads\/2024\/06\/HOG-logo-589x1024.png","contentUrl":"https:\/\/foundation.ottawaheart.ca\/wp-content\/uploads\/2024\/06\/HOG-logo-589x1024.png"},{"@type":"BreadcrumbList","@id":"https:\/\/foundation.ottawaheart.ca\/fr\/le-programme-coeur-dor\/#breadcrumb","itemListElement":[{"@type":"ListItem","position":1,"name":"Home","item":"https:\/\/foundation.ottawaheart.ca\/fr\/"},{"@type":"ListItem","position":2,"name":"C\u0153ur d&#8217;Or"}]},{"@type":"WebSite","@id":"https:\/\/foundation.ottawaheart.ca\/#website","url":"https:\/\/foundation.ottawaheart.ca\/","name":"uOttawa - Heart Institute","description":"","publisher":{"@id":"https:\/\/foundation.ottawaheart.ca\/#organization"},"potentialAction":[{"@type":"SearchAction","target":{"@type":"EntryPoint","urlTemplate":"https:\/\/foundation.ottawaheart.ca\/?s={search_term_string}"},"query-input":{"@type":"PropertyValueSpecification","valueRequired":true,"valueName":"search_term_string"}}],"inLanguage":"fr-FR"},{"@type":"Organization","@id":"https:\/\/foundation.ottawaheart.ca\/#organization","name":"uOttawa - Heart Institute","url":"https:\/\/foundation.ottawaheart.ca\/","logo":{"@type":"ImageObject","inLanguage":"fr-FR","@id":"https:\/\/foundation.ottawaheart.ca\/#\/schema\/logo\/image\/","url":"https:\/\/foundation.ottawaheart.ca\/wp-content\/uploads\/2023\/07\/logo-3.png","contentUrl":"https:\/\/foundation.ottawaheart.ca\/wp-content\/uploads\/2023\/07\/logo-3.png","width":385,"height":84,"caption":"uOttawa - Heart Institute"},"image":{"@id":"https:\/\/foundation.ottawaheart.ca\/#\/schema\/logo\/image\/"},"sameAs":["https:\/\/www.facebook.com\/heartinstitutefoundation\/","https:\/\/x.com\/HeartFDN","https:\/\/www.instagram.com\/heartinstitutefoundation\/","https:\/\/www.linkedin.com\/company\/the-university-of-ottawa-heart-institute-foundation"]}]}},"_links":{"self":[{"href":"https:\/\/foundation.ottawaheart.ca\/fr\/wp-json\/wp\/v2\/pages\/18812","targetHints":{"allow":["GET"]}}],"collection":[{"href":"https:\/\/foundation.ottawaheart.ca\/fr\/wp-json\/wp\/v2\/pages"}],"about":[{"href":"https:\/\/foundation.ottawaheart.ca\/fr\/wp-json\/wp\/v2\/types\/page"}],"author":[{"embeddable":true,"href":"https:\/\/foundation.ottawaheart.ca\/fr\/wp-json\/wp\/v2\/users\/6"}],"replies":[{"embeddable":true,"href":"https:\/\/foundation.ottawaheart.ca\/fr\/wp-json\/wp\/v2\/comments?post=18812"}],"version-history":[{"count":92,"href":"https:\/\/foundation.ottawaheart.ca\/fr\/wp-json\/wp\/v2\/pages\/18812\/revisions"}],"predecessor-version":[{"id":22278,"href":"https:\/\/foundation.ottawaheart.ca\/fr\/wp-json\/wp\/v2\/pages\/18812\/revisions\/22278"}],"wp:attachment":[{"href":"https:\/\/foundation.ottawaheart.ca\/fr\/wp-json\/wp\/v2\/media?parent=18812"}],"curies":[{"name":"wp","href":"https:\/\/api.w.org\/{rel}","templated":true}]}}