{"id":19204,"date":"2025-04-25T14:21:27","date_gmt":"2025-04-25T18:21:27","guid":{"rendered":"https:\/\/ottawaheart.s2.whc.webmarketersdev.ca\/?page_id=19204"},"modified":"2025-05-08T19:36:47","modified_gmt":"2025-05-08T19:36:47","slug":"semaine-nationale-des-soins-infirmiers","status":"publish","type":"page","link":"https:\/\/foundation.ottawaheart.ca\/fr\/semaine-nationale-des-soins-infirmiers\/","title":{"rendered":"Semaine nationale des soins infirmiers"},"content":{"rendered":"\t\t<div data-elementor-type=\"wp-page\" data-elementor-id=\"19204\" class=\"elementor elementor-19204 elementor-19141\" data-elementor-post-type=\"page\">\n\t\t\t\t\t\t<section class=\"elementor-section elementor-top-section elementor-element elementor-element-f0f05ba elementor-section-full_width p-lr  pb-50 pt-50 elementor-section-height-default elementor-section-height-default\" data-id=\"f0f05ba\" data-element_type=\"section\" data-e-type=\"section\" data-settings=\"{&quot;background_background&quot;:&quot;classic&quot;}\">\n\t\t\t\t\t\t<div class=\"elementor-container elementor-column-gap-default\">\n\t\t\t\t\t<div class=\"elementor-column elementor-col-100 elementor-top-column elementor-element elementor-element-21f66ac\" data-id=\"21f66ac\" data-element_type=\"column\" data-e-type=\"column\">\n\t\t\t<div class=\"elementor-widget-wrap elementor-element-populated\">\n\t\t\t\t\t\t<section class=\"elementor-section elementor-inner-section elementor-element elementor-element-8333f0a elementor-section-boxed elementor-section-height-default elementor-section-height-default\" data-id=\"8333f0a\" data-element_type=\"section\" data-e-type=\"section\">\n\t\t\t\t\t\t<div class=\"elementor-container elementor-column-gap-default\">\n\t\t\t\t\t<div class=\"elementor-column elementor-col-100 elementor-inner-column elementor-element elementor-element-a2b2ae0\" data-id=\"a2b2ae0\" data-element_type=\"column\" data-e-type=\"column\">\n\t\t\t<div class=\"elementor-widget-wrap elementor-element-populated\">\n\t\t\t\t\t\t<div class=\"elementor-element elementor-element-41b604c elementor-widget elementor-widget-heading\" data-id=\"41b604c\" data-element_type=\"widget\" data-e-type=\"widget\" data-widget_type=\"heading.default\">\n\t\t\t\t<div class=\"elementor-widget-container\">\n\t\t\t\t\t<h1 class=\"elementor-heading-title elementor-size-default\">Semaine des soins infirmiers<\/h1>\t\t\t\t<\/div>\n\t\t\t\t<\/div>\n\t\t\t\t\t<\/div>\n\t\t<\/div>\n\t\t\t\t\t<\/div>\n\t\t<\/section>\n\t\t\t\t\t<\/div>\n\t\t<\/div>\n\t\t\t\t\t<\/div>\n\t\t<\/section>\n\t\t<div class=\"elementor-element elementor-element-a9cb03b pt-50 e-flex e-con-boxed e-con e-parent\" data-id=\"a9cb03b\" data-element_type=\"container\" data-e-type=\"container\">\n\t\t\t\t\t<div class=\"e-con-inner\">\n\t\t\t\t<div class=\"elementor-element elementor-element-cc0cb31 elementor-widget__width-initial elementor-alert-info elementor-widget elementor-widget-alert\" data-id=\"cc0cb31\" data-element_type=\"widget\" data-e-type=\"widget\" data-widget_type=\"alert.default\">\n\t\t\t\t<div class=\"elementor-widget-container\">\n\t\t\t\t\t\t\t<div class=\"elementor-alert\" role=\"alert\">\n\n\t\t\t\t\t\t<span class=\"elementor-alert-title\">Having trouble with making your online donation?<\/span>\n\t\t\t\n\t\t\t\t\t\t<span class=\"elementor-alert-description\">We would be happy to assist you either by phone at <a href=\"tel:613-696-7030\">613-696-7030<\/a> or by email at <a href=\"mailto:foundation@ottawaheart.ca\">foundation@ottawaheart.ca<\/a>.\n<\/span>\n\t\t\t\n\t\t\t\t\t\t<button type=\"button\" class=\"elementor-alert-dismiss\" aria-label=\"Ignorer cette alerte.\">\n\t\t\t\t\t\t\t\t\t<span aria-hidden=\"true\">&times;<\/span>\n\t\t\t\t\t\t\t<\/button>\n\t\t\t\n\t\t<\/div>\n\t\t\t\t\t\t<\/div>\n\t\t\t\t<\/div>\n\t\t<div class=\"elementor-element elementor-element-c3d991c e-con-full e-flex e-con e-child\" data-id=\"c3d991c\" data-element_type=\"container\" data-e-type=\"container\" data-settings=\"{&quot;background_background&quot;:&quot;classic&quot;}\">\n\t\t<div class=\"elementor-element elementor-element-a05679d e-flex e-con-boxed e-con e-child\" data-id=\"a05679d\" data-element_type=\"container\" data-e-type=\"container\" data-settings=\"{&quot;background_background&quot;:&quot;classic&quot;}\">\n\t\t\t\t\t<div class=\"e-con-inner\">\n\t\t\t\t<div class=\"elementor-element elementor-element-f759a1d elementor-hidden-tablet_extra elementor-hidden-tablet elementor-hidden-mobile_extra elementor-hidden-mobile elementor-widget elementor-widget-text-editor\" data-id=\"f759a1d\" data-element_type=\"widget\" data-e-type=\"widget\" data-widget_type=\"text-editor.default\">\n\t\t\t\t<div class=\"elementor-widget-container\">\n\t\t\t\t\t\t\t\t\t<p>En cette Semaine nationale des soins infirmiers, nous vous invitons \u00e0 reconna\u00eetre et appuyer toutes les infirmi\u00e8res et tous les infirmiers qui s\u2019affairent en arri\u00e8re-sc\u00e8ne et dans les salles d\u2019op\u00e9ration \u00e0 sauver des vies.<\/p>\t\t\t\t\t\t\t\t<\/div>\n\t\t\t\t<\/div>\n\t\t\t\t<div class=\"elementor-element elementor-element-8245fb4 elementor-hidden-tablet elementor-hidden-mobile_extra elementor-hidden-mobile elementor-widget elementor-widget-text-editor\" data-id=\"8245fb4\" data-element_type=\"widget\" data-e-type=\"widget\" data-widget_type=\"text-editor.default\">\n\t\t\t\t<div class=\"elementor-widget-container\">\n\t\t\t\t\t\t\t\t\t<p><strong>Aujourd&rsquo;hui et toute la semaine, les dons sont \u00e9gal\u00e9s par la famille Grass.<\/strong><\/p>\t\t\t\t\t\t\t\t<\/div>\n\t\t\t\t<\/div>\n\t\t\t\t<div class=\"elementor-element elementor-element-c86d58b elementor-hidden-widescreen elementor-hidden-desktop elementor-hidden-laptop elementor-hidden-tablet_extra elementor-widget elementor-widget-text-editor\" data-id=\"c86d58b\" data-element_type=\"widget\" data-e-type=\"widget\" data-widget_type=\"text-editor.default\">\n\t\t\t\t<div class=\"elementor-widget-container\">\n\t\t\t\t\t\t\t\t\t<p><strong>Cette semaine nationale des soins infirmers, les dons sont \u00e9gal\u00e9s par la famille Grass.<\/strong><\/p>\t\t\t\t\t\t\t\t<\/div>\n\t\t\t\t<\/div>\n\t\t\t\t<div class=\"elementor-element elementor-element-d953632 elementor-widget__width-initial elementor-widget elementor-widget-html\" data-id=\"d953632\" data-element_type=\"widget\" data-e-type=\"widget\" data-widget_type=\"html.default\">\n\t\t\t\t<div class=\"elementor-widget-container\">\n\t\t\t\t\t<div id=\"blackbaud-donation-form_9a79c55c-e624-4047-98e5-fc2e3f4f1e3e\"><\/div>\r\n        <script src=\"https:\/\/sky.blackbaudcdn.net\/static\/donor-form-loader\/2\/main.js\"><\/script>\r\n        <script>BBDonorFormLoader.newBlackbaudDonationFormZoned('renxt', 'p-cegoxbK_F0Kgt4zC3Qjmhw', '9a79c55c-e624-4047-98e5-fc2e3f4f1e3e', 'can')<\/script>\t\t\t\t<\/div>\n\t\t\t\t<\/div>\n\t\t\t\t\t<\/div>\n\t\t\t\t<\/div>\n\t\t<div class=\"elementor-element elementor-element-dc2843a e-con-full wm-right-container elementor-hidden-tablet elementor-hidden-mobile_extra elementor-hidden-mobile e-flex e-con e-child\" data-id=\"dc2843a\" data-element_type=\"container\" data-e-type=\"container\" data-settings=\"{&quot;sticky_offset_tablet_extra&quot;:150,&quot;sticky_parent&quot;:&quot;yes&quot;,&quot;sticky&quot;:&quot;bottom&quot;,&quot;sticky_on&quot;:[&quot;widescreen&quot;,&quot;desktop&quot;,&quot;laptop&quot;,&quot;tablet_extra&quot;],&quot;sticky_offset&quot;:80,&quot;sticky_effects_offset&quot;:0,&quot;sticky_anchor_link_offset&quot;:0}\">\n\t\t\t\t<div class=\"elementor-element elementor-element-2393826 elementor-widget__width-initial elementor-widget elementor-widget-image\" data-id=\"2393826\" data-element_type=\"widget\" data-e-type=\"widget\" data-widget_type=\"image.default\">\n\t\t\t\t<div class=\"elementor-widget-container\">\n\t\t\t\t\t\t\t\t\t\t\t\t\t\t\t\t<a href=\"https:\/\/foundation.ottawaheart.ca\/fr\/story\/appuyez-nos-heroines-et-heros-du-quotidien-le-personnel-infirmier\/\">\n\t\t\t\t\t\t\t<img fetchpriority=\"high\" decoding=\"async\" width=\"800\" height=\"598\" src=\"https:\/\/foundation.ottawaheart.ca\/wp-content\/uploads\/2025\/05\/Nursing-Week-Side-Image-2-FR.png\" class=\"attachment-large size-large wp-image-19447\" alt=\"Semaine des soins infirmi\u00e8rs\" srcset=\"https:\/\/foundation.ottawaheart.ca\/wp-content\/uploads\/2025\/05\/Nursing-Week-Side-Image-2-FR.png 936w, https:\/\/foundation.ottawaheart.ca\/wp-content\/uploads\/2025\/05\/Nursing-Week-Side-Image-2-FR-300x224.png 300w, https:\/\/foundation.ottawaheart.ca\/wp-content\/uploads\/2025\/05\/Nursing-Week-Side-Image-2-FR-768x574.png 768w\" sizes=\"(max-width: 800px) 100vw, 800px\" \/>\t\t\t\t\t\t\t\t<\/a>\n\t\t\t\t\t\t\t\t\t\t\t\t\t\t\t<\/div>\n\t\t\t\t<\/div>\n\t\t\t\t<\/div>\n\t\t\t\t<\/div>\n\t\t\t\t\t<\/div>\n\t\t\t\t<\/div>\n\t\t\t\t<\/div>\n\t\t","protected":false},"excerpt":{"rendered":"<p>Semaine des soins infirmiers Having trouble with making your online donation? We would be happy to assist you either by phone at 613-696-7030 or by email at foundation@ottawaheart.ca. &times; En [&hellip;]<\/p>\n","protected":false},"author":6,"featured_media":0,"parent":0,"menu_order":0,"comment_status":"closed","ping_status":"closed","template":"","meta":{"_acf_changed":false,"footnotes":""},"class_list":["post-19204","page","type-page","status-publish","hentry"],"acf":[],"yoast_head":"<!-- This site is optimized with the Yoast SEO Premium plugin v22.2 (Yoast SEO v27.0) - https:\/\/yoast.com\/product\/yoast-seo-premium-wordpress\/ -->\n<title>Semaine nationale des soins infirmiers - uOttawa - Heart Institute<\/title>\n<meta name=\"description\" content=\"En cette Semaine nationale des soins infirmiers, nous vous invitons \u00e0 reconna\u00eetre et appuyer toutes les infirmi\u00e8res et tous les infirmiers qui s\u2019affairent en arri\u00e8re-sc\u00e8ne et dans les salles d\u2019op\u00e9ration \u00e0 sauver des vies.\" \/>\n<meta name=\"robots\" content=\"index, follow, max-snippet:-1, max-image-preview:large, max-video-preview:-1\" \/>\n<link rel=\"canonical\" href=\"https:\/\/foundation.ottawaheart.ca\/fr\/semaine-nationale-des-soins-infirmiers\/\" \/>\n<meta property=\"og:locale\" content=\"fr_FR\" \/>\n<meta property=\"og:type\" content=\"article\" \/>\n<meta property=\"og:title\" content=\"Semaine nationale des soins infirmiers\" \/>\n<meta property=\"og:description\" content=\"En cette Semaine nationale des soins infirmiers, nous vous invitons \u00e0 reconna\u00eetre et appuyer toutes les infirmi\u00e8res et tous les infirmiers qui s\u2019affairent en arri\u00e8re-sc\u00e8ne et dans les salles d\u2019op\u00e9ration \u00e0 sauver des vies.\" \/>\n<meta property=\"og:url\" content=\"https:\/\/foundation.ottawaheart.ca\/fr\/semaine-nationale-des-soins-infirmiers\/\" \/>\n<meta property=\"og:site_name\" content=\"uOttawa - Heart Institute\" \/>\n<meta property=\"article:publisher\" content=\"https:\/\/www.facebook.com\/heartinstitutefoundation\/\" \/>\n<meta property=\"article:modified_time\" content=\"2025-05-08T19:36:47+00:00\" \/>\n<meta property=\"og:image\" content=\"https:\/\/foundation.ottawaheart.ca\/wp-content\/uploads\/2025\/05\/Nursing-Week-Side-Image-2-FR.png\" \/>\n\t<meta property=\"og:image:width\" content=\"936\" \/>\n\t<meta property=\"og:image:height\" content=\"700\" \/>\n\t<meta property=\"og:image:type\" content=\"image\/png\" \/>\n<meta name=\"twitter:card\" content=\"summary_large_image\" \/>\n<meta name=\"twitter:site\" content=\"@HeartFDN\" \/>\n<meta name=\"twitter:label1\" content=\"Dur\u00e9e de lecture estim\u00e9e\" \/>\n\t<meta name=\"twitter:data1\" content=\"1 minute\" \/>\n<script type=\"application\/ld+json\" class=\"yoast-schema-graph\">{\"@context\":\"https:\/\/schema.org\",\"@graph\":[{\"@type\":\"WebPage\",\"@id\":\"https:\/\/foundation.ottawaheart.ca\/fr\/semaine-nationale-des-soins-infirmiers\/\",\"url\":\"https:\/\/foundation.ottawaheart.ca\/fr\/semaine-nationale-des-soins-infirmiers\/\",\"name\":\"Semaine nationale des soins infirmiers - uOttawa - Heart Institute\",\"isPartOf\":{\"@id\":\"https:\/\/foundation.ottawaheart.ca\/#website\"},\"primaryImageOfPage\":{\"@id\":\"https:\/\/foundation.ottawaheart.ca\/fr\/semaine-nationale-des-soins-infirmiers\/#primaryimage\"},\"image\":{\"@id\":\"https:\/\/foundation.ottawaheart.ca\/fr\/semaine-nationale-des-soins-infirmiers\/#primaryimage\"},\"thumbnailUrl\":\"https:\/\/foundation.ottawaheart.ca\/wp-content\/uploads\/2025\/05\/Nursing-Week-Side-Image-2-FR.png\",\"datePublished\":\"2025-04-25T18:21:27+00:00\",\"dateModified\":\"2025-05-08T19:36:47+00:00\",\"description\":\"En cette Semaine nationale des soins infirmiers, nous vous invitons \u00e0 reconna\u00eetre et appuyer toutes les infirmi\u00e8res et tous les infirmiers qui s\u2019affairent en arri\u00e8re-sc\u00e8ne et dans les salles d\u2019op\u00e9ration \u00e0 sauver des vies.\",\"breadcrumb\":{\"@id\":\"https:\/\/foundation.ottawaheart.ca\/fr\/semaine-nationale-des-soins-infirmiers\/#breadcrumb\"},\"inLanguage\":\"fr-FR\",\"potentialAction\":[{\"@type\":\"ReadAction\",\"target\":[\"https:\/\/foundation.ottawaheart.ca\/fr\/semaine-nationale-des-soins-infirmiers\/\"]}]},{\"@type\":\"ImageObject\",\"inLanguage\":\"fr-FR\",\"@id\":\"https:\/\/foundation.ottawaheart.ca\/fr\/semaine-nationale-des-soins-infirmiers\/#primaryimage\",\"url\":\"https:\/\/foundation.ottawaheart.ca\/wp-content\/uploads\/2025\/05\/Nursing-Week-Side-Image-2-FR.png\",\"contentUrl\":\"https:\/\/foundation.ottawaheart.ca\/wp-content\/uploads\/2025\/05\/Nursing-Week-Side-Image-2-FR.png\"},{\"@type\":\"BreadcrumbList\",\"@id\":\"https:\/\/foundation.ottawaheart.ca\/fr\/semaine-nationale-des-soins-infirmiers\/#breadcrumb\",\"itemListElement\":[{\"@type\":\"ListItem\",\"position\":1,\"name\":\"Home\",\"item\":\"https:\/\/foundation.ottawaheart.ca\/fr\/\"},{\"@type\":\"ListItem\",\"position\":2,\"name\":\"Semaine nationale des soins infirmiers\"}]},{\"@type\":\"WebSite\",\"@id\":\"https:\/\/foundation.ottawaheart.ca\/#website\",\"url\":\"https:\/\/foundation.ottawaheart.ca\/\",\"name\":\"uOttawa - Heart Institute\",\"description\":\"\",\"publisher\":{\"@id\":\"https:\/\/foundation.ottawaheart.ca\/#organization\"},\"potentialAction\":[{\"@type\":\"SearchAction\",\"target\":{\"@type\":\"EntryPoint\",\"urlTemplate\":\"https:\/\/foundation.ottawaheart.ca\/?s={search_term_string}\"},\"query-input\":{\"@type\":\"PropertyValueSpecification\",\"valueRequired\":true,\"valueName\":\"search_term_string\"}}],\"inLanguage\":\"fr-FR\"},{\"@type\":\"Organization\",\"@id\":\"https:\/\/foundation.ottawaheart.ca\/#organization\",\"name\":\"uOttawa - Heart Institute\",\"url\":\"https:\/\/foundation.ottawaheart.ca\/\",\"logo\":{\"@type\":\"ImageObject\",\"inLanguage\":\"fr-FR\",\"@id\":\"https:\/\/foundation.ottawaheart.ca\/#\/schema\/logo\/image\/\",\"url\":\"https:\/\/foundation.ottawaheart.ca\/wp-content\/uploads\/2023\/07\/logo-3.png\",\"contentUrl\":\"https:\/\/foundation.ottawaheart.ca\/wp-content\/uploads\/2023\/07\/logo-3.png\",\"width\":385,\"height\":84,\"caption\":\"uOttawa - Heart Institute\"},\"image\":{\"@id\":\"https:\/\/foundation.ottawaheart.ca\/#\/schema\/logo\/image\/\"},\"sameAs\":[\"https:\/\/www.facebook.com\/heartinstitutefoundation\/\",\"https:\/\/x.com\/HeartFDN\",\"https:\/\/www.instagram.com\/heartinstitutefoundation\/\",\"https:\/\/www.linkedin.com\/company\/the-university-of-ottawa-heart-institute-foundation\"]}]}<\/script>\n<!-- \/ Yoast SEO Premium plugin. -->","yoast_head_json":{"title":"Semaine nationale des soins infirmiers - uOttawa - Heart Institute","description":"En cette Semaine nationale des soins infirmiers, nous vous invitons \u00e0 reconna\u00eetre et appuyer toutes les infirmi\u00e8res et tous les infirmiers qui s\u2019affairent en arri\u00e8re-sc\u00e8ne et dans les salles d\u2019op\u00e9ration \u00e0 sauver des vies.","robots":{"index":"index","follow":"follow","max-snippet":"max-snippet:-1","max-image-preview":"max-image-preview:large","max-video-preview":"max-video-preview:-1"},"canonical":"https:\/\/foundation.ottawaheart.ca\/fr\/semaine-nationale-des-soins-infirmiers\/","og_locale":"fr_FR","og_type":"article","og_title":"Semaine nationale des soins infirmiers","og_description":"En cette Semaine nationale des soins infirmiers, nous vous invitons \u00e0 reconna\u00eetre et appuyer toutes les infirmi\u00e8res et tous les infirmiers qui s\u2019affairent en arri\u00e8re-sc\u00e8ne et dans les salles d\u2019op\u00e9ration \u00e0 sauver des vies.","og_url":"https:\/\/foundation.ottawaheart.ca\/fr\/semaine-nationale-des-soins-infirmiers\/","og_site_name":"uOttawa - Heart Institute","article_publisher":"https:\/\/www.facebook.com\/heartinstitutefoundation\/","article_modified_time":"2025-05-08T19:36:47+00:00","og_image":[{"width":936,"height":700,"url":"https:\/\/foundation.ottawaheart.ca\/wp-content\/uploads\/2025\/05\/Nursing-Week-Side-Image-2-FR.png","type":"image\/png"}],"twitter_card":"summary_large_image","twitter_site":"@HeartFDN","twitter_misc":{"Dur\u00e9e de lecture estim\u00e9e":"1 minute"},"schema":{"@context":"https:\/\/schema.org","@graph":[{"@type":"WebPage","@id":"https:\/\/foundation.ottawaheart.ca\/fr\/semaine-nationale-des-soins-infirmiers\/","url":"https:\/\/foundation.ottawaheart.ca\/fr\/semaine-nationale-des-soins-infirmiers\/","name":"Semaine nationale des soins infirmiers - uOttawa - Heart Institute","isPartOf":{"@id":"https:\/\/foundation.ottawaheart.ca\/#website"},"primaryImageOfPage":{"@id":"https:\/\/foundation.ottawaheart.ca\/fr\/semaine-nationale-des-soins-infirmiers\/#primaryimage"},"image":{"@id":"https:\/\/foundation.ottawaheart.ca\/fr\/semaine-nationale-des-soins-infirmiers\/#primaryimage"},"thumbnailUrl":"https:\/\/foundation.ottawaheart.ca\/wp-content\/uploads\/2025\/05\/Nursing-Week-Side-Image-2-FR.png","datePublished":"2025-04-25T18:21:27+00:00","dateModified":"2025-05-08T19:36:47+00:00","description":"En cette Semaine nationale des soins infirmiers, nous vous invitons \u00e0 reconna\u00eetre et appuyer toutes les infirmi\u00e8res et tous les infirmiers qui s\u2019affairent en arri\u00e8re-sc\u00e8ne et dans les salles d\u2019op\u00e9ration \u00e0 sauver des vies.","breadcrumb":{"@id":"https:\/\/foundation.ottawaheart.ca\/fr\/semaine-nationale-des-soins-infirmiers\/#breadcrumb"},"inLanguage":"fr-FR","potentialAction":[{"@type":"ReadAction","target":["https:\/\/foundation.ottawaheart.ca\/fr\/semaine-nationale-des-soins-infirmiers\/"]}]},{"@type":"ImageObject","inLanguage":"fr-FR","@id":"https:\/\/foundation.ottawaheart.ca\/fr\/semaine-nationale-des-soins-infirmiers\/#primaryimage","url":"https:\/\/foundation.ottawaheart.ca\/wp-content\/uploads\/2025\/05\/Nursing-Week-Side-Image-2-FR.png","contentUrl":"https:\/\/foundation.ottawaheart.ca\/wp-content\/uploads\/2025\/05\/Nursing-Week-Side-Image-2-FR.png"},{"@type":"BreadcrumbList","@id":"https:\/\/foundation.ottawaheart.ca\/fr\/semaine-nationale-des-soins-infirmiers\/#breadcrumb","itemListElement":[{"@type":"ListItem","position":1,"name":"Home","item":"https:\/\/foundation.ottawaheart.ca\/fr\/"},{"@type":"ListItem","position":2,"name":"Semaine nationale des soins infirmiers"}]},{"@type":"WebSite","@id":"https:\/\/foundation.ottawaheart.ca\/#website","url":"https:\/\/foundation.ottawaheart.ca\/","name":"uOttawa - Heart Institute","description":"","publisher":{"@id":"https:\/\/foundation.ottawaheart.ca\/#organization"},"potentialAction":[{"@type":"SearchAction","target":{"@type":"EntryPoint","urlTemplate":"https:\/\/foundation.ottawaheart.ca\/?s={search_term_string}"},"query-input":{"@type":"PropertyValueSpecification","valueRequired":true,"valueName":"search_term_string"}}],"inLanguage":"fr-FR"},{"@type":"Organization","@id":"https:\/\/foundation.ottawaheart.ca\/#organization","name":"uOttawa - Heart Institute","url":"https:\/\/foundation.ottawaheart.ca\/","logo":{"@type":"ImageObject","inLanguage":"fr-FR","@id":"https:\/\/foundation.ottawaheart.ca\/#\/schema\/logo\/image\/","url":"https:\/\/foundation.ottawaheart.ca\/wp-content\/uploads\/2023\/07\/logo-3.png","contentUrl":"https:\/\/foundation.ottawaheart.ca\/wp-content\/uploads\/2023\/07\/logo-3.png","width":385,"height":84,"caption":"uOttawa - Heart Institute"},"image":{"@id":"https:\/\/foundation.ottawaheart.ca\/#\/schema\/logo\/image\/"},"sameAs":["https:\/\/www.facebook.com\/heartinstitutefoundation\/","https:\/\/x.com\/HeartFDN","https:\/\/www.instagram.com\/heartinstitutefoundation\/","https:\/\/www.linkedin.com\/company\/the-university-of-ottawa-heart-institute-foundation"]}]}},"_links":{"self":[{"href":"https:\/\/foundation.ottawaheart.ca\/fr\/wp-json\/wp\/v2\/pages\/19204","targetHints":{"allow":["GET"]}}],"collection":[{"href":"https:\/\/foundation.ottawaheart.ca\/fr\/wp-json\/wp\/v2\/pages"}],"about":[{"href":"https:\/\/foundation.ottawaheart.ca\/fr\/wp-json\/wp\/v2\/types\/page"}],"author":[{"embeddable":true,"href":"https:\/\/foundation.ottawaheart.ca\/fr\/wp-json\/wp\/v2\/users\/6"}],"replies":[{"embeddable":true,"href":"https:\/\/foundation.ottawaheart.ca\/fr\/wp-json\/wp\/v2\/comments?post=19204"}],"version-history":[{"count":16,"href":"https:\/\/foundation.ottawaheart.ca\/fr\/wp-json\/wp\/v2\/pages\/19204\/revisions"}],"predecessor-version":[{"id":19451,"href":"https:\/\/foundation.ottawaheart.ca\/fr\/wp-json\/wp\/v2\/pages\/19204\/revisions\/19451"}],"wp:attachment":[{"href":"https:\/\/foundation.ottawaheart.ca\/fr\/wp-json\/wp\/v2\/media?parent=19204"}],"curies":[{"name":"wp","href":"https:\/\/api.w.org\/{rel}","templated":true}]}}